{"id":2008,"date":"2025-10-15T20:09:33","date_gmt":"2025-10-15T18:09:33","guid":{"rendered":"https:\/\/mustadautoline.com\/frigjoring-av-grunnlinen-som-har-satt-seg-fast\/"},"modified":"2025-10-15T20:09:33","modified_gmt":"2025-10-15T18:09:33","slug":"frigjoring-av-grunnlinen-som-har-satt-seg-fast","status":"publish","type":"page","link":"https:\/\/mustadautoline.com\/no\/frigjoring-av-grunnlinen-som-har-satt-seg-fast\/","title":{"rendered":"Frigj\u00f8ring av grunnlinen som har satt seg fast"},"content":{"rendered":"<p>Liner hales vanligvis med str\u00f8mmen for \u00e5 gj\u00f8re prosessen enklere og mer produktiv. Hiv alltid jevnt og trutt; hvis du stopper opp, kan b\u00e5ten drive over linen og skape en kurve som kan f\u00f8re til at den vikler seg inn eller hekter seg fast i bunnen. <\/p>\n<p>Hvis linen setter seg fast mens du haler med str\u00f8mmen, vil du allerede ha passert haken n\u00e5r du oppdager det. Dette kan f\u00f8re til en plutselig belastning som kan f\u00f8re til at linen ryker. Skipperen b\u00f8r snu b\u00e5ten og g\u00e5 mot str\u00f8mmen for \u00e5 frigj\u00f8re den.  <\/p>\n<p>N\u00e5r du haler mot str\u00f8mmen, kan du legge merke til at linen trekker seg ut foran n\u00e5r trykket \u00f8ker. Ofte l\u00f8sner linen av seg selv. Hvis ikke, b\u00f8r skipperen justere retningen slik at den f\u00f8lger str\u00f8mmen, eller sirkle rundt stedet der linen henger fast. Mens skipperen arbeider med \u00e5 frigj\u00f8re linen, m\u00e5 du holde \u00f8ye med spenningen og holde skipperen informert.   <\/p>\n<p>Hvis linen fortsatt sitter fast, kan det hende at den m\u00e5 deles. Sikre linen, og hold deg unna mens skipperen sirkler rundt til linen enten knekker eller l\u00f8sner av seg selv. Hvis linen deler seg n\u00e6r overflaten, m\u00e5 du v\u00e6re oppmerksom p\u00e5 at den kan sprette tilbake med stor kraft, s\u00e5 hold deg p\u00e5 trygg avstand.  <\/p>\n","protected":false},"excerpt":{"rendered":"<p>Liner hales vanligvis med str\u00f8mmen for \u00e5 gj\u00f8re prosessen enklere og mer produktiv. Hiv alltid jevnt og trutt; hvis du [&hellip;]<\/p>\n","protected":false},"author":5,"featured_media":0,"parent":0,"menu_order":0,"comment_status":"closed","ping_status":"closed","template":"","meta":{"_acf_changed":false,"footnotes":""},"class_list":["post-2008","page","type-page","status-publish","hentry"],"acf":[],"_links":{"self":[{"href":"https:\/\/mustadautoline.com\/no\/wp-json\/wp\/v2\/pages\/2008","targetHints":{"allow":["GET"]}}],"collection":[{"href":"https:\/\/mustadautoline.com\/no\/wp-json\/wp\/v2\/pages"}],"about":[{"href":"https:\/\/mustadautoline.com\/no\/wp-json\/wp\/v2\/types\/page"}],"author":[{"embeddable":true,"href":"https:\/\/mustadautoline.com\/no\/wp-json\/wp\/v2\/users\/5"}],"replies":[{"embeddable":true,"href":"https:\/\/mustadautoline.com\/no\/wp-json\/wp\/v2\/comments?post=2008"}],"version-history":[{"count":0,"href":"https:\/\/mustadautoline.com\/no\/wp-json\/wp\/v2\/pages\/2008\/revisions"}],"wp:attachment":[{"href":"https:\/\/mustadautoline.com\/no\/wp-json\/wp\/v2\/media?parent=2008"}],"curies":[{"name":"wp","href":"https:\/\/api.w.org\/{rel}","templated":true}]}}