{"id":2009,"date":"2025-10-15T20:14:00","date_gmt":"2025-10-15T18:14:00","guid":{"rendered":"https:\/\/mustadautoline.com\/handtering-av-kroker\/"},"modified":"2025-10-15T20:14:00","modified_gmt":"2025-10-15T18:14:00","slug":"handtering-av-kroker","status":"publish","type":"page","link":"https:\/\/mustadautoline.com\/no\/handtering-av-kroker\/","title":{"rendered":"H\u00e5ndtering av kroker"},"content":{"rendered":"<p>Krokene skal v\u00e6re skarpe og riktig formet, da spissene er avgj\u00f8rende for \u00e5 fange fisk. Hvis krokene er i d\u00e5rlig stand, merkes det umiddelbart. Hvis de begynner \u00e5 rette seg ut, vil spissene ikke klare \u00e5 trenge gjennom n\u00e5r det er spenning i sn\u00f8ret.  <\/p>\n<p>For \u00e5 lykkes med agnfisket m\u00e5 krokene ha riktig form for \u00e5 treffe agnet riktig. Offset-kroker m\u00e5 ha riktig offset for \u00e5 sikre at de treffer agnet p\u00e5 riktig sted, ellers vil agnet falle av. Dette problemet oppst\u00e5r ogs\u00e5 hvis rette kroker er feil forskj\u00f8vet. (??)   <\/p>\n<p>I tillegg m\u00e5 du kontrollere at sn\u00f8rene ikke er viklet mer enn \u00e9n gang rundt linen eller sitter fast i et halvt hugg. Sjekk ogs\u00e5 l\u00f8kkene som forbinder krokene med sn\u00f8rene. Hvis du bruker tvinnede snodd, skal de trekkes opp rundt seg selv og ikke gli ned rundt skaftet. (??)   <\/p>\n<p>For \u00e5 vedlikeholde kroker p\u00e5 riktig m\u00e5te trenger du en krokkorrektor. Med dette lille verkt\u00f8yet kan du b\u00f8ye kroken tilbake til riktig form. Med en god krokkorrektor kan du justere b\u00f8yen, spissen og graden av forskyvning i \u00e9n og samme operasjon. N\u00e5r du omformer en krok, m\u00e5 du ogs\u00e5 sjekke om skaftet er b\u00f8yd, noe som kan skyldes at kroken har satt seg fast i vinsjen. En krokkorrektor av h\u00f8y kvalitet kan ogs\u00e5 rette opp dette problemet. (Relevant lenger?).     <\/p>\n","protected":false},"excerpt":{"rendered":"<p>Krokene skal v\u00e6re skarpe og riktig formet, da spissene er avgj\u00f8rende for \u00e5 fange fisk. Hvis krokene er i d\u00e5rlig [&hellip;]<\/p>\n","protected":false},"author":5,"featured_media":0,"parent":0,"menu_order":0,"comment_status":"closed","ping_status":"closed","template":"","meta":{"_acf_changed":false,"footnotes":""},"class_list":["post-2009","page","type-page","status-publish","hentry"],"acf":[],"_links":{"self":[{"href":"https:\/\/mustadautoline.com\/no\/wp-json\/wp\/v2\/pages\/2009","targetHints":{"allow":["GET"]}}],"collection":[{"href":"https:\/\/mustadautoline.com\/no\/wp-json\/wp\/v2\/pages"}],"about":[{"href":"https:\/\/mustadautoline.com\/no\/wp-json\/wp\/v2\/types\/page"}],"author":[{"embeddable":true,"href":"https:\/\/mustadautoline.com\/no\/wp-json\/wp\/v2\/users\/5"}],"replies":[{"embeddable":true,"href":"https:\/\/mustadautoline.com\/no\/wp-json\/wp\/v2\/comments?post=2009"}],"version-history":[{"count":0,"href":"https:\/\/mustadautoline.com\/no\/wp-json\/wp\/v2\/pages\/2009\/revisions"}],"wp:attachment":[{"href":"https:\/\/mustadautoline.com\/no\/wp-json\/wp\/v2\/media?parent=2009"}],"curies":[{"name":"wp","href":"https:\/\/api.w.org\/{rel}","templated":true}]}}