{"id":2012,"date":"2025-10-15T20:08:45","date_gmt":"2025-10-15T18:08:45","guid":{"rendered":"https:\/\/mustadautoline.com\/blodning\/"},"modified":"2025-10-15T20:08:45","modified_gmt":"2025-10-15T18:08:45","slug":"blodning","status":"publish","type":"page","link":"https:\/\/mustadautoline.com\/no\/blodning\/","title":{"rendered":"Bl\u00f8dning"},"content":{"rendered":"<p>S\u00f8rg for at du har en avbl\u00f8dningskniv lett tilgjengelig. Ta tak i kniven og snu fisken med buken opp, og legg halsen mot kanten av sl\u00f8yekassen. Mens du holder gaffa i fiskens skalle, skj\u00e6rer du over strupen fra gjelle til gjelle og lar fisken gli ned i beholderen. Med denne metoden kan du behandle 400-500 kilo fisk i timen hvis fisken veier mellom 2 og 4 kilo hver. Hvis fisken kommer opp i rask rekkef\u00f8lge, kan du gaffle den og plassere den i en mellomkasse for senere h\u00e5ndtering.    <\/p>\n<p>&nbsp;<\/p>\n","protected":false},"excerpt":{"rendered":"<p>S\u00f8rg for at du har en avbl\u00f8dningskniv lett tilgjengelig. Ta tak i kniven og snu fisken med buken opp, og [&hellip;]<\/p>\n","protected":false},"author":5,"featured_media":0,"parent":0,"menu_order":0,"comment_status":"closed","ping_status":"closed","template":"","meta":{"_acf_changed":false,"footnotes":""},"class_list":["post-2012","page","type-page","status-publish","hentry"],"acf":[],"_links":{"self":[{"href":"https:\/\/mustadautoline.com\/no\/wp-json\/wp\/v2\/pages\/2012","targetHints":{"allow":["GET"]}}],"collection":[{"href":"https:\/\/mustadautoline.com\/no\/wp-json\/wp\/v2\/pages"}],"about":[{"href":"https:\/\/mustadautoline.com\/no\/wp-json\/wp\/v2\/types\/page"}],"author":[{"embeddable":true,"href":"https:\/\/mustadautoline.com\/no\/wp-json\/wp\/v2\/users\/5"}],"replies":[{"embeddable":true,"href":"https:\/\/mustadautoline.com\/no\/wp-json\/wp\/v2\/comments?post=2012"}],"version-history":[{"count":0,"href":"https:\/\/mustadautoline.com\/no\/wp-json\/wp\/v2\/pages\/2012\/revisions"}],"wp:attachment":[{"href":"https:\/\/mustadautoline.com\/no\/wp-json\/wp\/v2\/media?parent=2012"}],"curies":[{"name":"wp","href":"https:\/\/api.w.org\/{rel}","templated":true}]}}