{"id":2013,"date":"2025-10-15T21:22:52","date_gmt":"2025-10-15T19:22:52","guid":{"rendered":"https:\/\/mustadautoline.com\/snodden\/"},"modified":"2025-10-17T10:07:24","modified_gmt":"2025-10-17T08:07:24","slug":"snodden","status":"publish","type":"page","link":"https:\/\/mustadautoline.com\/no\/snodden\/","title":{"rendered":"Snodden"},"content":{"rendered":"<div class=\"wpb-content-wrapper\"><p>[vc_row][vc_column][vc_column_text uncode_shortcode_id=&raquo;122523&#8243;]Sn\u00f8ret, ogs\u00e5 kalt forfang, gangion eller grenline, er den korte linen som forbinder kroken med grunnlinen. Den er vanligvis laget av sterke materialer som tvunnet eller flettet nylon (polyamid) eller polyester, og tykkelsen og lengden varierer avhengig av hvilken type fisk man fisker etter. For \u00e5 unng\u00e5 at sn\u00f8ret floker seg med grunnlinen, er sn\u00f8rene ofte behandlet med en blanding av olje og lakk, noe som gj\u00f8r dem stivere og lettere \u00e5 h\u00e5ndtere.   Snoods finnes i forskjellige st\u00f8rrelser for \u00e5 matche ulike kroktyper og fiskebehov. Den mest brukte kroken er EC-kroken, som finnes i st\u00f8rrelsene 11\/0, 12\/0, 13\/0, 14\/0 og 15\/0.[\/vc_column_text][\/vc_column][\/vc_row][vc_row][vc_column width=&raquo;1\/1&#8243;][vc_single_image media=&raquo;1616&#8243; media_width_percent=&raquo;43&#8243; uncode_shortcode_id=&raquo;178542&#8243;][\/vc_column][\/vc_row]<\/p>\n<\/div>","protected":false},"excerpt":{"rendered":"<p>[vc_row][vc_column][vc_column_text uncode_shortcode_id=&raquo;122523&#8243;]Sn\u00f8ret, ogs\u00e5 kalt forfang, gangion eller grenline, er den korte linen som forbinder kroken med grunnlinen. Den er vanligvis [&hellip;]<\/p>\n","protected":false},"author":5,"featured_media":0,"parent":0,"menu_order":0,"comment_status":"closed","ping_status":"closed","template":"","meta":{"_acf_changed":false,"footnotes":""},"class_list":["post-2013","page","type-page","status-publish","hentry"],"acf":[],"_links":{"self":[{"href":"https:\/\/mustadautoline.com\/no\/wp-json\/wp\/v2\/pages\/2013","targetHints":{"allow":["GET"]}}],"collection":[{"href":"https:\/\/mustadautoline.com\/no\/wp-json\/wp\/v2\/pages"}],"about":[{"href":"https:\/\/mustadautoline.com\/no\/wp-json\/wp\/v2\/types\/page"}],"author":[{"embeddable":true,"href":"https:\/\/mustadautoline.com\/no\/wp-json\/wp\/v2\/users\/5"}],"replies":[{"embeddable":true,"href":"https:\/\/mustadautoline.com\/no\/wp-json\/wp\/v2\/comments?post=2013"}],"version-history":[{"count":0,"href":"https:\/\/mustadautoline.com\/no\/wp-json\/wp\/v2\/pages\/2013\/revisions"}],"wp:attachment":[{"href":"https:\/\/mustadautoline.com\/no\/wp-json\/wp\/v2\/media?parent=2013"}],"curies":[{"name":"wp","href":"https:\/\/api.w.org\/{rel}","templated":true}]}}