{"id":2015,"date":"2025-10-15T20:06:14","date_gmt":"2025-10-15T18:06:14","guid":{"rendered":"https:\/\/mustadautoline.com\/gaffling-og-fjerning-av-kroker\/"},"modified":"2025-10-15T20:06:14","modified_gmt":"2025-10-15T18:06:14","slug":"gaffling-og-fjerning-av-kroker","status":"publish","type":"page","link":"https:\/\/mustadautoline.com\/no\/gaffling-og-fjerning-av-kroker\/","title":{"rendered":"Gaffling og fjerning av kroker"},"content":{"rendered":"<p>Gaff fisk kun i hodet, da denne delen skal fjernes senere. \u00c5 stikke hull i kroppen for\u00e5rsaker bl\u00e5merker som m\u00e5 skj\u00e6res bort, og skaper inngangsporter for bakterier. Linefanget fisk verdsettes h\u00f8yere p\u00e5 grunn av sin overlegne kvalitet, s\u00e5 unng\u00e5 un\u00f8dvendige skader p\u00e5 kroppen for \u00e5 opprettholde dette omd\u00f8mmet.  <\/p>\n<p>All gaffing b\u00f8r gj\u00f8res med vinsjen i gang. Kj\u00f8r gaffelen inn i hodet p\u00e5 fisken, s\u00e5 n\u00e6r vannoverflaten som mulig, og l\u00f8ft den deretter over baksiden av rullene. Hold fisken til sn\u00f8ret strammer seg. Ett av tre utfall vil inntreffe:   <\/p>\n<p>-Den uskadde kroken frigj\u00f8res.<\/p>\n<p>-Kroken retter seg ut f\u00f8r den slippes.<\/p>\n<p>-H\u00e5rsnuten knekker under belastningen, og fisken slippes ut med kroken i.<\/p>\n<p>Unng\u00e5 \u00e5 rykke i snodden n\u00e5r den strammes, da den lett kan g\u00e5 i stykker.<\/p>\n<p>N\u00e5r du fanger kveite eller annen stor fisk, m\u00e5 du stoppe vinsjen og gaffe fisken f\u00f8r den bryter overflaten. Bruk en lang gaffel eller en jerngaffel, avhengig av fiskens type og st\u00f8rrelse. Kveite b\u00f8r gaffes med den lyse siden ned. Sett gaffen under hodet og trekk den mot deg. Den beste tiln\u00e6rmingen er \u00e5 gaffe den i gjelle\u00e5pningene p\u00e5 den lyse undersiden. Unng\u00e5 \u00e5 kj\u00f8re gaffelen inn i kroppen, da dette vil etterlate merker og redusere fiskens markedsverdi. Hold gaffen i skaftet, ikke i h\u00e5ndtaket, for \u00e5 unng\u00e5 skader p\u00e5 h\u00e5ndleddet hvis fisken sl\u00e5r seg mens den fortsatt ligger i vannet.      <\/p>\n<p>Skipperens oppgave er \u00e5 styre b\u00e5ten slik at lina kommer inn i akterenden av rullen, og str\u00f8mmer litt akterover og ut fra skroget. Siden skipperen ikke kan se linene like godt som deg og har andre oppgaver, er det fiskeren p\u00e5 dekk som har ansvaret for \u00e5 formidle hvordan linene ligger og om de er sikre. <\/p>\n","protected":false},"excerpt":{"rendered":"<p>Gaff fisk kun i hodet, da denne delen skal fjernes senere. \u00c5 stikke hull i kroppen for\u00e5rsaker bl\u00e5merker som m\u00e5 [&hellip;]<\/p>\n","protected":false},"author":5,"featured_media":0,"parent":0,"menu_order":0,"comment_status":"closed","ping_status":"closed","template":"","meta":{"_acf_changed":false,"footnotes":""},"class_list":["post-2015","page","type-page","status-publish","hentry"],"acf":[],"_links":{"self":[{"href":"https:\/\/mustadautoline.com\/no\/wp-json\/wp\/v2\/pages\/2015","targetHints":{"allow":["GET"]}}],"collection":[{"href":"https:\/\/mustadautoline.com\/no\/wp-json\/wp\/v2\/pages"}],"about":[{"href":"https:\/\/mustadautoline.com\/no\/wp-json\/wp\/v2\/types\/page"}],"author":[{"embeddable":true,"href":"https:\/\/mustadautoline.com\/no\/wp-json\/wp\/v2\/users\/5"}],"replies":[{"embeddable":true,"href":"https:\/\/mustadautoline.com\/no\/wp-json\/wp\/v2\/comments?post=2015"}],"version-history":[{"count":0,"href":"https:\/\/mustadautoline.com\/no\/wp-json\/wp\/v2\/pages\/2015\/revisions"}],"wp:attachment":[{"href":"https:\/\/mustadautoline.com\/no\/wp-json\/wp\/v2\/media?parent=2015"}],"curies":[{"name":"wp","href":"https:\/\/api.w.org\/{rel}","templated":true}]}}