{"id":2018,"date":"2025-10-15T21:28:45","date_gmt":"2025-10-15T19:28:45","guid":{"rendered":"https:\/\/mustadautoline.com\/svingbare-linjer\/"},"modified":"2025-10-17T10:07:25","modified_gmt":"2025-10-17T08:07:25","slug":"svingbare-linjer","status":"publish","type":"page","link":"https:\/\/mustadautoline.com\/no\/svingbare-linjer\/","title":{"rendered":"Svingbare linjer"},"content":{"rendered":"<div class=\"wpb-content-wrapper\"><p>[vc_row][vc_column][vc_column_text]Arbeidet med \u00e5 rigge og reparere langliner er tidkrevende og kostbart. For \u00e5 effektivisere rigging og reparasjon bruker autolinefisket Svivellines, som finnes i ulike versjoner og dimensjoner.  En svirvelline er en line som er utstyrt med svirvler som kobles til grunnlinen og sn\u00f8rene. Svirvler er sm\u00e5 mekaniske innretninger som gj\u00f8r at linen kan rotere fritt, slik at linen ikke vrir seg og floker seg.  Svivellinene er 180 til 270 meter lange. For havg\u00e5ende fart\u00f8yer er linene 6 til 13,7 mm i diameter med bruddlast fra 630 til 2 300 kg. For kystn\u00e6rt autolinefiske er Svivellinene 5,5 til 7 mm i diameter.[\/vc_column_text][\/vc_column][\/vc_row][vc_row][vc_column width=&raquo;1\/1&#8243;][vc_single_image media=&raquo;1782&#8243; media_width_percent=&raquo;21&#8243; uncode_shortcode_id=&raquo;126451&#8243;][\/vc_column][\/vc_row]<\/p>\n<\/div>","protected":false},"excerpt":{"rendered":"<p>[vc_row][vc_column][vc_column_text]Arbeidet med \u00e5 rigge og reparere langliner er tidkrevende og kostbart. For \u00e5 effektivisere rigging og reparasjon bruker autolinefisket Svivellines, [&hellip;]<\/p>\n","protected":false},"author":5,"featured_media":0,"parent":0,"menu_order":0,"comment_status":"closed","ping_status":"closed","template":"","meta":{"_acf_changed":false,"footnotes":""},"class_list":["post-2018","page","type-page","status-publish","hentry"],"acf":[],"_links":{"self":[{"href":"https:\/\/mustadautoline.com\/no\/wp-json\/wp\/v2\/pages\/2018","targetHints":{"allow":["GET"]}}],"collection":[{"href":"https:\/\/mustadautoline.com\/no\/wp-json\/wp\/v2\/pages"}],"about":[{"href":"https:\/\/mustadautoline.com\/no\/wp-json\/wp\/v2\/types\/page"}],"author":[{"embeddable":true,"href":"https:\/\/mustadautoline.com\/no\/wp-json\/wp\/v2\/users\/5"}],"replies":[{"embeddable":true,"href":"https:\/\/mustadautoline.com\/no\/wp-json\/wp\/v2\/comments?post=2018"}],"version-history":[{"count":0,"href":"https:\/\/mustadautoline.com\/no\/wp-json\/wp\/v2\/pages\/2018\/revisions"}],"wp:attachment":[{"href":"https:\/\/mustadautoline.com\/no\/wp-json\/wp\/v2\/media?parent=2018"}],"curies":[{"name":"wp","href":"https:\/\/api.w.org\/{rel}","templated":true}]}}