{"id":2019,"date":"2025-10-15T21:14:48","date_gmt":"2025-10-15T19:14:48","guid":{"rendered":"https:\/\/mustadautoline.com\/grunnlinjen\/"},"modified":"2025-10-15T21:14:48","modified_gmt":"2025-10-15T19:14:48","slug":"grunnlinjen","status":"publish","type":"page","link":"https:\/\/mustadautoline.com\/no\/grunnlinjen\/","title":{"rendered":"Grunnlinjen"},"content":{"rendered":"<p>Bunnlinen er hovedlinen som brukes i fisket, og til denne er det festet kortere liner med kroker (kalt snodd). Dette oppsettet gj\u00f8r det mulig \u00e5 sette ut mange kroker over et stort omr\u00e5de, noe som \u00f8ker sjansene for \u00e5 fange fisk. Grunnlinen er vanligvis laget av sterke materialer som nylon eller monofilament, og kan strekke seg over flere kilometer. For \u00e5 gj\u00f8re den lettere \u00e5 h\u00e5ndtere og mer slitesterk, blir bunnlinen noen ganger belagt med tj\u00e6re eller en oljeblanding, noe som gj\u00f8r den mer slitesterk og lettere \u00e5 kveile opp og oppbevare.   <\/p>\n<p>Bunnlinen kan tilpasses i lengde og tykkelse for \u00e5 passe til ulike fiskesituasjoner, enten det dreier seg om fisk som torsk og hyse p\u00e5 grunt vann eller dypvannsfisk som Orange Roughy. Materialet og utformingen av bunnlinen kan ogs\u00e5 variere; for eksempel synker en blanding av polyester og nylon raskt og varer lenger, mens polypropylen gj\u00f8r at linen flyter. <\/p>\n<p>Dimensjoner og materialer varierer avhengig av bruksomr\u00e5de, men den er vanligvis laget av tvunnet kunstfiber, enten i polyester (terylen), polyamid (nylon) eller polypropylen. Ulike fibertyper kombineres ofte for \u00e5 gi spesielle kvaliteter. En bunnline laget av en blanding av polyester og polyamid synker for eksempel raskt og har god slitestyrke, mens en bunnline laget av polypropylen flyter. Bunnliner impregneres ofte med tj\u00e6re, eller en blanding av olje og lakk, for \u00e5 \u00f8ke slitestyrken og gj\u00f8re linen lettere \u00e5 kveile. (ER DETTE FORTSATT TILFELLE?)    <\/p>\n","protected":false},"excerpt":{"rendered":"<p>Bunnlinen er hovedlinen som brukes i fisket, og til denne er det festet kortere liner med kroker (kalt snodd). Dette [&hellip;]<\/p>\n","protected":false},"author":5,"featured_media":0,"parent":0,"menu_order":0,"comment_status":"closed","ping_status":"closed","template":"","meta":{"_acf_changed":false,"footnotes":""},"class_list":["post-2019","page","type-page","status-publish","hentry"],"acf":[],"_links":{"self":[{"href":"https:\/\/mustadautoline.com\/no\/wp-json\/wp\/v2\/pages\/2019","targetHints":{"allow":["GET"]}}],"collection":[{"href":"https:\/\/mustadautoline.com\/no\/wp-json\/wp\/v2\/pages"}],"about":[{"href":"https:\/\/mustadautoline.com\/no\/wp-json\/wp\/v2\/types\/page"}],"author":[{"embeddable":true,"href":"https:\/\/mustadautoline.com\/no\/wp-json\/wp\/v2\/users\/5"}],"replies":[{"embeddable":true,"href":"https:\/\/mustadautoline.com\/no\/wp-json\/wp\/v2\/comments?post=2019"}],"version-history":[{"count":0,"href":"https:\/\/mustadautoline.com\/no\/wp-json\/wp\/v2\/pages\/2019\/revisions"}],"wp:attachment":[{"href":"https:\/\/mustadautoline.com\/no\/wp-json\/wp\/v2\/media?parent=2019"}],"curies":[{"name":"wp","href":"https:\/\/api.w.org\/{rel}","templated":true}]}}