{"id":2023,"date":"2025-10-15T22:44:41","date_gmt":"2025-10-15T20:44:41","guid":{"rendered":"https:\/\/mustadautoline.com\/boyer-og-liner\/"},"modified":"2025-10-17T10:07:29","modified_gmt":"2025-10-17T08:07:29","slug":"boyer-og-liner","status":"publish","type":"page","link":"https:\/\/mustadautoline.com\/no\/boyer-og-liner\/","title":{"rendered":"B\u00f8yer og liner"},"content":{"rendered":"<div class=\"wpb-content-wrapper\"><p>[vc_row][vc_column][vc_column_text uncode_shortcode_id=&raquo;428489&#8243;]En b\u00f8ye brukes til \u00e5 markere hvor fiskeredskapene befinner seg, og best\u00e5r vanligvis av en stang, en flott\u00f8r, en vekt, en lysreflektor og ett eller to flagg. Noen b\u00f8yer har ogs\u00e5 et fyrt\u00e5rn eller en radarreflektor for bedre synlighet. B\u00f8yen er festet til en snor, slik at den kan kobles sikkert til resten av fiskeredskapet.  <\/p>\n<p>En b\u00f8ye best\u00e5r av en stang, en flott\u00f8r, en vekt, en lysreflektor, ett eller to flagg og et fyrt\u00e5rn. Noen ganger legges det til en radarreflektor. B\u00f8yen er festet med en snor, slik at den kan festes til resten av utstyret.  <\/p>\n<p>B\u00f8yelinen er linen som forbinder grunnlinen med en b\u00f8ye. Den spiller en viktig rolle i langlinefisket ved \u00e5 markere redskapets posisjon, holde linen p\u00e5 riktig dybde og hindre at den driver ut av posisjon.[\/vc_column_text][\/vc_column][\/vc_row][vc_row][vc_column width=&raquo;1\/1&#8243;][vc_single_image media=&raquo;1776&#8243; media_width_percent=&raquo;15&#8243; uncode_shortcode_id=&raquo;162849&#8243;][\/vc_column][\/vc_row]<\/p>\n<\/div>","protected":false},"excerpt":{"rendered":"<p>[vc_row][vc_column][vc_column_text uncode_shortcode_id=&raquo;428489&#8243;]En b\u00f8ye brukes til \u00e5 markere hvor fiskeredskapene befinner seg, og best\u00e5r vanligvis av en stang, en flott\u00f8r, en [&hellip;]<\/p>\n","protected":false},"author":5,"featured_media":0,"parent":0,"menu_order":0,"comment_status":"closed","ping_status":"closed","template":"","meta":{"_acf_changed":false,"footnotes":""},"class_list":["post-2023","page","type-page","status-publish","hentry"],"acf":[],"_links":{"self":[{"href":"https:\/\/mustadautoline.com\/no\/wp-json\/wp\/v2\/pages\/2023","targetHints":{"allow":["GET"]}}],"collection":[{"href":"https:\/\/mustadautoline.com\/no\/wp-json\/wp\/v2\/pages"}],"about":[{"href":"https:\/\/mustadautoline.com\/no\/wp-json\/wp\/v2\/types\/page"}],"author":[{"embeddable":true,"href":"https:\/\/mustadautoline.com\/no\/wp-json\/wp\/v2\/users\/5"}],"replies":[{"embeddable":true,"href":"https:\/\/mustadautoline.com\/no\/wp-json\/wp\/v2\/comments?post=2023"}],"version-history":[{"count":0,"href":"https:\/\/mustadautoline.com\/no\/wp-json\/wp\/v2\/pages\/2023\/revisions"}],"wp:attachment":[{"href":"https:\/\/mustadautoline.com\/no\/wp-json\/wp\/v2\/media?parent=2023"}],"curies":[{"name":"wp","href":"https:\/\/api.w.org\/{rel}","templated":true}]}}