{"id":2024,"date":"2025-10-15T23:15:38","date_gmt":"2025-10-15T21:15:38","guid":{"rendered":"https:\/\/mustadautoline.com\/flottorer-og-flyteliner\/"},"modified":"2025-10-17T10:07:32","modified_gmt":"2025-10-17T08:07:32","slug":"flottorer-og-flyteliner","status":"publish","type":"page","link":"https:\/\/mustadautoline.com\/no\/flottorer-og-flyteliner\/","title":{"rendered":"Flott\u00f8rer og flyteliner"},"content":{"rendered":"<div class=\"wpb-content-wrapper\"><p>[vc_row][vc_column][vc_column_text]Den nederste delen av b\u00f8yelinen, den delen som er n\u00e6rmest ankeret, b\u00f8r ideelt sett v\u00e6re laget av 25 favner (METER??) tykk, flytende line. Dette forhindrer at b\u00f8yelinen vikler seg inn i ankeret, og det holder ogs\u00e5 resten av linen borte fra havbunnen, noe som reduserer slitasje. En polypropylenfiberline fungerer godt til dette form\u00e5let, og diameteren b\u00f8r v\u00e6re ca. 2 mm (0,080&#8243;) st\u00f8rre enn grunnlinen. Skj\u00f8t et 28-tommers \u00f8ye i hver ende. Du trenger en slik for hvert anker du har om bord.    <\/p>\n<p>Flott\u00f8rene st\u00f8tter b\u00f8yelinen, og i omr\u00e5der med sterk str\u00f8m er det n\u00f8dvendig med to flott\u00f8rer. Hvis det er fare for at flott\u00f8rene kan bli dratt under, kan en enkelt 60-tommers oppbl\u00e5sbar flott\u00f8r erstattes av en streng med 12-14 solide 8-tommers nettfl\u00e5ter av den typen som vanligvis brukes p\u00e5 slepegarn. Oppbl\u00e5sbare fl\u00e5ter kan kollapse hvis de blir dratt dypt av str\u00f8mmen, og noen ganger kommer de ikke til overflaten igjen, mens nettfl\u00e5ter forblir intakte. Med notfl\u00e5ter er det ogs\u00e5 enkelt \u00e5 m\u00e5le belastningen p\u00e5 b\u00f8yelinen: Bare tell hvor mange av dem som holder seg synlige p\u00e5 overflaten.[\/vc_column_text][\/vc_column][\/vc_row][vc_row][vc_column width=&raquo;1\/1&#8243;][vc_single_image media=&raquo;1972&#8243; media_width_percent=&raquo;29&#8243; uncode_shortcode_id=&raquo;400626&#8243;][\/vc_column][\/vc_row][vc_row][vc_column width=&raquo;1\/1&#8243;][vc_column_text uncode_shortcode_id=&raquo;129753&#8243;]Nettflak[\/vc_column_text][\/vc_column][\/vc_row][vc_row][vc_column width=&raquo;1\/1&#8243;][vc_column_text uncode_shortcode_id=&raquo;140207&#8243;]Valget av flott\u00f8rer avhenger b\u00e5de av str\u00f8mforholdene og dine egne preferanser. Uansett hvilken type du bruker, m\u00e5 du huske at flott\u00f8rene m\u00e5 merkes med fart\u00f8yets registreringsnummer for \u00e5 overholde internasjonale regler. <\/p>\n<p>Fl\u00e5tene er utstyrt med en flytesnor, enten med en pisket ende eller et spleiset \u00f8ye, avhengig av hvordan du planlegger \u00e5 oppbevare dem. Et kort \u00f8ye er praktisk hvis flott\u00f8rene skal oppbevares i kasser, mens en pisket ende fungerer bedre hvis du planlegger \u00e5 binde dem fast til en skinne. Linen b\u00f8r v\u00e6re ca. 1,5 meter lang, laget av 12 mm (\u00bd-tommers) flyteline, f.eks. polypropylen med stiftfiber. F\u00f8r linen to ganger gjennom hullet i flott\u00f8ren, skj\u00f8t den \u00f8verste enden, og surr den nederste enden med hyssing.   <\/p>\n<p>Hvis du foretrekker et \u00f8ye, lager du det ca. 2&#8242; langt med 0,4&#8243; stiftefiberpolypropylen flyteline. Skj\u00f8t endene sammen, og stikk skj\u00f8ten inn i hullet i flott\u00f8ren for \u00e5 beskytte den mot slitasje. Fest deretter \u00f8yet med piskesn\u00f8re rett under hullet.  <\/p>\n<p>Velg oppbl\u00e5sbare flott\u00f8rer p\u00e5 60 eller 75 tommer, gjerne i flere forskjellige farger. Unng\u00e5 \u00e5 bruke st\u00f8rre flott\u00f8rer enn n\u00f8dvendig &#8211; en 75-tommers flott\u00f8r t\u00e5ler dobbelt s\u00e5 mye last som en 60-tommers, men den tar ogs\u00e5 opp dobbelt s\u00e5 mye lagringsplass. Ulike farger gj\u00f8r det ogs\u00e5 lettere \u00e5 holde oversikt over fremdriften mens du drar. Generelt trenger du omtrent dobbelt s\u00e5 mange flott\u00f8rer som du har ankere.<\/p>\n<p>[\/vc_column_text][\/vc_column][\/vc_row][vc_row][vc_column width=&raquo;1\/1&#8243;][vc_single_image media=&raquo;1805&#8243; media_width_percent=&raquo;32&#8243; uncode_shortcode_id=&raquo;359740&#8243;][\/vc_column][\/vc_row][vc_row][vc_column width=&raquo;1\/1&#8243;][vc_column_text uncode_shortcode_id=&raquo;201192&#8243;]Rigging av oppbl\u00e5sbare flott\u00f8rer[\/vc_column_text][\/vc_column][\/vc_row]<\/p>\n<\/div>","protected":false},"excerpt":{"rendered":"<p>[vc_row][vc_column][vc_column_text]Den nederste delen av b\u00f8yelinen, den delen som er n\u00e6rmest ankeret, b\u00f8r ideelt sett v\u00e6re laget av 25 favner (METER??) [&hellip;]<\/p>\n","protected":false},"author":5,"featured_media":0,"parent":0,"menu_order":0,"comment_status":"closed","ping_status":"closed","template":"","meta":{"_acf_changed":false,"footnotes":""},"class_list":["post-2024","page","type-page","status-publish","hentry"],"acf":[],"_links":{"self":[{"href":"https:\/\/mustadautoline.com\/no\/wp-json\/wp\/v2\/pages\/2024","targetHints":{"allow":["GET"]}}],"collection":[{"href":"https:\/\/mustadautoline.com\/no\/wp-json\/wp\/v2\/pages"}],"about":[{"href":"https:\/\/mustadautoline.com\/no\/wp-json\/wp\/v2\/types\/page"}],"author":[{"embeddable":true,"href":"https:\/\/mustadautoline.com\/no\/wp-json\/wp\/v2\/users\/5"}],"replies":[{"embeddable":true,"href":"https:\/\/mustadautoline.com\/no\/wp-json\/wp\/v2\/comments?post=2024"}],"version-history":[{"count":0,"href":"https:\/\/mustadautoline.com\/no\/wp-json\/wp\/v2\/pages\/2024\/revisions"}],"wp:attachment":[{"href":"https:\/\/mustadautoline.com\/no\/wp-json\/wp\/v2\/media?parent=2024"}],"curies":[{"name":"wp","href":"https:\/\/api.w.org\/{rel}","templated":true}]}}