{"id":2026,"date":"2025-10-15T22:53:17","date_gmt":"2025-10-15T20:53:17","guid":{"rendered":"https:\/\/mustadautoline.com\/rotolines-og-quick-snap-lines\/"},"modified":"2025-10-15T22:53:17","modified_gmt":"2025-10-15T20:53:17","slug":"rotolines-og-quick-snap-lines","status":"publish","type":"page","link":"https:\/\/mustadautoline.com\/no\/rotolines-og-quick-snap-lines\/","title":{"rendered":"Rotolines og Quick Snap Lines"},"content":{"rendered":"<p>Rigging og reparasjon av langliner har alltid v\u00e6rt en av de mest tidkrevende og kostbare jobbene innen linefiske. Selv om agnfisket n\u00e5 foreg\u00e5r maskinelt, m\u00e5 reparasjonen av liner fortsatt gj\u00f8res for h\u00e5nd om bord, noe som gj\u00f8r det til en krevende oppgave. For \u00e5 lette dette arbeidet har O. Mustad &amp; Son AS utviklet nye typer liner, sn\u00f8rer og kroker, s\u00e5kalte Rotoline- og Quick Snap-liner. Disse finnes i ulike st\u00f8rrelser, der de vanligste er 1,4 mm og 1,8 mm monofil Rotoline-linene og 5 mm og 7 mm Quick Snap-linene i tvunnet polyester.   <\/p>\n<p>Prinsippet er enkelt. Langs hovedlinen, den s\u00e5kalte grunnlinen, er det med jevne mellomrom festet sm\u00e5 metallbeslag som kalles hylser. Hver hylse er utstyrt med en hylse som kan spinne fritt, og fra denne hylsen stikker det ut en liten krokpinne, formet som en gjeterklype. Stiften holder snodden sikkert p\u00e5 plass, samtidig som den kan dreies. Fordi snoddene kan rotere fritt, vrir de seg ikke eller vikler seg inn i grunnlinen, noe som igjen \u00f8ker fangstraten sammenlignet med eldre systemer med faste snodder.    <\/p>\n<p>Systemet kan brukes med ulike typer sn\u00f8rer, men flettede sn\u00f8rer er spesielt sterke. Disse er laget med et \u00f8ye i hver ende: Den ene enden festes p\u00e5 en spesiell krok med fj\u00e6rende \u00f8ye fra Mustad, og den andre enden festes til hylsebolten p\u00e5 grunnlinen. P\u00e5 denne m\u00e5ten blir det mye enklere \u00e5 sette opp en line, siden sn\u00f8rene og krokene kan klikkes direkte p\u00e5 plass. Siden flettede sn\u00f8rer er sv\u00e6rt slitesterke og sjelden blir skadet, er reparasjoner vanligvis begrenset til \u00e5 bytte ut kroker i stedet for \u00e5 bygge om store deler av riggen.   <\/p>\n","protected":false},"excerpt":{"rendered":"<p>Rigging og reparasjon av langliner har alltid v\u00e6rt en av de mest tidkrevende og kostbare jobbene innen linefiske. Selv om [&hellip;]<\/p>\n","protected":false},"author":5,"featured_media":0,"parent":0,"menu_order":0,"comment_status":"closed","ping_status":"closed","template":"","meta":{"_acf_changed":false,"footnotes":""},"class_list":["post-2026","page","type-page","status-publish","hentry"],"acf":[],"_links":{"self":[{"href":"https:\/\/mustadautoline.com\/no\/wp-json\/wp\/v2\/pages\/2026","targetHints":{"allow":["GET"]}}],"collection":[{"href":"https:\/\/mustadautoline.com\/no\/wp-json\/wp\/v2\/pages"}],"about":[{"href":"https:\/\/mustadautoline.com\/no\/wp-json\/wp\/v2\/types\/page"}],"author":[{"embeddable":true,"href":"https:\/\/mustadautoline.com\/no\/wp-json\/wp\/v2\/users\/5"}],"replies":[{"embeddable":true,"href":"https:\/\/mustadautoline.com\/no\/wp-json\/wp\/v2\/comments?post=2026"}],"version-history":[{"count":0,"href":"https:\/\/mustadautoline.com\/no\/wp-json\/wp\/v2\/pages\/2026\/revisions"}],"wp:attachment":[{"href":"https:\/\/mustadautoline.com\/no\/wp-json\/wp\/v2\/media?parent=2026"}],"curies":[{"name":"wp","href":"https:\/\/api.w.org\/{rel}","templated":true}]}}