{"id":2029,"date":"2025-10-15T23:02:37","date_gmt":"2025-10-15T21:02:37","guid":{"rendered":"https:\/\/mustadautoline.com\/ankere\/"},"modified":"2025-10-17T10:07:29","modified_gmt":"2025-10-17T08:07:29","slug":"ankere","status":"publish","type":"page","link":"https:\/\/mustadautoline.com\/no\/ankere\/","title":{"rendered":"Ankere"},"content":{"rendered":"<div class=\"wpb-content-wrapper\"><p>[vc_row][vc_column][vc_column_text uncode_shortcode_id=&raquo;150374&#8243;]Ankere til langlinefiske veier vanligvis mellom 25 og 65 pund. De leveres med fire eller fem fluk og en ring p\u00e5 toppen. Vekten avhenger av str\u00f8mmen og dybden der du setter ut utstyret ditt.  <\/p>\n<p>P\u00e5 hard bunn kan et anker sette seg fast, og linen kan ryke f\u00f8r den l\u00f8sner. Dette kan unng\u00e5s ved \u00e5 feste ankerlinen i bunnen av ankeret (MAKE SENSE??), med bare en l\u00f8s festeanordning i toppringen. Hvis ankeret setter seg fast, vil sn\u00f8ret ryke under belastning, og du vil kunne hale ankeret opp med bunnen f\u00f8rst uten \u00e5 miste det.  <\/p>\n<p>Til ankerlinen kan du bruke et 12 mm (\u00bd tomme) monofiber-tau av polypropylen, eller et hvilket som helst tau med st\u00f8rre strekkfasthet enn b\u00f8yelinen din. N\u00e5r ankerlinen er rigget, b\u00f8r den strekke seg en halv til en meter utenfor ankerringen. Hvis ankeret ogs\u00e5 har en bunnring, er det nyttig \u00e5 lage ankerlinen med en l\u00f8kke i hver ende (ca. 22 cm lang). Den ene l\u00f8kken g\u00e5r rundt bunnringen, og den andre festes i b\u00f8yelinen og spretterten.[\/vc_column_text][\/vc_column][\/vc_row][vc_row][vc_column width=&raquo;1\/1&#8243;][vc_single_image media=&raquo;1795&#8243; media_width_percent=&raquo;29&#8243; uncode_shortcode_id=&raquo;808856&#8243;][\/vc_column][\/vc_row][vc_row][vc_column width=&raquo;1\/1&#8243;][vc_column_text uncode_shortcode_id=&raquo;892942&#8243;]Hvor mange ankere du trenger, avhenger av hvordan du har tenkt \u00e5 fiske. Hvis du planlegger \u00e5 fiske med korte sn\u00f8rer, trenger du to ankere for hvert sn\u00f8re, og du kan ha 3-6 sn\u00f8rer ute til enhver tid. Hvis du skal fiske med \u00e9n sammenhengende streng, kan du trenge 10-12 ankere. En god regel er \u00e5 ha 8-15 ankere om bord, inkludert reserveanker.   <\/p>\n<p>Garnet som fester ankerlinen til den \u00f8verste ringen, b\u00f8r knekke n\u00e5r belastningen er omtrent halvparten av det grunnlinen t\u00e5ler. En enkelt tr\u00e5d fra en ny bunnline er omtrent den rette styrken for dette form\u00e5let.[\/vc_column_text][\/vc_column][\/vc_row][vc_row][vc_column width=&raquo;1\/1&#8243;][vc_column_text uncode_shortcode_id=&raquo;134441&#8243;]en slynge er et stykke line som brukes til \u00e5 koble ankerlinen p\u00e5 fordekket til grunnlinen p\u00e5 akterdekket. Du lager den ved \u00e5 skj\u00f8te et 2&#8242; \u00f8ye i hver ende av en polyester b\u00f8yeline. Lengden skal v\u00e6re akkurat lang nok til \u00e5 n\u00e5 fra ankeret, henge klar p\u00e5 dollbordet, l\u00f8pe langs utsiden av b\u00e5ten og deretter strekke seg noen favner inn gjennom skyteluken for \u00e5 festes i enden av grunnlinen. Det trengs en slynge for hvert anker om bord.[\/vc_column_text][\/vc_column][\/vc_row]<\/p>\n<\/div>","protected":false},"excerpt":{"rendered":"<p>[vc_row][vc_column][vc_column_text uncode_shortcode_id=&raquo;150374&#8243;]Ankere til langlinefiske veier vanligvis mellom 25 og 65 pund. De leveres med fire eller fem fluk og en [&hellip;]<\/p>\n","protected":false},"author":5,"featured_media":0,"parent":0,"menu_order":0,"comment_status":"closed","ping_status":"closed","template":"","meta":{"_acf_changed":false,"footnotes":""},"class_list":["post-2029","page","type-page","status-publish","hentry"],"acf":[],"_links":{"self":[{"href":"https:\/\/mustadautoline.com\/no\/wp-json\/wp\/v2\/pages\/2029","targetHints":{"allow":["GET"]}}],"collection":[{"href":"https:\/\/mustadautoline.com\/no\/wp-json\/wp\/v2\/pages"}],"about":[{"href":"https:\/\/mustadautoline.com\/no\/wp-json\/wp\/v2\/types\/page"}],"author":[{"embeddable":true,"href":"https:\/\/mustadautoline.com\/no\/wp-json\/wp\/v2\/users\/5"}],"replies":[{"embeddable":true,"href":"https:\/\/mustadautoline.com\/no\/wp-json\/wp\/v2\/comments?post=2029"}],"version-history":[{"count":0,"href":"https:\/\/mustadautoline.com\/no\/wp-json\/wp\/v2\/pages\/2029\/revisions"}],"wp:attachment":[{"href":"https:\/\/mustadautoline.com\/no\/wp-json\/wp\/v2\/media?parent=2029"}],"curies":[{"name":"wp","href":"https:\/\/api.w.org\/{rel}","templated":true}]}}