{"id":2031,"date":"2025-10-15T19:20:42","date_gmt":"2025-10-15T17:20:42","guid":{"rendered":"https:\/\/mustadautoline.com\/transport\/"},"modified":"2025-11-03T12:34:39","modified_gmt":"2025-11-03T11:34:39","slug":"transport","status":"publish","type":"page","link":"https:\/\/mustadautoline.com\/no\/transport\/","title":{"rendered":"Transportprosessen"},"content":{"rendered":"<div class=\"wpb-content-wrapper\"><p>[vc_row row_height_percent=&raquo;0&#8243; override_padding=&raquo;yes&raquo; h_padding=&raquo;2&#8243; top_padding=&raquo;2&#8243; bottom_padding=&raquo;2&#8243; overlay_alpha=&raquo;50&#8243; gutter_size=&raquo;4&#8243; column_width_percent=&raquo;100&#8243; shift_y=&raquo;0&#8243; z_index=&raquo;0&#8243; content_parallax=&raquo;0&#8243; uncode_shortcode_id=&raquo;433028&#8243;][vc_column column_width_percent=&raquo;100&#8243; gutter_size=&raquo;2&#8243; overlay_alpha=&raquo;50&#8243; shift_x=&raquo;0&#8243; shift_y=&raquo;0&#8243; shift_y_down=&raquo;0&#8243; z_index=&raquo;0&#8243; medium_width=&raquo;0&#8243; mobile_width=&raquo;0&#8243; width=&raquo;1\/1&#8243;][vc_row_inner][vc_column_inner width=&raquo;6\/12&#8243;][vc_custom_heading heading_semantic=&raquo;h3&#8243; text_size=&raquo;fontsize-167834&#8243; uncode_shortcode_id=&raquo;412202&#8243;]Transport[\/vc_custom_heading][vc_column_text uncode_shortcode_id=&raquo;293119&#8243;]Etter at linen har ligget i bl\u00f8t i den forh\u00e5ndsdefinerte tiden, starter opptrekkingen av linen. Setteprosessen utf\u00f8res i omvendt rekkef\u00f8lge. F\u00f8rst 1) hales endeb\u00f8ye og -anker om bord. 2) Deretter hales grunnlinen og dens snodd gradvis inn.    <\/p>\n<p>I denne prosessen l\u00f8snes fangsten fra krokene, og krokene skilles automatisk fra grunnlinen i krokseparatoren og f\u00f8res inn i lagringsmagasinet (MagPacker).<\/p>\n<p>Til slutt hales den f\u00f8rste f\u00f8rste b\u00f8yen og ankeret om bord.<\/p>\n<h3 data-start=\"162\" data-end=\"211\">Forholdsregler for sikkerhet<\/h3>\n<p data-start=\"213\" data-end=\"328\">Prosessen med \u00e5 sette ut og hale inn utstyr krever streng oppmerksomhet p\u00e5 sikkerheten. F\u00f8lg disse forholdsreglene til enhver tid: <\/p>\n<ul data-start=\"330\" data-end=\"901\">\n<li data-start=\"330\" data-end=\"477\">\n<p data-start=\"332\" data-end=\"477\"><strong data-start=\"332\" data-end=\"363\">Hold deg unna faresoner.<\/strong>  Hold deg alltid foran ankere, linekveiler og annet utstyr som kan bli kastet over bord.<\/p>\n<\/li>\n<li data-start=\"478\" data-end=\"610\">\n<p data-start=\"480\" data-end=\"610\"><strong data-start=\"480\" data-end=\"509\">Hold arbeidsomr\u00e5det ditt ryddig.<\/strong>  S\u00f8rg for at b\u00f8yer, flott\u00f8rer og b\u00f8yeliner er ordnet p\u00e5 en ryddig m\u00e5te og uten floker eller hindringer.<\/p>\n<\/li>\n<li data-start=\"611\" data-end=\"716\">\n<p data-start=\"613\" data-end=\"716\"><strong data-start=\"613\" data-end=\"638\">Organiser i rekkef\u00f8lge.<\/strong>  Ordne spoler, ankere og annet utstyr i riktig rekkef\u00f8lge f\u00f8r oppsetting.<\/p>\n<\/li>\n<li data-start=\"717\" data-end=\"901\">\n<p data-start=\"719\" data-end=\"901\"><strong data-start=\"719\" data-end=\"755\">Forbered b\u00f8yelinen n\u00f8ye.<\/strong>  Kveil b\u00f8yelinen pent opp, og s\u00f8rg for at det ikke er noen l\u00f8kker som kan fange foten din eller hekte seg fast i annet utstyr n\u00e5r linen kastes over bord.<\/p>\n<\/li>\n<\/ul>\n<p>[\/vc_column_text][\/vc_column_inner][\/vc_row_inner][vc_row_inner][vc_column_inner width=&raquo;1\/3&#8243;][vc_single_image media=&raquo;1871&#8243; media_width_percent=&raquo;100&#8243; uncode_shortcode_id=&raquo;458830&#8243;][vc_column_text uncode_shortcode_id=&raquo;197804&#8243;]Eksempel p\u00e5 et trekkaggregat; Mustad Autoline E-line Hauler.  <a href=\"https:\/\/mustadautoline.com\/no\/produkter\/?tax_produktvalg=haulingunits&#038;unfilter=1\">Flere transport\u00f8rer<\/a>[\/vc_column_text][\/vc_column_inner][vc_column_inner column_width_percent=&raquo;100&#8243; gutter_size=&raquo;3&#8243; overlay_alpha=&raquo;50&#8243; shift_x=&raquo;0&#8243; shift_y=&raquo;0&#8243; shift_y_down=&raquo;0&#8243; z_index=&raquo;0&#8243; medium_width=&raquo;4&#8243; mobile_width=&raquo;4&#8243; width=&raquo;1\/3&#8243;][vc_single_image media=&raquo;1878&#8243; media_width_percent=&raquo;53&#8243; media_ratio=&raquo;three-four&raquo; alignment=&raquo;center&raquo; uncode_shortcode_id=&raquo;206103&#8243;][vc_column_text uncode_shortcode_id=&raquo;122302&#8243;]<\/p>\n<p style=\"text-align: left;\">Eksempel p\u00e5 HookSeparator; Mustad Autoline E-Line HookSeparator.  <a href=\"https:\/\/mustadautoline.com\/no\/produkter\/?tax_produktvalg=hookseparator&#038;unfilter=1\">Flere HookSeparators<\/a><\/p>\n<p>[\/vc_column_text][\/vc_column_inner][vc_column_inner column_width_percent=&raquo;100&#8243; gutter_size=&raquo;3&#8243; overlay_alpha=&raquo;50&#8243; shift_x=&raquo;0&#8243; shift_y=&raquo;0&#8243; shift_y_down=&raquo;0&#8243; z_index=&raquo;0&#8243; medium_width=&raquo;4&#8243; mobile_width=&raquo;4&#8243; width=&raquo;1\/3&#8243;][vc_single_image media=&raquo;732&#8243; media_width_percent=&raquo;50&#8243; media_ratio=&raquo;four-three&raquo; alignment=&raquo;center&raquo; uncode_shortcode_id=&raquo;163413&#8243;][vc_column_text uncode_shortcode_id=&raquo;357637&#8243;]<\/p>\n<p style=\"text-align: left;\">Eksempel p\u00e5 MagPacker-lagringssystem; Mustad Autoline E-Line MagPacker-systemet.  <a href=\"https:\/\/mustadautoline.com\/no\/produkter\/?tax_produktvalg=storage&#038;unfilter=1\">Flere lagringssystemer<\/a><\/p>\n<p>[\/vc_column_text][\/vc_column_inner][\/vc_row_inner][\/vc_column][\/vc_row][vc_row row_height_percent=&raquo;0&#8243; override_padding=&raquo;yes&raquo; h_padding=&raquo;2&#8243; top_padding=&raquo;2&#8243; bottom_padding=&raquo;2&#8243; back_color=&raquo;color-lxmt&raquo; overlay_alpha=&raquo;50&#8243; equal_height=&raquo;yes&raquo; gutter_size=&raquo;4&#8243; column_width_percent=&raquo;100&#8243; shift_y=&raquo;0&#8243; z_index=&raquo;0&#8243; content_parallax=&raquo;0&#8243; el_class=&raquo;inverted-device-order&raquo; uncode_shortcode_id=&raquo;102515&#8243; back_color_type=&raquo;uncode-palette&raquo;][vc_column column_width_percent=&raquo;100&#8243; position_vertical=&raquo;middle&raquo; gutter_size=&raquo;3&#8243; overlay_alpha=&raquo;50&#8243; shift_x=&raquo;0&#8243; shift_y=&raquo;0&#8243; shift_y_down=&raquo;0&#8243; z_index=&raquo;0&#8243; medium_width=&raquo;0&#8243; mobile_width=&raquo;0&#8243; width=&raquo;1\/3&#8243;][vc_custom_heading heading_semantic=&raquo;h3&#8243; text_size=&raquo;h1&#8243; subheading=&raquo;Riktig h\u00e5ndtering under haling er avgj\u00f8rende for \u00e5 opprettholde kvaliteten p\u00e5 fisken og ivareta sikkerheten p\u00e5 dekk. N\u00f8ye koordinering, presis teknikk og oppmerksomhet p\u00e5 h\u00e5ndteringsmetoder bidrar til \u00e5 forhindre skader p\u00e5 b\u00e5de fangsten og mannskapet, noe som opprettholder den h\u00f8ye verdien og omd\u00f8mmet til linefanget fisk. &raquo; uncode_shortcode_id=&raquo;121465&#8243;]<\/p>\n<h3>Gaffling og fjerning av kroker<\/h3>\n<p>[\/vc_custom_heading][vc_button button_color=&raquo;accent&raquo; border_width=&raquo;0&#8243; link=&raquo;url:https%3A%2F%2Fmustadautoline.com%2Fno%2Fgaffling-og-fjerning-av-kroker%2F|title:Gaffling%20og%20fjerning%20av%20kroker|&raquo; button_color_type=&raquo;uncode-palette&raquo; uncode_shortcode_id=&raquo;732074&#8243;]Les mer om dette[\/vc_button][\/vc_column][vc_column width=&raquo;1\/3&#8243;][vc_custom_heading heading_semantic=&raquo;h3&#8243; text_size=&raquo;h1&#8243; subheading=&raquo;Riktig bl\u00f8gging er avgj\u00f8rende for \u00e5 opprettholde den f\u00f8rsteklasses kvaliteten p\u00e5 linefanget fisk. Ved \u00e5 bl\u00f8gge fisken raskt og presist mens den fortsatt er fersk, fjernes blodet effektivt, noe som resulterer i renere kj\u00f8tt, lengre holdbarhet og h\u00f8yere markedsverdi. Effektiv teknikk og timing er n\u00f8kkelen til \u00e5 sikre b\u00e5de produkter av h\u00f8y kvalitet og effektiv arbeidsflyt p\u00e5 dekk.  &raquo; uncode_shortcode_id=&raquo;928626&#8243;]<\/p>\n<h3>Bl\u00f8dning<\/h3>\n<p>[\/vc_custom_heading][vc_button button_color=&raquo;color-177317&#8243; border_width=&raquo;0&#8243; link=&raquo;url:https%3A%2F%2Fmustadautoline.com%2Fno%2Fblodning%2F|title:Bl%C3%B8dning|&raquo; uncode_shortcode_id=&raquo;126113&#8243; button_color_type=&raquo;uncode-palette&raquo;]Les mer om dette[\/vc_button][\/vc_column][vc_column width=&raquo;1\/3&#8243;][vc_custom_heading heading_semantic=&raquo;h3&#8243; text_size=&raquo;h1&#8243; subheading=&raquo;\u00c5 hale inn langliner krever st\u00f8dig h\u00e5ndtering og tett koordinering med skipperen for \u00e5 unng\u00e5 sammenfiltring eller tap av utstyr. \u00c5 arbeide med str\u00f8mmen gj\u00f8r prosessen smidigere, men det kan fortsatt forekomme sammenfiltring. Kunnskap om hvordan man justerer fart\u00f8yets retning, kontrollerer linespenningen og holder trygg avstand, er avgj\u00f8rende for \u00e5 unng\u00e5 brudd og sikre b\u00e5de mannskapets sikkerhet og effektiv gjenfinning av redskapen.  &raquo; uncode_shortcode_id=&raquo;101053&#8243;]<\/p>\n<h3>Frigj\u00f8ring av grunnlinen som har satt seg fast<\/h3>\n<p>[\/vc_custom_heading][vc_button button_color=&raquo;accent&raquo; border_width=&raquo;0&#8243; link=&raquo;url:https%3A%2F%2Fmustadautoline.com%2Fno%2Ffrigjoring-av-grunnlinen-som-har-satt-seg-fast%2F|title:Frigj%C3%B8ring%20av%20grunnlinen%20som%20har%20satt%20seg%20fast|&raquo; button_color_type=&raquo;uncode-palette&raquo; uncode_shortcode_id=&raquo;916496&#8243;]Les mer om dette[\/vc_button][\/vc_column][\/vc_row][vc_row row_height_percent=&raquo;0&#8243; override_padding=&raquo;yes&raquo; h_padding=&raquo;2&#8243; top_padding=&raquo;2&#8243; bottom_padding=&raquo;2&#8243; overlay_alpha=&raquo;50&#8243; equal_height=&raquo;yes&raquo; gutter_size=&raquo;4&#8243; column_width_percent=&raquo;100&#8243; shift_y=&raquo;0&#8243; z_index=&raquo;0&#8243; content_parallax=&raquo;0&#8243; el_class=&raquo;inverted-device-order&raquo; uncode_shortcode_id=&raquo;171542&#8243;][vc_column column_width_percent=&raquo;100&#8243; position_vertical=&raquo;middle&raquo; gutter_size=&raquo;3&#8243; overlay_alpha=&raquo;50&#8243; shift_x=&raquo;0&#8243; shift_y=&raquo;0&#8243; shift_y_down=&raquo;0&#8243; z_index=&raquo;0&#8243; medium_width=&raquo;0&#8243; mobile_width=&raquo;0&#8243; width=&raquo;1\/3&#8243;][vc_custom_heading heading_semantic=&raquo;h3&#8243; text_size=&raquo;h1&#8243; subheading=&raquo;Effektiv h\u00e5ndtering og vedlikehold av snoddene er avgj\u00f8rende for \u00e5 sikre smidig transport og klargj\u00f8ring for neste sett. Skadede eller vridde snodd m\u00e5 raskt skiftes ut, kroker m\u00e5 formes p\u00e5 nytt, og floker m\u00e5 fjernes for \u00e5 holde arbeidsflyten stabil. God koordinering langs lagerskinnene s\u00f8rger for at utstyret flyttes effektivt, noe som reduserer overbelastning og opprettholder b\u00e5de sikkerhet og produktivitet p\u00e5 dekk.  &raquo; uncode_shortcode_id=&raquo;790822&#8243;]<\/p>\n<h3>H\u00e5ndtering og oppbevaring av kroker<\/h3>\n<p>[\/vc_custom_heading][vc_button button_color=&raquo;accent&raquo; border_width=&raquo;0&#8243; link=&raquo;url:https%3A%2F%2Fmustadautoline.com%2Fno%2Fhandtering-og-oppbevaring-av-kroker%2F|title:H%C3%A5ndtering%20og%20oppbevaring%20av%20kroker|&raquo; button_color_type=&raquo;uncode-palette&raquo; uncode_shortcode_id=&raquo;890742&#8243;]Les mer om dette[\/vc_button][\/vc_column][vc_column width=&raquo;1\/3&#8243;][vc_custom_heading heading_semantic=&raquo;h3&#8243; text_size=&raquo;h1&#8243; subheading=&raquo;Velholdte kroker er avgj\u00f8rende for b\u00e5de effektiv agnbruk og h\u00f8y fangstrate. Skarpe, korrekt formede spisser s\u00f8rger for god penetrering, mens n\u00f8yaktig forskyvning holder agnet sikkert p\u00e5 plass. Regelmessig inspeksjon og justering med en krokkorrektor bidrar til \u00e5 opprettholde krokens integritet, forhindrer feil p\u00e5 redskapen og opprettholder effektiviteten og kvalitetsstandardene i langlinefiske.  &raquo; uncode_shortcode_id=&raquo;190815&#8243;]<\/p>\n<h3>H\u00e5ndtering av kroker<\/h3>\n<p>[\/vc_custom_heading][vc_button button_color=&raquo;accent&raquo; border_width=&raquo;0&#8243; link=&raquo;url:https%3A%2F%2Fmustadautoline.com%2Fno%2Fhandtering-av-kroker%2F|title:H%C3%A5ndtering%20av%20kroker|&raquo; button_color_type=&raquo;uncode-palette&raquo; uncode_shortcode_id=&raquo;140614&#8243;]Les mer om dette[\/vc_button][\/vc_column][vc_column width=&raquo;1\/3&#8243;][vc_custom_heading heading_semantic=&raquo;h3&#8243; text_size=&raquo;h1&#8243; subheading=&raquo;MagPacker-systemet effektiviserer arbeidet med langline ved automatisk h\u00e5ndtering og lagring av kroker og liner, noe som minimerer floker og manuelt arbeid. Ved \u00e5 holde utstyret ryddig organisert og jevnt skj\u00f8tet, \u00f8ker det b\u00e5de effektiviteten og sikkerheten om bord. Riktig vedlikehold &#8211; for eksempel reparasjon eller utskifting av avkortede eller sammenfiltrede seksjoner &#8211; sikrer problemfri drift og forlenger levetiden til utstyret.  &raquo; uncode_shortcode_id=&raquo;139568&#8243;]<\/p>\n<h3>Oppbevaringskrok og liner<\/h3>\n<p>[\/vc_custom_heading][vc_button button_color=&raquo;accent&raquo; border_width=&raquo;0&#8243; link=&raquo;url:https%3A%2F%2Fmustadautoline.com%2Fno%2Foppbevaring-av-kroker-og-liner-magpacker%2F|title:Oppbevaring%20av%20kroker%20og%20liner%20%28MagPacker%29|&raquo; button_color_type=&raquo;uncode-palette&raquo; uncode_shortcode_id=&raquo;261321&#8243;]Les mer om dette[\/vc_button][\/vc_column][\/vc_row]<\/p>\n<\/div>","protected":false},"excerpt":{"rendered":"<p>[vc_row row_height_percent=&raquo;0&#8243; override_padding=&raquo;yes&raquo; h_padding=&raquo;2&#8243; top_padding=&raquo;2&#8243; bottom_padding=&raquo;2&#8243; overlay_alpha=&raquo;50&#8243; gutter_size=&raquo;4&#8243; column_width_percent=&raquo;100&#8243; shift_y=&raquo;0&#8243; z_index=&raquo;0&#8243; content_parallax=&raquo;0&#8243; uncode_shortcode_id=&raquo;433028&#8243;][vc_column column_width_percent=&raquo;100&#8243; gutter_size=&raquo;2&#8243; overlay_alpha=&raquo;50&#8243; shift_x=&raquo;0&#8243; shift_y=&raquo;0&#8243; shift_y_down=&raquo;0&#8243; z_index=&raquo;0&#8243; [&hellip;]<\/p>\n","protected":false},"author":2,"featured_media":0,"parent":0,"menu_order":0,"comment_status":"closed","ping_status":"closed","template":"","meta":{"_acf_changed":false,"footnotes":""},"class_list":["post-2031","page","type-page","status-publish","hentry"],"acf":[],"_links":{"self":[{"href":"https:\/\/mustadautoline.com\/no\/wp-json\/wp\/v2\/pages\/2031","targetHints":{"allow":["GET"]}}],"collection":[{"href":"https:\/\/mustadautoline.com\/no\/wp-json\/wp\/v2\/pages"}],"about":[{"href":"https:\/\/mustadautoline.com\/no\/wp-json\/wp\/v2\/types\/page"}],"author":[{"embeddable":true,"href":"https:\/\/mustadautoline.com\/no\/wp-json\/wp\/v2\/users\/2"}],"replies":[{"embeddable":true,"href":"https:\/\/mustadautoline.com\/no\/wp-json\/wp\/v2\/comments?post=2031"}],"version-history":[{"count":0,"href":"https:\/\/mustadautoline.com\/no\/wp-json\/wp\/v2\/pages\/2031\/revisions"}],"wp:attachment":[{"href":"https:\/\/mustadautoline.com\/no\/wp-json\/wp\/v2\/media?parent=2031"}],"curies":[{"name":"wp","href":"https:\/\/api.w.org\/{rel}","templated":true}]}}