{"id":2032,"date":"2025-10-15T23:32:33","date_gmt":"2025-10-15T21:32:33","guid":{"rendered":"https:\/\/mustadautoline.com\/grapnel-og-leelines\/"},"modified":"2025-10-17T10:07:36","modified_gmt":"2025-10-17T08:07:36","slug":"grapnel-og-leelines","status":"publish","type":"page","link":"https:\/\/mustadautoline.com\/no\/grapnel-og-leelines\/","title":{"rendered":"Grapnel og leelines"},"content":{"rendered":"<div class=\"wpb-content-wrapper\"><p>[vc_row][vc_column][vc_column_text]Du trenger en grapnel for \u00e5 f\u00e5 tak i b\u00f8yelinen og hale den om bord. Du kan lage en selv ved \u00e5 sveise fire kl\u00f8r med en diameter p\u00e5 3,8 tommer p\u00e5 en stamme med en diameter p\u00e5 3\/4 tomme. Stammen skal v\u00e6re 12&#8243; lang og kl\u00f8rne 6&#8243; lange. B\u00f8y kl\u00f8rne 120 grader 2&#8243; fra enden. Lag et \u00f8ye ved \u00e5 b\u00f8ye en 7&#8243; lang bolt med en diameter p\u00e5 114&#8243; til en U-form og sveise den fast til stangen. Fest grapelen til b\u00e5ten med en ca. 65 fot lang line.[\/vc_column_text][\/vc_column][\/vc_row][vc_row][vc_column width=&raquo;1\/1&#8243;][vc_single_image media=&raquo;1814&#8243; media_width_percent=&raquo;29&#8243; uncode_shortcode_id=&raquo;112179&#8243;][\/vc_column][\/vc_row][vc_row][vc_column width=&raquo;1\/1&#8243;][vc_column_text uncode_shortcode_id=&raquo;328351&#8243;]Lage en grapnel[\/vc_column_text][\/vc_column][\/vc_row][vc_row][vc_column width=&raquo;1\/1&#8243;][vc_column_text uncode_shortcode_id=&raquo;135243&#8243;]Fl\u00e5tene og b\u00f8yen er koblet til b\u00f8yelinen med et kort stykke tau som kalles leeline, fordi det flyter i le av b\u00f8yelinen i sterk vind. Den er laget av 0,5&#8243; polypropylen flyteline, og er festet til b\u00f8yen i den ene enden. Denne delen b\u00f8r v\u00e6re 16-20 fot lang, noe som er nok til \u00e5 f\u00e5 b\u00f8yen om bord, koble sammen linen og plassere enden rundt vinsjen uten \u00e5 m\u00e5tte l\u00f8fte flott\u00f8ren opp av vannet.  <\/p>\n<p>I den andre enden, der linen festes til b\u00f8yelinen, lager du en 12&#8243; \u00f8yeskj\u00f8t. Det b\u00f8r festes ytterligere to \u00f8yer i linen for \u00e5 feste flott\u00f8rer, med en avstand p\u00e5 16-20 fot. \u00d8yet som brukes til \u00e5 feste til b\u00f8yelinen, b\u00f8r plasseres 5-7 fot fra n\u00e6rmeste flyte\u00f8ye.  <\/p>\n<p>Hvis flott\u00f8rene er utstyrt med enkle liner, trenger ikke \u00f8yet p\u00e5 linen \u00e5 v\u00e6re lengre enn 1 fot. Hvis flott\u00f8rene ogs\u00e5 er utstyrt med \u00f8yne, m\u00e5 \u00f8yet p\u00e5 linen v\u00e6re stort nok til at den oppbl\u00e5ste flott\u00f8ren kan f\u00f8res gjennom det. En 75-tommers flott\u00f8r trenger derfor et \u00f8ye som er ca. 1,5 meter langt, mens en 60-tommers flott\u00f8r trenger et \u00f8ye som er ca. 2,5 meter langt. En enkel m\u00e5te \u00e5 lage disse \u00f8yene p\u00e5 er ved \u00e5 binde en Lineman&#8217;s Rider.[\/vc_column_text][\/vc_column][\/vc_row][vc_row][vc_column width=&raquo;1\/1&#8243;][vc_single_image media=&raquo;1817&#8243; media_width_percent=&raquo;57&#8243; uncode_shortcode_id=&raquo;162010&#8243;][\/vc_column][\/vc_row][vc_row][vc_column width=&raquo;1\/1&#8243;][vc_column_text uncode_shortcode_id=&raquo;129921&#8243;]Rigging av linen[\/vc_column_text][\/vc_column][\/vc_row]<\/p>\n<\/div>","protected":false},"excerpt":{"rendered":"<p>[vc_row][vc_column][vc_column_text]Du trenger en grapnel for \u00e5 f\u00e5 tak i b\u00f8yelinen og hale den om bord. Du kan lage en selv [&hellip;]<\/p>\n","protected":false},"author":5,"featured_media":0,"parent":0,"menu_order":0,"comment_status":"closed","ping_status":"closed","template":"","meta":{"_acf_changed":false,"footnotes":""},"class_list":["post-2032","page","type-page","status-publish","hentry"],"acf":[],"_links":{"self":[{"href":"https:\/\/mustadautoline.com\/no\/wp-json\/wp\/v2\/pages\/2032","targetHints":{"allow":["GET"]}}],"collection":[{"href":"https:\/\/mustadautoline.com\/no\/wp-json\/wp\/v2\/pages"}],"about":[{"href":"https:\/\/mustadautoline.com\/no\/wp-json\/wp\/v2\/types\/page"}],"author":[{"embeddable":true,"href":"https:\/\/mustadautoline.com\/no\/wp-json\/wp\/v2\/users\/5"}],"replies":[{"embeddable":true,"href":"https:\/\/mustadautoline.com\/no\/wp-json\/wp\/v2\/comments?post=2032"}],"version-history":[{"count":0,"href":"https:\/\/mustadautoline.com\/no\/wp-json\/wp\/v2\/pages\/2032\/revisions"}],"wp:attachment":[{"href":"https:\/\/mustadautoline.com\/no\/wp-json\/wp\/v2\/media?parent=2032"}],"curies":[{"name":"wp","href":"https:\/\/api.w.org\/{rel}","templated":true}]}}