{"id":2035,"date":"2025-10-15T23:46:08","date_gmt":"2025-10-15T21:46:08","guid":{"rendered":"https:\/\/mustadautoline.com\/skjoting\/"},"modified":"2025-10-17T10:07:42","modified_gmt":"2025-10-17T08:07:42","slug":"skjoting","status":"publish","type":"page","link":"https:\/\/mustadautoline.com\/no\/skjoting\/","title":{"rendered":"Skj\u00f8ting"},"content":{"rendered":"<div class=\"wpb-content-wrapper\"><p>[vc_row][vc_column][vc_column_text]L\u00e6r hvordan du lager en kort skj\u00f8t og en \u00f8yeskj\u00f8t. Bruk korte biter av grunnline til \u00e5 \u00f8ve deg &#8211; du vil snart se hvor enkelt det er. <\/p>\n<ol>\n<li>\u00c5pne opp ca. 10&#8243; av tr\u00e5dene i hver ende av de to linjene. F\u00f8r endene sammen slik at tr\u00e5dene overlapper hverandre, som flettede fingre. <\/li>\n<li>For \u00e5 holde orden mens du \u00f8ver, kan du binde litt tynt hyssinggarn rundt de l\u00f8se tr\u00e5dene p\u00e5 den ene linen for \u00e5 holde dem p\u00e5 plass mot den andre.<\/li>\n<li>Hold n\u00e5 den venstre linen i venstre h\u00e5nd, med h\u00e5nden over garnet. La den midterste tr\u00e5den hvile p\u00e5 toppen av snoren, mens de to andre henger ned, en p\u00e5 hver side. F\u00f8r den \u00f8verste tr\u00e5den under den n\u00e6rmeste tr\u00e5den p\u00e5 den andre snoren med h\u00f8yre h\u00e5nd. F\u00f8r deretter den h\u00f8yre tr\u00e5den under den neste tr\u00e5den til h\u00f8yre, og f\u00f8r til slutt den venstre tr\u00e5den under tr\u00e5den til venstre for der du startet.   <\/li>\n<\/ol>\n<p>[\/vc_column_text][\/vc_column][\/vc_row][vc_row][vc_column width=&raquo;1\/1&#8243;][vc_single_image media=&raquo;1820&#8243; media_width_percent=&raquo;49&#8243; uncode_shortcode_id=&raquo;917085&#8243;][\/vc_column][\/vc_row][vc_row][vc_column width=&raquo;1\/1&#8243;][vc_column_text uncode_shortcode_id=&raquo;209928&#8243;]Lage en kort skj\u00f8t[\/vc_column_text][\/vc_column][\/vc_row][vc_row][vc_column width=&raquo;1\/1&#8243;][vc_column_text uncode_shortcode_id=&raquo;484882&#8243;]Fortsett \u00e5 f\u00f8re tr\u00e5dene gjennom den andre linen i samme rekkef\u00f8lge til hver tr\u00e5d har blitt f\u00f8rt gjennom minst tre ganger. Deretter begynner du \u00e5 avsmalne skj\u00f8ten ved \u00e5 klippe av en tr\u00e5d og fortsette med de to andre. Klipp deretter av en ny tr\u00e5d, og avslutt med \u00e5 f\u00f8re den siste tr\u00e5den gjennom en gang til f\u00f8r du klipper av enden. Fjern garnet, og skj\u00f8t den andre siden p\u00e5 samme m\u00e5te. Hvis du vrir litt p\u00e5 de l\u00f8se tr\u00e5dene f\u00f8r du stapper dem inn, vil skj\u00f8ten se penere ut og l\u00f8pe jevnere gjennom skivene.    <\/p>\n<p>For tj\u00e6ret grunnline er det nok \u00e5 f\u00f8re hver tr\u00e5d gjennom tre ganger. For ubehandlet eller mer glatt tau kan det v\u00e6re lurt \u00e5 f\u00f8re hver tr\u00e5d 6-8 ganger for \u00e5 v\u00e6re p\u00e5 den sikre siden.[\/vc_column_text][\/vc_column][\/vc_row][vc_row][vc_column width=&raquo;1\/1&#8243;][vc_single_image media=&raquo;1823&#8243; media_width_percent=&raquo;53&#8243; uncode_shortcode_id=&raquo;651893&#8243;][\/vc_column][\/vc_row][vc_row][vc_column width=&raquo;1\/1&#8243;][vc_column_text uncode_shortcode_id=&raquo;721254&#8243;]: Unng\u00e5 frynsete ender under skj\u00f8ting[\/vc_column_text][\/vc_column][\/vc_row][vc_row][vc_column width=&raquo;1\/1&#8243;][vc_column_text uncode_shortcode_id=&raquo;483151&#8243;]Endene p\u00e5 tr\u00e5dene flosser lett hvis du pr\u00f8ver \u00e5 presse dem gjennom sn\u00f8ret, s\u00e5 trekk dem alltid gjennom i stedet. For \u00e5 gj\u00f8re dette enklere kan du bruke en hul fibel for \u00e5 \u00e5pne linen, da denne kan holde seg p\u00e5 plass mens du f\u00f8rer tr\u00e5den gjennom. Det finnes ogs\u00e5 skj\u00f8ten\u00e5ler som er laget for dette form\u00e5let.  <\/p>\n<p>Ikke teip endene p\u00e5 grunnlinetr\u00e5dene for \u00e5 hindre at de flosser &#8211; det hjelper ikke, og du m\u00e5 bare venne deg til \u00e5 jobbe med dem slik de er. For tyngre tau kan det imidlertid v\u00e6re n\u00f8dvendig \u00e5 teipe litt. En rask og enkel l\u00f8sning er \u00e5 vikle PVC-isolasjonstape rundt endene p\u00e5 hver tr\u00e5d.[\/vc_column_text][\/vc_column][\/vc_row][vc_row][vc_column width=&raquo;1\/1&#8243;][vc_single_image media=&raquo;1826&#8243; media_width_percent=&raquo;55&#8243; uncode_shortcode_id=&raquo;197628&#8243;][\/vc_column][\/vc_row][vc_row][vc_column width=&raquo;1\/1&#8243;][vc_column_text uncode_shortcode_id=&raquo;117289&#8243;]Bruk av en innsnevrer for \u00e5 stoppe frynsing[\/vc_column_text][\/vc_column][\/vc_row][vc_row][vc_column width=&raquo;1\/1&#8243;][vc_column_text uncode_shortcode_id=&raquo;154644&#8243;]a. Begynn med et stykke tynt hyssinggarn, eller en tr\u00e5d fra en snodd, og form det til en l\u00f8kke, mot klokken.<br \/>\nb. Vri h\u00f8yre ende en halv omdreining mot deg slik at du f\u00e5r en S-form med to l\u00f8kker. Flytt begge endene slik at de ligger under l\u00f8kkene.<x id=\"gid_1\"><\/x>c. Brett den h\u00f8yre l\u00f8kken tilbake slik at den ligger ved siden av den venstre l\u00f8kken.<x id=\"gid_2\"><\/x>d. Legg begge l\u00f8kkene over taustrengene og stram til.<x id=\"gid_3\"><\/x>e. Denne knuten vil ikke gli og vil forhindre at noen av tr\u00e5dene eller hele tauet flosser opp.[\/vc_column_text][\/vc_column][\/vc_row][vc_row][vc_column width=&raquo;1\/1&#8243;][vc_single_image media=&raquo;1829&#8243; media_width_percent=&raquo;40&#8243; uncode_shortcode_id=&raquo;168327&#8243;][\/vc_column][\/vc_row][vc_row][vc_column width=&raquo;1\/1&#8243;][vc_column_text uncode_shortcode_id=&raquo;139506&#8243;]Lage en \u00f8yespleis[\/vc_column_text][\/vc_column][\/vc_row][vc_row][vc_column width=&raquo;1\/1&#8243;][vc_column_text uncode_shortcode_id=&raquo;115923&#8243;]En \u00f8yeskj\u00f8t kan ogs\u00e5 v\u00e6re nyttig, og den lages omtrent som en kort skj\u00f8t.<\/p>\n<ol>\n<li>F\u00f8rst \u00e5pner du opp ca. 15 cm av tr\u00e5dene og danner en l\u00f8kke (\u00f8yet) med klokken. Gj\u00f8r l\u00f8kken s\u00e5 stor som du trenger. <\/li>\n<li>Hold snoren foran deg med en l\u00f8s tr\u00e5d p\u00e5 toppen og de to andre hengende ned p\u00e5 hver side. Begynn med \u00e5 stikke den midterste tr\u00e5den inn under den n\u00e6rmeste tr\u00e5den p\u00e5 den st\u00e5ende linen. <\/li>\n<li>Deretter legger du den h\u00f8yre tr\u00e5den under den h\u00f8yre tr\u00e5den, og den venstre tr\u00e5den under den venstre tr\u00e5den. For \u00e5 gj\u00f8re skj\u00f8ten jevnere, l\u00f8sner du litt p\u00e5 vridningen (legg) p\u00e5 venstre tr\u00e5d og strammer til vridningen p\u00e5 h\u00f8yre tr\u00e5d. <\/li>\n<\/ol>\n<p>Begynn alltid med den midterste tr\u00e5den, og f\u00f8lg deretter med h\u00f8yre og venstre tr\u00e5d. Alle tre skal komme ut p\u00e5 samme niv\u00e5 for \u00e5 f\u00e5 en pen skj\u00f8t. Hvis du f\u00e5r til det f\u00f8rste settet med b\u00f8yninger, er resten enkelt. P\u00e5 tj\u00e6rede linjer skal du brette hver tr\u00e5d minst fem ganger. P\u00e5 ubehandlede eller glatte linjer b\u00f8r du brette hver tr\u00e5d 6-9 ganger for sikkerhets skyld.[\/vc_column_text][\/vc_column][\/vc_row]<\/p>\n<\/div>","protected":false},"excerpt":{"rendered":"<p>[vc_row][vc_column][vc_column_text]L\u00e6r hvordan du lager en kort skj\u00f8t og en \u00f8yeskj\u00f8t. Bruk korte biter av grunnline til \u00e5 \u00f8ve deg &#8211; [&hellip;]<\/p>\n","protected":false},"author":5,"featured_media":0,"parent":0,"menu_order":0,"comment_status":"closed","ping_status":"closed","template":"","meta":{"_acf_changed":false,"footnotes":""},"class_list":["post-2035","page","type-page","status-publish","hentry"],"acf":[],"_links":{"self":[{"href":"https:\/\/mustadautoline.com\/no\/wp-json\/wp\/v2\/pages\/2035","targetHints":{"allow":["GET"]}}],"collection":[{"href":"https:\/\/mustadautoline.com\/no\/wp-json\/wp\/v2\/pages"}],"about":[{"href":"https:\/\/mustadautoline.com\/no\/wp-json\/wp\/v2\/types\/page"}],"author":[{"embeddable":true,"href":"https:\/\/mustadautoline.com\/no\/wp-json\/wp\/v2\/users\/5"}],"replies":[{"embeddable":true,"href":"https:\/\/mustadautoline.com\/no\/wp-json\/wp\/v2\/comments?post=2035"}],"version-history":[{"count":0,"href":"https:\/\/mustadautoline.com\/no\/wp-json\/wp\/v2\/pages\/2035\/revisions"}],"wp:attachment":[{"href":"https:\/\/mustadautoline.com\/no\/wp-json\/wp\/v2\/media?parent=2035"}],"curies":[{"name":"wp","href":"https:\/\/api.w.org\/{rel}","templated":true}]}}