{"id":808,"date":"2024-02-19T13:22:17","date_gmt":"2024-02-19T12:22:17","guid":{"rendered":"https:\/\/mustadautoline.com\/produkter\/"},"modified":"2025-01-16T16:05:39","modified_gmt":"2025-01-16T15:05:39","slug":"produkter","status":"publish","type":"page","link":"https:\/\/mustadautoline.com\/no\/produkter\/","title":{"rendered":"Produkter"},"content":{"rendered":"<div class=\"wpb-content-wrapper\"><p>[vc_row unlock_row_content=&raquo;yes&raquo; row_height_percent=&raquo;0&#8243; back_color=&raquo;color-lxmt&raquo; overlay_alpha=&raquo;50&#8243; gutter_size=&raquo;3&#8243; column_width_percent=&raquo;100&#8243; shift_y=&raquo;0&#8243; z_index=&raquo;0&#8243; uncode_shortcode_id=&raquo;993168&#8243; back_color_type=&raquo;uncode-palette&raquo;][vc_column width=&raquo;1\/1&#8243;][vc_custom_heading text_color=&raquo;color-wvjs&raquo; heading_semantic=&raquo;h3&#8243; text_font=&raquo;font-125558&#8243; text_size=&raquo;h3&#8243; uncode_shortcode_id=&raquo;181209&#8243; text_color_type=&raquo;uncode-palette&raquo;]Produkter[\/vc_custom_heading][\/vc_column][\/vc_row][vc_row row_height_percent=&raquo;0&#8243; overlay_alpha=&raquo;50&#8243; equal_height=&raquo;yes&raquo; gutter_size=&raquo;3&#8243; column_width_percent=&raquo;100&#8243; shift_y=&raquo;0&#8243; z_index=&raquo;0&#8243; uncode_shortcode_id=&raquo;260973&#8243;][vc_column column_width_percent=&raquo;100&#8243; align_horizontal=&raquo;align_center&raquo; gutter_size=&raquo;1&#8243; overlay_alpha=&raquo;50&#8243; shift_x=&raquo;0&#8243; shift_y=&raquo;0&#8243; shift_y_down=&raquo;0&#8243; z_index=&raquo;0&#8243; medium_width=&raquo;0&#8243; mobile_width=&raquo;0&#8243; width=&raquo;1\/1&#8243; uncode_shortcode_id=&raquo;106491&#8243;][vc_custom_heading text_color=&raquo;color-882395&#8243; heading_semantic=&raquo;h1&#8243; text_font=&raquo;font-125558&#8243; text_size=&raquo;h1&#8243; uncode_shortcode_id=&raquo;612652&#8243; text_color_type=&raquo;uncode-palette&raquo;]Mustad Autoline-produkter[\/vc_custom_heading][vc_column_text text_lead=&raquo;yes&raquo; text_color=&raquo;color-882395&#8243; uncode_shortcode_id=&raquo;105310&#8243; text_color_type=&raquo;uncode-palette&raquo;]En bedre m\u00e5te \u00e5 fiske p\u00e5![\/vc_column_text][\/vc_column][\/vc_row][vc_row row_height_percent=&raquo;0&#8243; overlay_alpha=&raquo;50&#8243; equal_height=&raquo;yes&raquo; gutter_size=&raquo;3&#8243; column_width_percent=&raquo;100&#8243; shift_y=&raquo;0&#8243; z_index=&raquo;0&#8243; uncode_shortcode_id=&raquo;260973&#8243;][vc_column column_width_percent=&raquo;100&#8243; align_horizontal=&raquo;align_center&raquo; gutter_size=&raquo;1&#8243; overlay_alpha=&raquo;50&#8243; shift_x=&raquo;0&#8243; shift_y=&raquo;0&#8243; shift_y_down=&raquo;0&#8243; z_index=&raquo;0&#8243; medium_width=&raquo;0&#8243; mobile_width=&raquo;0&#8243; width=&raquo;1\/1&#8243; uncode_shortcode_id=&raquo;106491&#8243;][vc_column_text text_lead=&raquo;yes&raquo; text_color=&raquo;color-882395&#8243; uncode_shortcode_id=&raquo;119203&#8243; text_color_type=&raquo;uncode-palette&raquo;]Last ned <a href=\"https:\/\/mustadautoline.com\/wp-content\/uploads\/2024\/10\/2023-Catalog-Mustad-Autoline-ENG-small-1.pdf\" target=\"_blank\" rel=\"noopener\">produktkatalogen<\/a> v\u00e5r[\/vc_column_text][\/vc_column][\/vc_row][vc_row row_height_percent=&raquo;0&#8243; overlay_alpha=&raquo;50&#8243; equal_height=&raquo;yes&raquo; gutter_size=&raquo;3&#8243; column_width_percent=&raquo;100&#8243; shift_y=&raquo;0&#8243; z_index=&raquo;0&#8243; uncode_shortcode_id=&raquo;260973&#8243;][vc_column column_width_percent=&raquo;100&#8243; gutter_size=&raquo;1&#8243; overlay_alpha=&raquo;50&#8243; shift_x=&raquo;0&#8243; shift_y=&raquo;0&#8243; shift_y_down=&raquo;0&#8243; z_index=&raquo;0&#8243; medium_width=&raquo;0&#8243; mobile_width=&raquo;0&#8243; width=&raquo;1\/1&#8243; uncode_shortcode_id=&raquo;795150&#8243;][uncode_index el_id=&raquo;index-141101-no&raquo; loop=&raquo;size:100|order_by:date|post_type:products|taxonomy_count:10&#8243; screen_lg=&raquo;1000&#8243; screen_md=&raquo;600&#8243; screen_sm=&raquo;480&#8243; filtering=&raquo;ajax&raquo; ajax_filters_content_block_id=&raquo;853&#8243; ajax_filters_layout=&raquo;overlay&raquo; filter_typography=&raquo;inherit&raquo; active_filters=&raquo;right&raquo; clear_all=&raquo;show&raquo; gutter_size=&raquo;3&#8243; products_items=&raquo;media|featured|onpost|original,title,text|excerpt|60&#8243; single_back_color=&raquo;color-lxmt&raquo; single_overlay_opacity=&raquo;50&#8243; single_padding=&raquo;2&#8243; single_title_family=&raquo;font-125558&#8243; single_title_dimension=&raquo;h4&#8243; uncode_shortcode_id=&raquo;165769&#8243; filter_toggle_show_text=&raquo;Vis produktfilter&raquo; filter_toggle_hide_text=&raquo;Lukk produktfilter&raquo;][\/vc_column][\/vc_row]<\/p>\n<\/div>","protected":false},"excerpt":{"rendered":"<p>[vc_row unlock_row_content=&raquo;yes&raquo; row_height_percent=&raquo;0&#8243; back_color=&raquo;color-lxmt&raquo; overlay_alpha=&raquo;50&#8243; gutter_size=&raquo;3&#8243; column_width_percent=&raquo;100&#8243; shift_y=&raquo;0&#8243; z_index=&raquo;0&#8243; uncode_shortcode_id=&raquo;993168&#8243; back_color_type=&raquo;uncode-palette&raquo;][vc_column width=&raquo;1\/1&#8243;][vc_custom_heading text_color=&raquo;color-wvjs&raquo; heading_semantic=&raquo;h3&#8243; text_font=&raquo;font-125558&#8243; text_size=&raquo;h3&#8243; uncode_shortcode_id=&raquo;181209&#8243; text_color_type=&raquo;uncode-palette&raquo;]Produkter[\/vc_custom_heading][\/vc_column][\/vc_row][vc_row row_height_percent=&raquo;0&#8243; overlay_alpha=&raquo;50&#8243; [&hellip;]<\/p>\n","protected":false},"author":1,"featured_media":0,"parent":0,"menu_order":0,"comment_status":"closed","ping_status":"closed","template":"","meta":{"_acf_changed":false,"footnotes":""},"class_list":["post-808","page","type-page","status-publish","hentry"],"acf":[],"_links":{"self":[{"href":"https:\/\/mustadautoline.com\/no\/wp-json\/wp\/v2\/pages\/808","targetHints":{"allow":["GET"]}}],"collection":[{"href":"https:\/\/mustadautoline.com\/no\/wp-json\/wp\/v2\/pages"}],"about":[{"href":"https:\/\/mustadautoline.com\/no\/wp-json\/wp\/v2\/types\/page"}],"author":[{"embeddable":true,"href":"https:\/\/mustadautoline.com\/no\/wp-json\/wp\/v2\/users\/1"}],"replies":[{"embeddable":true,"href":"https:\/\/mustadautoline.com\/no\/wp-json\/wp\/v2\/comments?post=808"}],"version-history":[{"count":0,"href":"https:\/\/mustadautoline.com\/no\/wp-json\/wp\/v2\/pages\/808\/revisions"}],"wp:attachment":[{"href":"https:\/\/mustadautoline.com\/no\/wp-json\/wp\/v2\/media?parent=808"}],"curies":[{"name":"wp","href":"https:\/\/api.w.org\/{rel}","templated":true}]}}