{"id":811,"date":"2024-02-19T13:23:04","date_gmt":"2024-02-19T12:23:04","guid":{"rendered":"https:\/\/mustadautoline.com\/om-oss\/"},"modified":"2024-11-07T09:31:26","modified_gmt":"2024-11-07T08:31:26","slug":"om-oss","status":"publish","type":"page","link":"https:\/\/mustadautoline.com\/no\/om-oss\/","title":{"rendered":"Om oss"},"content":{"rendered":"<div class=\"wpb-content-wrapper\"><p>[vc_row unlock_row_content=&raquo;yes&raquo; row_height_percent=&raquo;0&#8243; override_padding=&raquo;yes&raquo; h_padding=&raquo;0&#8243; top_padding=&raquo;0&#8243; bottom_padding=&raquo;1&#8243; back_image=&raquo;302&#8243; overlay_alpha=&raquo;50&#8243; gutter_size=&raquo;3&#8243; column_width_percent=&raquo;100&#8243; shift_y=&raquo;0&#8243; z_index=&raquo;0&#8243; uncode_shortcode_id=&raquo;547955&#8243; row_height_pixel=&raquo;500&#8243;][vc_column width=&raquo;1\/1&#8243;][\/vc_column][\/vc_row][vc_row row_height_percent=&raquo;0&#8243; overlay_alpha=&raquo;50&#8243; gutter_size=&raquo;3&#8243; column_width_use_pixel=&raquo;yes&raquo; shift_y=&raquo;0&#8243; z_index=&raquo;0&#8243; uncode_shortcode_id=&raquo;134839&#8243; column_width_pixel=&raquo;900&#8243;][vc_column width=&raquo;1\/1&#8243;][vc_custom_heading heading_semantic=&raquo;h1&#8243; text_size=&raquo;h1&#8243; text_weight=&raquo;400&#8243; uncode_shortcode_id=&raquo;156863&#8243;]Om oss[\/vc_custom_heading][vc_custom_heading heading_semantic=&raquo;h3&#8243; text_size=&raquo;h3&#8243; text_weight=&raquo;400&#8243; uncode_shortcode_id=&raquo;124406&#8243;]Mustad Autoline har spesialisert seg p\u00e5 \u00e5 utvikle og levere automatisert langlineutstyr til den globale linefiskefl\u00e5ten.[\/vc_custom_heading][vc_column_text text_lead=&raquo;yes&raquo; uncode_shortcode_id=&raquo;970128&#8243;]Mustad Autoline er verdensledende innen utvikling og levering av automatisert linefiskeutstyr. Vi betjener over 90 % av verdens demersale autolinefiskefl\u00e5ter og har ligget i forkant av innovasjonen siden vi ble grunnlagt p\u00e5 1970-tallet. I mer enn fem ti\u00e5r har vi kontinuerlig introdusert banebrytende l\u00f8sninger som hjelper fiskefl\u00e5tene med \u00e5 \u00f8ke fangsten av linefanget fisk. Produktutvalget v\u00e5rt er sv\u00e6rt variert, og vi tilbyr modeller som er skreddersydd for ulike fart\u00f8yst\u00f8rrelser, fra 33-fots kystb\u00e5ter til 200-fots fryselanglinefart\u00f8yer. Disse systemene kan sette og hale mellom 3000 og 80 000 kroker, noe som gj\u00f8r at utstyret v\u00e5rt kan tilpasses et bredt spekter av fiskeoperasjoner. Med v\u00e5re nyeste teknologiske fremskritt er Mustad Autoline fortsatt det foretrukne valget for de mest moderne og effektive lineb\u00e5tene verden over.[\/vc_column_text][\/vc_column][\/vc_row][vc_row row_height_percent=&raquo;0&#8243; overlay_alpha=&raquo;50&#8243; gutter_size=&raquo;3&#8243; column_width_use_pixel=&raquo;yes&raquo; shift_y=&raquo;0&#8243; z_index=&raquo;0&#8243; uncode_shortcode_id=&raquo;134839&#8243; column_width_pixel=&raquo;900&#8243;][vc_column column_width_percent=&raquo;100&#8243; gutter_size=&raquo;2&#8243; overlay_alpha=&raquo;50&#8243; shift_x=&raquo;0&#8243; shift_y=&raquo;0&#8243; shift_y_down=&raquo;0&#8243; z_index=&raquo;0&#8243; medium_width=&raquo;0&#8243; mobile_width=&raquo;0&#8243; width=&raquo;1\/3&#8243; uncode_shortcode_id=&raquo;136482&#8243;][vc_single_image media=&raquo;325&#8243; media_width_percent=&raquo;100&#8243; uncode_shortcode_id=&raquo;474848&#8243;][vc_row_inner][vc_column_inner column_width_percent=&raquo;100&#8243; gutter_size=&raquo;1&#8243; overlay_alpha=&raquo;50&#8243; shift_x=&raquo;0&#8243; shift_y=&raquo;0&#8243; shift_y_down=&raquo;0&#8243; z_index=&raquo;0&#8243; medium_width=&raquo;0&#8243; mobile_width=&raquo;0&#8243; width=&raquo;1\/1&#8243; uncode_shortcode_id=&raquo;208304&#8243;][vc_custom_heading text_size=&raquo;h6&#8243; uncode_shortcode_id=&raquo;136707&#8243;]Visjon, misjon og verdier[\/vc_custom_heading][vc_column_text uncode_shortcode_id=&raquo;142403&#8243;]V\u00e5r misjon er \u00e5 kontinuerlig innovere l\u00f8sninger slik at mer fisk kan fanges med krok og sn\u00f8re. &#8211; En bedre m\u00e5te \u00e5 fiske p\u00e5![\/vc_column_text][vc_button button_color=&raquo;accent&raquo; size=&raquo;link&raquo; link=&raquo;url:https%3A%2F%2Fmustad.wpenginepowered.com%2Fmission-vision-values%2F|title:Misjon%2C%20visjon%20og%20verdier|&raquo; button_color_type=&raquo;uncode-palette&raquo; uncode_shortcode_id=&raquo;177093&#8243;]Les mer om dette[\/vc_button][\/vc_column_inner][\/vc_row_inner][\/vc_column][vc_column column_width_percent=&raquo;100&#8243; gutter_size=&raquo;2&#8243; overlay_alpha=&raquo;50&#8243; shift_x=&raquo;0&#8243; shift_y=&raquo;0&#8243; shift_y_down=&raquo;0&#8243; z_index=&raquo;0&#8243; medium_width=&raquo;0&#8243; mobile_width=&raquo;0&#8243; width=&raquo;1\/3&#8243; uncode_shortcode_id=&raquo;197093&#8243;][vc_single_image media=&raquo;422&#8243; media_width_percent=&raquo;100&#8243; uncode_shortcode_id=&raquo;106575&#8243;][vc_row_inner][vc_column_inner column_width_percent=&raquo;100&#8243; gutter_size=&raquo;1&#8243; overlay_alpha=&raquo;50&#8243; shift_x=&raquo;0&#8243; shift_y=&raquo;0&#8243; shift_y_down=&raquo;0&#8243; z_index=&raquo;0&#8243; medium_width=&raquo;0&#8243; mobile_width=&raquo;0&#8243; width=&raquo;1\/1&#8243; uncode_shortcode_id=&raquo;154041&#8243; css=&raquo;.vc_custom_1712687718413{padding-right: 5px !important;padding-left: 5px !important;}&raquo;][vc_custom_heading text_size=&raquo;h6&#8243; uncode_shortcode_id=&raquo;754270&#8243;]Forskning og utvikling[\/vc_custom_heading][vc_column_text uncode_shortcode_id=&raquo;655169&#8243;]En av grunnene til Mustad Autolines suksess er v\u00e5r kontinuerlige investering i forskning og utvikling.[\/vc_column_text][vc_button button_color=&raquo;accent&raquo; size=&raquo;link&raquo; link=&raquo;url:https%3A%2F%2Fmustadautoline.com%2Frd%2F|title:FOU|&raquo; button_color_type=&raquo;uncode-palette&raquo; uncode_shortcode_id=&raquo;205491&#8243;]Les mer om dette[\/vc_button][\/vc_column_inner][\/vc_row_inner][\/vc_column][vc_column column_width_percent=&raquo;100&#8243; gutter_size=&raquo;2&#8243; overlay_alpha=&raquo;50&#8243; shift_x=&raquo;0&#8243; shift_y=&raquo;0&#8243; shift_y_down=&raquo;0&#8243; z_index=&raquo;0&#8243; medium_width=&raquo;0&#8243; mobile_width=&raquo;0&#8243; width=&raquo;1\/3&#8243; uncode_shortcode_id=&raquo;146206&#8243;][vc_single_image media=&raquo;327&#8243; media_width_percent=&raquo;100&#8243; uncode_shortcode_id=&raquo;346024&#8243;][vc_row_inner][vc_column_inner column_width_percent=&raquo;100&#8243; gutter_size=&raquo;1&#8243; overlay_alpha=&raquo;50&#8243; shift_x=&raquo;0&#8243; shift_y=&raquo;0&#8243; shift_y_down=&raquo;0&#8243; z_index=&raquo;0&#8243; medium_width=&raquo;0&#8243; mobile_width=&raquo;0&#8243; width=&raquo;1\/1&#8243; uncode_shortcode_id=&raquo;154041&#8243; css=&raquo;.vc_custom_1712687718413{padding-right: 5px !important;padding-left: 5px !important;}&raquo;][vc_custom_heading text_size=&raquo;h6&#8243; uncode_shortcode_id=&raquo;909065&#8243;]Laget i Norge[\/vc_custom_heading][vc_column_text uncode_shortcode_id=&raquo;160610&#8243;]Vi vet at produktene vi tilbyr, er helt avgj\u00f8rende for kundenes inntekter. [\/vc_column_text][vc_button button_color=&raquo;accent&raquo; size=&raquo;link&raquo; link=&raquo;url:https%3A%2F%2Fmustadautoline.com%2Fmade-in-norway%2F|title:Produsert%20i%20Norge|&raquo; button_color_type=&raquo;uncode-palette&raquo; uncode_shortcode_id=&raquo;138440&#8243;]Les mer om dette[\/vc_button][\/vc_column_inner][\/vc_row_inner][\/vc_column][\/vc_row][vc_row row_height_percent=&raquo;0&#8243; override_padding=&raquo;yes&raquo; h_padding=&raquo;2&#8243; top_padding=&raquo;2&#8243; bottom_padding=&raquo;3&#8243; overlay_alpha=&raquo;50&#8243; gutter_size=&raquo;3&#8243; column_width_use_pixel=&raquo;yes&raquo; shift_y=&raquo;0&#8243; z_index=&raquo;0&#8243; uncode_shortcode_id=&raquo;324204&#8243; column_width_pixel=&raquo;900&#8243;][vc_column column_width_percent=&raquo;100&#8243; gutter_size=&raquo;2&#8243; overlay_alpha=&raquo;50&#8243; shift_x=&raquo;0&#8243; shift_y=&raquo;0&#8243; shift_y_down=&raquo;0&#8243; z_index=&raquo;0&#8243; medium_width=&raquo;0&#8243; mobile_width=&raquo;0&#8243; width=&raquo;1\/3&#8243; uncode_shortcode_id=&raquo;197093&#8243;][vc_single_image media=&raquo;324&#8243; media_width_percent=&raquo;100&#8243; uncode_shortcode_id=&raquo;587147&#8243;][vc_row_inner][vc_column_inner column_width_percent=&raquo;100&#8243; gutter_size=&raquo;1&#8243; overlay_alpha=&raquo;50&#8243; shift_x=&raquo;0&#8243; shift_y=&raquo;0&#8243; shift_y_down=&raquo;0&#8243; z_index=&raquo;0&#8243; medium_width=&raquo;0&#8243; mobile_width=&raquo;0&#8243; width=&raquo;1\/1&#8243; uncode_shortcode_id=&raquo;154041&#8243; css=&raquo;.vc_custom_1712687718413{padding-right: 5px !important;padding-left: 5px !important;}&raquo;][vc_custom_heading text_size=&raquo;h6&#8243; uncode_shortcode_id=&raquo;455587&#8243;]Retningslinjer for b\u00e6rekraft og HMSK[\/vc_custom_heading][vc_column_text uncode_shortcode_id=&raquo;162154&#8243;]Mustad Autoline har som m\u00e5l \u00e5 ligge i forkant n\u00e5r det gjelder milj\u00f8forbedringer[\/vc_column_text][vc_button button_color=&raquo;accent&raquo; size=&raquo;link&raquo; link=&raquo;url:https%3A%2F%2Fmustad.wpenginepowered.com%2Fcorporate-environmental-policy%2F|title:Bedriftens%20milj%C3%B8politikk|&raquo; button_color_type=&raquo;uncode-palette&raquo; uncode_shortcode_id=&raquo;178089&#8243;]Les mer om dette[\/vc_button][\/vc_column_inner][\/vc_row_inner][\/vc_column][vc_column column_width_percent=&raquo;100&#8243; gutter_size=&raquo;2&#8243; overlay_alpha=&raquo;50&#8243; shift_x=&raquo;0&#8243; shift_y=&raquo;0&#8243; shift_y_down=&raquo;0&#8243; z_index=&raquo;0&#8243; medium_width=&raquo;0&#8243; mobile_width=&raquo;0&#8243; width=&raquo;1\/3&#8243; uncode_shortcode_id=&raquo;171977&#8243;][vc_single_image media=&raquo;328&#8243; media_width_percent=&raquo;100&#8243; uncode_shortcode_id=&raquo;990999&#8243;][vc_row_inner][vc_column_inner column_width_percent=&raquo;100&#8243; gutter_size=&raquo;1&#8243; overlay_alpha=&raquo;50&#8243; shift_x=&raquo;0&#8243; shift_y=&raquo;0&#8243; shift_y_down=&raquo;0&#8243; z_index=&raquo;0&#8243; medium_width=&raquo;0&#8243; mobile_width=&raquo;0&#8243; width=&raquo;1\/1&#8243; uncode_shortcode_id=&raquo;124134&#8243; css=&raquo;.vc_custom_1717154333648{padding-right: 5px !important;padding-left: 5px !important;}&raquo;][vc_custom_heading text_size=&raquo;h6&#8243; uncode_shortcode_id=&raquo;108402&#8243;]Retningslinjer for personvern[\/vc_custom_heading][vc_column_text uncode_shortcode_id=&raquo;786897&#8243;]<\/p>\n<div class=\"constrained\">\n<p>Det er viktig for Mustad Autoline \u00e5 beskytte sikkerheten og personvernet til personopplysningene dine&#8230;<\/p>\n<\/div>\n<p>[\/vc_column_text][vc_button button_color=&raquo;accent&raquo; size=&raquo;link&raquo; link=&raquo;url:https%3A%2F%2Fmustad.wpenginepowered.com%2Fprivacy-policy%2F|title:Retningslinjer%20for%20personvern|&raquo; button_color_type=&raquo;uncode-palette&raquo; uncode_shortcode_id=&raquo;324881&#8243;]Les mer om dette[\/vc_button][\/vc_column_inner][\/vc_row_inner][\/vc_column][vc_column column_width_percent=&raquo;100&#8243; gutter_size=&raquo;2&#8243; overlay_alpha=&raquo;50&#8243; shift_x=&raquo;0&#8243; shift_y=&raquo;0&#8243; shift_y_down=&raquo;0&#8243; z_index=&raquo;0&#8243; medium_width=&raquo;0&#8243; mobile_width=&raquo;0&#8243; width=&raquo;1\/3&#8243; uncode_shortcode_id=&raquo;146206&#8243;][vc_single_image media=&raquo;318&#8243; media_width_percent=&raquo;100&#8243; uncode_shortcode_id=&raquo;627239&#8243;][vc_row_inner][vc_column_inner column_width_percent=&raquo;100&#8243; gutter_size=&raquo;1&#8243; overlay_alpha=&raquo;50&#8243; shift_x=&raquo;0&#8243; shift_y=&raquo;0&#8243; shift_y_down=&raquo;0&#8243; z_index=&raquo;0&#8243; medium_width=&raquo;0&#8243; mobile_width=&raquo;0&#8243; width=&raquo;1\/1&#8243; uncode_shortcode_id=&raquo;154041&#8243; css=&raquo;.vc_custom_1712687718413{padding-right: 5px !important;padding-left: 5px !important;}&raquo;][vc_custom_heading text_size=&raquo;h6&#8243; uncode_shortcode_id=&raquo;180564&#8243;]Historie[\/vc_custom_heading][vc_column_text uncode_shortcode_id=&raquo;121861&#8243;]Ved inngangen til 1800-tallet var det norske industrilandskapet fragmentert, og&#8230;[\/vc_column_text][vc_button button_color=&raquo;accent&raquo; size=&raquo;link&raquo; link=&raquo;url:https%3A%2F%2Fmustadautoline.com%2Fhistory%2F|title:Historie|&raquo; button_color_type=&raquo;uncode-palette&raquo; uncode_shortcode_id=&raquo;101448&#8243;]Les mer om dette[\/vc_button][\/vc_column_inner][\/vc_row_inner][\/vc_column][\/vc_row]<\/p>\n<\/div>","protected":false},"excerpt":{"rendered":"<p>[vc_row unlock_row_content=&raquo;yes&raquo; row_height_percent=&raquo;0&#8243; override_padding=&raquo;yes&raquo; h_padding=&raquo;0&#8243; top_padding=&raquo;0&#8243; bottom_padding=&raquo;1&#8243; back_image=&raquo;302&#8243; overlay_alpha=&raquo;50&#8243; gutter_size=&raquo;3&#8243; column_width_percent=&raquo;100&#8243; shift_y=&raquo;0&#8243; z_index=&raquo;0&#8243; uncode_shortcode_id=&raquo;547955&#8243; row_height_pixel=&raquo;500&#8243;][vc_column width=&raquo;1\/1&#8243;][\/vc_column][\/vc_row][vc_row row_height_percent=&raquo;0&#8243; overlay_alpha=&raquo;50&#8243; gutter_size=&raquo;3&#8243; column_width_use_pixel=&raquo;yes&raquo; [&hellip;]<\/p>\n","protected":false},"author":1,"featured_media":0,"parent":0,"menu_order":0,"comment_status":"closed","ping_status":"closed","template":"","meta":{"_acf_changed":false,"footnotes":""},"class_list":["post-811","page","type-page","status-publish","hentry"],"acf":[],"_links":{"self":[{"href":"https:\/\/mustadautoline.com\/no\/wp-json\/wp\/v2\/pages\/811","targetHints":{"allow":["GET"]}}],"collection":[{"href":"https:\/\/mustadautoline.com\/no\/wp-json\/wp\/v2\/pages"}],"about":[{"href":"https:\/\/mustadautoline.com\/no\/wp-json\/wp\/v2\/types\/page"}],"author":[{"embeddable":true,"href":"https:\/\/mustadautoline.com\/no\/wp-json\/wp\/v2\/users\/1"}],"replies":[{"embeddable":true,"href":"https:\/\/mustadautoline.com\/no\/wp-json\/wp\/v2\/comments?post=811"}],"version-history":[{"count":0,"href":"https:\/\/mustadautoline.com\/no\/wp-json\/wp\/v2\/pages\/811\/revisions"}],"wp:attachment":[{"href":"https:\/\/mustadautoline.com\/no\/wp-json\/wp\/v2\/media?parent=811"}],"curies":[{"name":"wp","href":"https:\/\/api.w.org\/{rel}","templated":true}]}}