{"id":812,"date":"2024-03-05T11:11:08","date_gmt":"2024-03-05T10:11:08","guid":{"rendered":"https:\/\/mustadautoline.com\/fou\/"},"modified":"2024-11-07T09:31:26","modified_gmt":"2024-11-07T08:31:26","slug":"fou","status":"publish","type":"page","link":"https:\/\/mustadautoline.com\/no\/fou\/","title":{"rendered":"FOU"},"content":{"rendered":"<div class=\"wpb-content-wrapper\"><p>[vc_row row_height_percent=&raquo;0&#8243; overlay_alpha=&raquo;50&#8243; gutter_size=&raquo;3&#8243; column_width_use_pixel=&raquo;yes&raquo; shift_y=&raquo;0&#8243; z_index=&raquo;0&#8243; uncode_shortcode_id=&raquo;199365&#8243; column_width_pixel=&raquo;900&#8243;][vc_column width=&raquo;1\/2&#8243;][vc_custom_heading heading_semantic=&raquo;h1&#8243; text_font=&raquo;font-125558&#8243; text_size=&raquo;h1&#8243; text_weight=&raquo;800&#8243; uncode_shortcode_id=&raquo;844587&#8243;]<strong>Kunnskap, forskning og utvikling<\/strong>[\/vc_custom_heading][vc_column_text uncode_shortcode_id=&raquo;873540&#8243;]En av grunnene til Mustad Autolines suksess er den betydelige investeringen i forskning og utvikling (FoU). Hvert \u00e5r avsetter Mustad Autoline opptil 15 % av sine totale inntekter til FoU. Denne investeringen bidrar ikke bare til oppfinnelsen av neste generasjons utstyr, men muliggj\u00f8r ogs\u00e5 justeringer av v\u00e5re velkjente maskiner, noe som gir kundene v\u00e5re trinnvise effektivitetsforbedringer \u00e5r etter \u00e5r. V\u00e5re serviceteknikere, ingeni\u00f8rer og selgere samler kontinuerlig inn tilbakemeldinger fra kunder over hele verden, noe som gir verdifull innsikt i potensielle forbedringer.[\/vc_column_text][vc_column_text uncode_shortcode_id=&raquo;835449&#8243;]I tillegg til v\u00e5rt eksepsjonelle team av ingeni\u00f8rer og teknikere samarbeider vi tett med forskere fra anerkjente FoU-institusjoner som SINTEF, NTNU og andre universiteter. Vi samarbeider ogs\u00e5 med sv\u00e6rt profesjonelle leverand\u00f8rer, og utnytter deres FoU-ekspertise til \u00e5 forbedre produktene v\u00e5re. Mustad Autoline er en del av NCE Raufoss, en klynge av verdensledende, teknologiintensive produsenter med base i Norge. Denne tilknytningen hjelper oss med \u00e5 holde oss i forkant av teknologiske fremskritt som er relevante for produktene v\u00e5re.[\/vc_column_text][\/vc_column][vc_column width=&raquo;1\/2&#8243;][vc_single_image media=&raquo;179&#8243; media_width_percent=&raquo;100&#8243; uncode_shortcode_id=&raquo;110947&#8243;][\/vc_column][\/vc_row][vc_row unlock_row_content=&raquo;yes&raquo; row_height_percent=&raquo;0&#8243; override_padding=&raquo;yes&raquo; h_padding=&raquo;0&#8243; top_padding=&raquo;0&#8243; bottom_padding=&raquo;1&#8243; back_image=&raquo;177&#8243; overlay_alpha=&raquo;50&#8243; gutter_size=&raquo;3&#8243; column_width_percent=&raquo;100&#8243; shift_y=&raquo;0&#8243; z_index=&raquo;0&#8243; uncode_shortcode_id=&raquo;359149&#8243; row_height_pixel=&raquo;500&#8243;][vc_column width=&raquo;1\/1&#8243;][\/vc_column][\/vc_row]<\/p>\n<\/div>","protected":false},"excerpt":{"rendered":"<p>[vc_row row_height_percent=&raquo;0&#8243; overlay_alpha=&raquo;50&#8243; gutter_size=&raquo;3&#8243; column_width_use_pixel=&raquo;yes&raquo; shift_y=&raquo;0&#8243; z_index=&raquo;0&#8243; uncode_shortcode_id=&raquo;199365&#8243; column_width_pixel=&raquo;900&#8243;][vc_column width=&raquo;1\/2&#8243;][vc_custom_heading heading_semantic=&raquo;h1&#8243; text_font=&raquo;font-125558&#8243; text_size=&raquo;h1&#8243; text_weight=&raquo;800&#8243; uncode_shortcode_id=&raquo;844587&#8243;]Kunnskap, forskning og utvikling[\/vc_custom_heading][vc_column_text uncode_shortcode_id=&raquo;873540&#8243;]En av [&hellip;]<\/p>\n","protected":false},"author":1,"featured_media":0,"parent":0,"menu_order":0,"comment_status":"closed","ping_status":"closed","template":"","meta":{"_acf_changed":false,"footnotes":""},"class_list":["post-812","page","type-page","status-publish","hentry"],"acf":[],"_links":{"self":[{"href":"https:\/\/mustadautoline.com\/no\/wp-json\/wp\/v2\/pages\/812","targetHints":{"allow":["GET"]}}],"collection":[{"href":"https:\/\/mustadautoline.com\/no\/wp-json\/wp\/v2\/pages"}],"about":[{"href":"https:\/\/mustadautoline.com\/no\/wp-json\/wp\/v2\/types\/page"}],"author":[{"embeddable":true,"href":"https:\/\/mustadautoline.com\/no\/wp-json\/wp\/v2\/users\/1"}],"replies":[{"embeddable":true,"href":"https:\/\/mustadautoline.com\/no\/wp-json\/wp\/v2\/comments?post=812"}],"version-history":[{"count":0,"href":"https:\/\/mustadautoline.com\/no\/wp-json\/wp\/v2\/pages\/812\/revisions"}],"wp:attachment":[{"href":"https:\/\/mustadautoline.com\/no\/wp-json\/wp\/v2\/media?parent=812"}],"curies":[{"name":"wp","href":"https:\/\/api.w.org\/{rel}","templated":true}]}}