{"id":814,"date":"2024-03-06T10:26:59","date_gmt":"2024-03-06T09:26:59","guid":{"rendered":"https:\/\/mustadautoline.com\/e-line-systemet\/"},"modified":"2024-11-07T09:31:27","modified_gmt":"2024-11-07T08:31:27","slug":"e-line-systemet","status":"publish","type":"page","link":"https:\/\/mustadautoline.com\/no\/e-line-systemet\/","title":{"rendered":"E-LINE-systemet"},"content":{"rendered":"<div class=\"wpb-content-wrapper\"><p>[vc_row row_height_percent=&raquo;0&#8243; overlay_alpha=&raquo;50&#8243; gutter_size=&raquo;3&#8243; column_width_use_pixel=&raquo;yes&raquo; shift_y=&raquo;0&#8243; z_index=&raquo;0&#8243; uncode_shortcode_id=&raquo;465875&#8243; column_width_pixel=&raquo;900&#8243;][vc_column column_width_percent=&raquo;100&#8243; gutter_size=&raquo;2&#8243; overlay_alpha=&raquo;50&#8243; shift_x=&raquo;0&#8243; shift_y=&raquo;0&#8243; shift_y_down=&raquo;0&#8243; z_index=&raquo;0&#8243; medium_width=&raquo;0&#8243; mobile_width=&raquo;0&#8243; width=&raquo;1\/1&#8243; uncode_shortcode_id=&raquo;189745&#8243;][vc_custom_heading heading_semantic=&raquo;h1&#8243; text_size=&raquo;fontsize-167834&#8243; uncode_shortcode_id=&raquo;384186&#8243;]Mustad Autoline E-LINE, helelektrisk teknologi for autolining[\/vc_custom_heading][vc_custom_heading text_size=&raquo;h3&#8243; text_weight=&raquo;400&#8243; uncode_shortcode_id=&raquo;817518&#8243;]Designet for bedre driftsegenskaper og en kliman\u00f8ytral fremtid. Oppdag v\u00e5rt kraftige og presise helelektriske system for autolining.[\/vc_custom_heading][vc_empty_space empty_h=&raquo;1&#8243;][vc_column_text text_lead=&raquo;yes&raquo; uncode_shortcode_id=&raquo;174537&#8243;]Vi presenterer Mustad Autoline E-Line System, v\u00e5r nye serie med helelektriske komponenter for autolining. Utviklet og produsert i Norge. Testet beh\u00f8rig i faktisk drift. Det helelektriske Mustad Autoline DeepSea E-Line-systemet leveres til verdens mest moderne og effektive fryselanglineb\u00e5ter. Tilpasset for b\u00e5ter fra 70 fot med mulighet til \u00e5 sette og hale opp til 80 000 kroker per dag. Med v\u00e5r nyeste teknologi fortsetter Mustad Autoline \u00e5 v\u00e6re det ledende valget for langlinefiskere over hele verden.<br \/>\n[\/vc_column_text][vc_empty_space empty_h=&raquo;1&#8243;][vc_single_image media=&raquo;148&#8243; media_width_percent=&raquo;100&#8243; uncode_shortcode_id=&raquo;181303&#8243;][vc_empty_space empty_h=&raquo;1&#8243;][vc_column_text text_lead=&raquo;yes&raquo; uncode_shortcode_id=&raquo;472127&#8243;]<strong>Intelligent interaksjon &#8211; PLS-basert kontrollsystem<\/strong><\/p>\n<p>Alle komponentene er koblet sammen og synkronisert for \u00e5 sikre kontinuerlig og optimal drift av systemet. Direkte dataoverv\u00e5king til broen gir kontroll over temperatur, effekt, belastning, feilvarsling osv. Kontrollsystemet kan kobles til en Mustad Autoline-tekniker for \u00e5 muliggj\u00f8re gjennomgang av eventuelle problemer som kan oppst\u00e5. Forutseende vedlikehold og datadiagnostikk vil v\u00e6re mulig basert p\u00e5 maskinl\u00e6ring av akkumulerte data. <\/p>\n<p><strong><br \/>\nAdaptivt kontrollsystem<\/strong><\/p>\n<p>Den autonome reaksjonen p\u00e5 fart\u00f8yets bevegelser gir mer n\u00f8yaktig spenningskontroll og strammere liner ved haling, selv i grov sj\u00f8. Dette reduserer risikoen for \u00e5 miste fisk under haling, og reduserer risikoen for brudd og slitasje p\u00e5 linen. <\/p>\n<p><strong>Med omtanke for milj\u00f8et<\/strong><\/p>\n<p>Mindre hydraulikkolje reduserer risikoen for forurensning. Uten hydrauliske vibrasjoner blir det mindre st\u00f8yforurensning, noe som gir et betydelig bedre arbeidsmilj\u00f8 for mannskapet og mindre forstyrrelser i det ytre milj\u00f8et. <\/p>\n<p><strong>Energibesparende &#8211; mindre karbonavtrykk<\/strong><\/p>\n<p>Sammenligning av effekten av hydrauliske og elektriske autolinesystemer viser en bemerkelsesverdig reduksjon av energiforbruket.[\/vc_column_text][\/vc_column][\/vc_row][vc_row row_height_percent=&raquo;0&#8243; overlay_alpha=&raquo;50&#8243; gutter_size=&raquo;3&#8243; column_width_use_pixel=&raquo;yes&raquo; shift_y=&raquo;0&#8243; z_index=&raquo;0&#8243; uncode_shortcode_id=&raquo;104404&#8243; column_width_pixel=&raquo;900&#8243;][vc_column width=&raquo;1\/1&#8243;][vc_single_image media=&raquo;150&#8243; media_width_percent=&raquo;100&#8243; uncode_shortcode_id=&raquo;114852&#8243;][\/vc_column][\/vc_row]<\/p>\n<\/div>","protected":false},"excerpt":{"rendered":"<p>[vc_row row_height_percent=&raquo;0&#8243; overlay_alpha=&raquo;50&#8243; gutter_size=&raquo;3&#8243; column_width_use_pixel=&raquo;yes&raquo; shift_y=&raquo;0&#8243; z_index=&raquo;0&#8243; uncode_shortcode_id=&raquo;465875&#8243; column_width_pixel=&raquo;900&#8243;][vc_column column_width_percent=&raquo;100&#8243; gutter_size=&raquo;2&#8243; overlay_alpha=&raquo;50&#8243; shift_x=&raquo;0&#8243; shift_y=&raquo;0&#8243; shift_y_down=&raquo;0&#8243; z_index=&raquo;0&#8243; medium_width=&raquo;0&#8243; mobile_width=&raquo;0&#8243; width=&raquo;1\/1&#8243; uncode_shortcode_id=&raquo;189745&#8243;][vc_custom_heading [&hellip;]<\/p>\n","protected":false},"author":1,"featured_media":0,"parent":0,"menu_order":0,"comment_status":"closed","ping_status":"closed","template":"","meta":{"_acf_changed":false,"footnotes":""},"class_list":["post-814","page","type-page","status-publish","hentry"],"acf":[],"_links":{"self":[{"href":"https:\/\/mustadautoline.com\/no\/wp-json\/wp\/v2\/pages\/814","targetHints":{"allow":["GET"]}}],"collection":[{"href":"https:\/\/mustadautoline.com\/no\/wp-json\/wp\/v2\/pages"}],"about":[{"href":"https:\/\/mustadautoline.com\/no\/wp-json\/wp\/v2\/types\/page"}],"author":[{"embeddable":true,"href":"https:\/\/mustadautoline.com\/no\/wp-json\/wp\/v2\/users\/1"}],"replies":[{"embeddable":true,"href":"https:\/\/mustadautoline.com\/no\/wp-json\/wp\/v2\/comments?post=814"}],"version-history":[{"count":0,"href":"https:\/\/mustadautoline.com\/no\/wp-json\/wp\/v2\/pages\/814\/revisions"}],"wp:attachment":[{"href":"https:\/\/mustadautoline.com\/no\/wp-json\/wp\/v2\/media?parent=814"}],"curies":[{"name":"wp","href":"https:\/\/api.w.org\/{rel}","templated":true}]}}