{"id":816,"date":"2024-03-05T11:11:29","date_gmt":"2024-03-05T10:11:29","guid":{"rendered":"https:\/\/mustadautoline.com\/laget-i-norge\/"},"modified":"2024-11-07T09:31:29","modified_gmt":"2024-11-07T08:31:29","slug":"laget-i-norge","status":"publish","type":"page","link":"https:\/\/mustadautoline.com\/no\/laget-i-norge\/","title":{"rendered":"Laget i Norge"},"content":{"rendered":"<div class=\"wpb-content-wrapper\"><p>[vc_row row_height_percent=&raquo;0&#8243; overlay_alpha=&raquo;50&#8243; gutter_size=&raquo;3&#8243; column_width_use_pixel=&raquo;yes&raquo; shift_y=&raquo;0&#8243; z_index=&raquo;0&#8243; uncode_shortcode_id=&raquo;411978&#8243; column_width_pixel=&raquo;900&#8243;][vc_column width=&raquo;1\/1&#8243;][vc_custom_heading heading_semantic=&raquo;h1&#8243; text_font=&raquo;font-125558&#8243; text_size=&raquo;h1&#8243; text_weight=&raquo;800&#8243; uncode_shortcode_id=&raquo;198103&#8243;]Laget i Norge[\/vc_custom_heading][\/vc_column][\/vc_row][vc_row row_height_percent=&raquo;0&#8243; overlay_alpha=&raquo;50&#8243; gutter_size=&raquo;3&#8243; column_width_use_pixel=&raquo;yes&raquo; shift_y=&raquo;0&#8243; z_index=&raquo;0&#8243; uncode_shortcode_id=&raquo;809520&#8243; column_width_pixel=&raquo;900&#8243;][vc_column width=&raquo;1\/2&#8243;][vc_single_image media=&raquo;187&#8243; media_width_percent=&raquo;100&#8243; uncode_shortcode_id=&raquo;199434&#8243;][\/vc_column][vc_column width=&raquo;1\/2&#8243;][vc_column_text text_lead=&raquo;yes&raquo; uncode_shortcode_id=&raquo;303503&#8243;]Vi vet at produktene vi leverer er helt avgj\u00f8rende for kundenes inntekter. I det \u00f8yeblikket en del av Autoline-utstyret svikter, taper kunden penger. Det betyr at vi m\u00e5 tilby best mulig kvalitet p\u00e5 produktene v\u00e5re, og det beste servicesystemet vi kan f\u00e5 til.<\/p>\n<p>[\/vc_column_text][\/vc_column][\/vc_row][vc_row row_height_percent=&raquo;0&#8243; overlay_alpha=&raquo;50&#8243; gutter_size=&raquo;3&#8243; column_width_use_pixel=&raquo;yes&raquo; shift_y=&raquo;0&#8243; z_index=&raquo;0&#8243; uncode_shortcode_id=&raquo;809520&#8243; column_width_pixel=&raquo;900&#8243;][vc_column width=&raquo;1\/1&#8243;][vc_column_text text_lead=&raquo;yes&raquo; uncode_shortcode_id=&raquo;858712&#8243;]En av n\u00f8kkelfaktorene for \u00e5 oppn\u00e5 dette er at vi produserer produktene v\u00e5re internt i Norge. Vi fokuserer p\u00e5 kvalitet i alle ledd, fra id\u00e9utvikling, prototyping, testing til ferdig produkt. Selv i en tid der den globale trenden har v\u00e6rt \u00e5 flytte teknisk produksjon til lavkostland, bygger Mustad Autoline fortsatt systemene v\u00e5re i samme bygning som hovedkontoret v\u00e5rt p\u00e5 Gj\u00f8vik. P\u00e5 denne m\u00e5ten har vi tilgang til den beste tekniske kompetansen i verden og muligheten til kontinuerlig kvalitetskontroll.<br \/>\nV\u00e5re kunders og medarbeideres lojalitet og kunnskap er v\u00e5r mest verdifulle ressurs Vi er stolte av v\u00e5re kunder og medarbeidere som utveksler kunnskap og erfaringer hver eneste dag. Det er deres kompetanse og solide h\u00e5ndverk som sikrer kvaliteten i alle ledd og som kontinuerlig utvikler produktene v\u00e5re. I dag er vi rundt 50 ansatte p\u00e5 Gj\u00f8vik og i \u00c5lesund i tillegg til v\u00e5re salgskontorer i Bellingeham, USA, &#8211; St. Johns, Canada og Hafnafjordur, Island. Vi st\u00f8tter og fremmer alle b\u00e6rekraftige fiskerier Langlinefiske er Mustad Autolines kjernevirksomhet, og som selskap st\u00f8tter vi alle b\u00e6rekraftige fiskerier, for havets ressurser er tross alt den mest b\u00e6rekraftige proteinkilden i verden. Vi har til hensikt \u00e5 bruke v\u00e5r ekspertise, kunnskap og teknologi til \u00e5 fremme b\u00e6rekraftige fiskerier p\u00e5 global skala.[\/vc_column_text][\/vc_column][\/vc_row]<\/p>\n<\/div>","protected":false},"excerpt":{"rendered":"<p>[vc_row row_height_percent=&raquo;0&#8243; overlay_alpha=&raquo;50&#8243; gutter_size=&raquo;3&#8243; column_width_use_pixel=&raquo;yes&raquo; shift_y=&raquo;0&#8243; z_index=&raquo;0&#8243; uncode_shortcode_id=&raquo;411978&#8243; column_width_pixel=&raquo;900&#8243;][vc_column width=&raquo;1\/1&#8243;][vc_custom_heading heading_semantic=&raquo;h1&#8243; text_font=&raquo;font-125558&#8243; text_size=&raquo;h1&#8243; text_weight=&raquo;800&#8243; uncode_shortcode_id=&raquo;198103&#8243;]Laget i Norge[\/vc_custom_heading][\/vc_column][\/vc_row][vc_row row_height_percent=&raquo;0&#8243; overlay_alpha=&raquo;50&#8243; gutter_size=&raquo;3&#8243; [&hellip;]<\/p>\n","protected":false},"author":1,"featured_media":0,"parent":0,"menu_order":0,"comment_status":"closed","ping_status":"closed","template":"","meta":{"_acf_changed":false,"footnotes":""},"class_list":["post-816","page","type-page","status-publish","hentry"],"acf":[],"_links":{"self":[{"href":"https:\/\/mustadautoline.com\/no\/wp-json\/wp\/v2\/pages\/816","targetHints":{"allow":["GET"]}}],"collection":[{"href":"https:\/\/mustadautoline.com\/no\/wp-json\/wp\/v2\/pages"}],"about":[{"href":"https:\/\/mustadautoline.com\/no\/wp-json\/wp\/v2\/types\/page"}],"author":[{"embeddable":true,"href":"https:\/\/mustadautoline.com\/no\/wp-json\/wp\/v2\/users\/1"}],"replies":[{"embeddable":true,"href":"https:\/\/mustadautoline.com\/no\/wp-json\/wp\/v2\/comments?post=816"}],"version-history":[{"count":0,"href":"https:\/\/mustadautoline.com\/no\/wp-json\/wp\/v2\/pages\/816\/revisions"}],"wp:attachment":[{"href":"https:\/\/mustadautoline.com\/no\/wp-json\/wp\/v2\/media?parent=816"}],"curies":[{"name":"wp","href":"https:\/\/api.w.org\/{rel}","templated":true}]}}