{"id":817,"date":"2024-02-19T13:22:28","date_gmt":"2024-02-19T12:22:28","guid":{"rendered":"https:\/\/mustadautoline.com\/service\/"},"modified":"2024-11-07T09:31:30","modified_gmt":"2024-11-07T08:31:30","slug":"service","status":"publish","type":"page","link":"https:\/\/mustadautoline.com\/no\/service\/","title":{"rendered":"Service"},"content":{"rendered":"<div class=\"wpb-content-wrapper\"><p>[vc_row unlock_row_content=&raquo;yes&raquo; row_height_percent=&raquo;0&#8243; override_padding=&raquo;yes&raquo; h_padding=&raquo;0&#8243; top_padding=&raquo;0&#8243; bottom_padding=&raquo;2&#8243; back_image=&raquo;102&#8243; overlay_color=&raquo;color-882395&#8243; overlay_alpha=&raquo;30&#8243; gutter_size=&raquo;3&#8243; column_width_percent=&raquo;100&#8243; shift_y=&raquo;0&#8243; z_index=&raquo;0&#8243; uncode_shortcode_id=&raquo;260542&#8243; row_height_pixel=&raquo;400&#8243; overlay_color_type=&raquo;uncode-palette&raquo;][vc_column column_width_percent=&raquo;100&#8243; position_vertical=&raquo;middle&raquo; align_horizontal=&raquo;align_center&raquo; gutter_size=&raquo;1&#8243; overlay_alpha=&raquo;50&#8243; shift_x=&raquo;0&#8243; shift_y=&raquo;0&#8243; shift_y_down=&raquo;0&#8243; z_index=&raquo;0&#8243; medium_width=&raquo;0&#8243; mobile_width=&raquo;0&#8243; width=&raquo;1\/1&#8243; uncode_shortcode_id=&raquo;121994&#8243;][vc_custom_heading text_color=&raquo;color-xsdn&raquo; heading_semantic=&raquo;h1&#8243; text_size=&raquo;fontsize-133121&#8243; text_weight=&raquo;800&#8243; uncode_shortcode_id=&raquo;822891&#8243; text_color_type=&raquo;uncode-palette&raquo;]Service[\/vc_custom_heading][vc_custom_heading text_color=&raquo;color-195137&#8243; text_font=&raquo;font-125558&#8243; uncode_shortcode_id=&raquo;169698&#8243; text_color_type=&raquo;uncode-palette&raquo;]Det finnes bare \u00e9n original Mustad-service<br \/>\nService by Mustad Autoline[\/vc_custom_heading][\/vc_column][\/vc_row][vc_row unlock_row_content=&raquo;yes&raquo; row_height_percent=&raquo;0&#8243; override_padding=&raquo;yes&raquo; h_padding=&raquo;0&#8243; top_padding=&raquo;2&#8243; bottom_padding=&raquo;2&#8243; overlay_alpha=&raquo;50&#8243; equal_height=&raquo;yes&raquo; gutter_size=&raquo;3&#8243; column_width_use_pixel=&raquo;yes&raquo; shift_y=&raquo;0&#8243; z_index=&raquo;0&#8243; uncode_shortcode_id=&raquo;153233&#8243; column_width_pixel=&raquo;1200&#8243;][vc_column column_width_percent=&raquo;100&#8243; gutter_size=&raquo;3&#8243; override_padding=&raquo;yes&raquo; column_padding=&raquo;2&#8243; overlay_alpha=&raquo;50&#8243; shift_x=&raquo;0&#8243; shift_y=&raquo;0&#8243; shift_y_down=&raquo;0&#8243; z_index=&raquo;0&#8243; medium_width=&raquo;0&#8243; mobile_width=&raquo;0&#8243; width=&raquo;1\/2&#8243; uncode_shortcode_id=&raquo;851041&#8243;][vc_custom_heading uncode_shortcode_id=&raquo;174056&#8243;]Mustad Autoline Service[\/vc_custom_heading][vc_column_text text_lead=&raquo;yes&raquo; text_color=&raquo;color-jevc&raquo; uncode_shortcode_id=&raquo;148475&#8243; text_color_type=&raquo;uncode-palette&raquo;]Riktig og forebyggende vedlikehold er n\u00f8kkelen til langsiktig og stabil drift av systemet ditt. Sm\u00e5 justeringer eller utskifting av en slitt del kan v\u00e6re avgj\u00f8rende for effektiviteten og p\u00e5virke bunnlinjen. Mustad Autoline-serviceteamet har lang erfaring og er alltid klare til \u00e5 m\u00f8te deg og yte f\u00f8rsteklasses service p\u00e5 ditt Mustad Autoline-system. Enten du trenger r\u00e5d eller bare \u00f8nsker \u00e5 diskutere tekniske sp\u00f8rsm\u00e5l, er teamet v\u00e5rt der for deg. Vi streber etter \u00e5 holde tett kommunikasjon med kundene v\u00e5re for \u00e5 dele kunnskap og erfaring. P\u00e5 denne m\u00e5ten kan vi fortsette \u00e5 utvikle produktene v\u00e5re i henhold til \u00f8kte krav fra markedet. I tillegg til ansatte i Norge har vi ogs\u00e5 et sterkt nettverk av servicepartnere i ulike markeder der systemene v\u00e5re er i bruk. For ytterligere informasjon eller sp\u00f8rsm\u00e5l, ikke n\u00f8l med \u00e5 kontakte oss p\u00e5 <a href=\"mailto:service@mustadautoline.com\">service@mustadautoline.com<\/a> eller p\u00e5 telefon +47 70 10 75 80[\/vc_column_text][\/vc_column][vc_column column_width_percent=&raquo;100&#8243; gutter_size=&raquo;3&#8243; override_padding=&raquo;yes&raquo; column_padding=&raquo;2&#8243; back_color=&raquo;color-lxmt&raquo; overlay_alpha=&raquo;50&#8243; shift_x=&raquo;0&#8243; shift_y=&raquo;0&#8243; shift_y_down=&raquo;0&#8243; z_index=&raquo;0&#8243; medium_width=&raquo;0&#8243; mobile_width=&raquo;0&#8243; width=&raquo;1\/2&#8243; uncode_shortcode_id=&raquo;143435&#8243; back_color_type=&raquo;uncode-palette&raquo;][vc_custom_heading heading_semantic=&raquo;h1&#8243; text_font=&raquo;font-125558&#8243; text_size=&raquo;h1&#8243; uncode_shortcode_id=&raquo;186956&#8243;]Kontakt salgs- og serviceavdelingen[\/vc_custom_heading]<noscript class=\"ninja-forms-noscript-message\">\n\tMerk: JavaScript er p\u00e5krevd for dette innholdet.<\/noscript>\n<style type=\"text\/css\">\r\n\r\nbody #nf-form-2-cont {\r\n    border-style: solid;\r\n\r\n\r\n\r\nborder-width: 0px;\r\n\r\n}\r\n\r\n\r\n\r\n\r\n\tbody #nf-form-2-cont .submit-container input[type=button]:hover {\r\n    background-color:#000000;    color:#ffffff;   }\r\n   \r\n\r\n   body #nf-form-2-cont .submit-container input[type=button] {\r\n       border-style: solid;        color:#ffffff;background-color:#a2c033;        border-width: 0px;    }  \r\n\r\n \r\n\r\nbody #nf-form-2-cont .submit-container .nf-field-element{\r\n    }\r\n\r\n    body #nf-form-2-cont .textbox-container input[type=\"text\"],\r\n    body #nf-form-2-cont .email-container input[type=\"email\"],\r\n    body #nf-form-2-cont .firstname-container input[type=\"text\"],\r\n    body #nf-form-2-cont .lastname-container input[type=\"text\"],\r\n    body #nf-form-2-cont .address-container input[type=\"text\"],\r\n    body #nf-form-2-cont .city-container input[type=\"text\"],\r\n    body #nf-form-2-cont .spam-container input[type=\"text\"],\r\n    body #nf-form-2-cont .date-container .nf-field-element input[type=\"text\"],\r\n    body #nf-form-2-cont .phone-container .nf-field-element input[type=\"tel\"],\r\n    body #nf-form-2-cont .zip-container .nf-field-element input[type=\"text\"],\r\n    body #nf-form-2-cont .quantity-container .nf-field-element input,\r\n    body #nf-form-2-cont .number-container .nf-field-element input,\r\n    body #nf-form-2-cont .confirm-container .nf-field-element input{\r\n        border-style: solid;        background-color:#ffffff;color:#000000;        border-width: 1px;    }\r\n \r\n\r\n \r\n\r\n \r\n\r\n    \r\n \r\n\r\n \r\n\r\n\r\n \r\n\r\n \r\n\r\n \r\n\r\n\r\n \r\n\r\n\r\n\/* Option to style placeholder *\/\r\nbody #nf-form-2-cont  ::-webkit-input-placeholder { \/* Chrome\/Opera\/Safari *\/\r\n  color:#000000;}\r\nbody #nf-form-2-cont  ::-moz-placeholder { \/* Firefox 19+ *\/\r\n  color:#000000;}\r\nbody #nf-form-2-cont  :-ms-input-placeholder { \/* IE 10+ *\/\r\n  color:#000000;}\r\nbody #nf-form-2-cont  :-moz-placeholder { \/* Firefox 18- *\/\r\n  color:#000000;}\r\n\r\n\/* Styling for Tablets *\/\r\n@media only screen and (max-width: 800px) and (min-width:481px) {\r\n    \r\n    \r\n\r\n\r\n\r\n\r\n\r\n\r\n\r\n\r\n\r\n\r\n\r\n\r\n\r\n\r\n    }\r\n\r\n\r\n\/* Styling for phones *\/\r\n@media only screen and (max-width: 480px){\r\n    \r\n\r\n\r\n\r\n\r\n\r\n\r\n\r\n\r\n\r\n\r\n\r\n\r\n\r\n}\r\n\r\n\r\n    \r\n        <\/style><div id=\"nf-form-2-cont\" class=\"nf-form-cont\" aria-live=\"polite\" aria-labelledby=\"nf-form-title-2\" aria-describedby=\"nf-form-errors-2\" role=\"form\">\n\n    <div class=\"nf-loading-spinner\"><\/div>\n\n<\/div>\n        <!-- That data is being printed as a workaround to page builders reordering the order of the scripts loaded-->\n        <script>var formDisplay=1;var nfForms=nfForms||[];var form=[];form.id='2';form.settings={\"objectType\":\"Form Setting\",\"editActive\":true,\"title\":\"Service\",\"show_title\":0,\"allow_public_link\":0,\"embed_form\":\"\",\"clear_complete\":1,\"hide_complete\":1,\"default_label_pos\":\"above\",\"wrapper_class\":\"\",\"element_class\":\"\",\"form_title_heading_level\":\"3\",\"key\":\"\",\"add_submit\":0,\"changeEmailErrorMsg\":\"Skriv inn en gyldig e-postadresse!\",\"changeDateErrorMsg\":\"Please enter a valid date!\",\"confirmFieldErrorMsg\":\"Disse feltene m\\u00e5 stemme overens!\",\"fieldNumberNumMinError\":\"Minimum antall feil\",\"fieldNumberNumMaxError\":\"Maks antall feil\",\"fieldNumberIncrementBy\":\"\\u00d8k trinnvis med \",\"formErrorsCorrectErrors\":\"Rett opp feil f\\u00f8r du sender inn dette skjemaet.\",\"validateRequiredField\":\"Dette er et p\\u00e5krevd felt.\",\"honeypotHoneypotError\":\"Honeypot-feilmelding\",\"fieldsMarkedRequired\":\"P\\u00e5krevde felter er merket med <span class=\\\"ninja-forms-req-symbol\\\">*<\\\/span>\",\"currency\":\"\",\"unique_field_error\":\"A form with this value has already been submitted.\",\"logged_in\":false,\"not_logged_in_msg\":\"\",\"sub_limit_msg\":\"The form has reached its submission limit.\",\"calculations\":[],\"formContentData\":[\"company_name_1709552624084\",\"your_name_1709552674167\",\"email_1709552698810\",\"phone_1709553423219\",\"short_info_about_your_need_1709553436058\",\"submit_1709552783961\"],\"drawerDisabled\":false,\"ninjaForms\":\"Ninja Forms\",\"fieldTextareaRTEInsertLink\":\"Sett inn kobling\",\"fieldTextareaRTEInsertMedia\":\"Sett inn medie\",\"fieldTextareaRTESelectAFile\":\"Velg en fil\",\"formHoneypot\":\"Hvis du er et menneske som ser dette feltet, lar du det st\\u00e5 tomt.\",\"fileUploadOldCodeFileUploadInProgress\":\"Filopplasting p\\u00e5g\\u00e5r.\",\"fileUploadOldCodeFileUpload\":\"FILOPPLASTING\",\"currencySymbol\":\"&#36;\",\"thousands_sep\":\"\\u00a0\",\"decimal_point\":\",\",\"siteLocale\":\"nb_NO\",\"dateFormat\":\"m\\\/d\\\/Y\",\"startOfWeek\":\"1\",\"of\":\"av\",\"previousMonth\":\"Previous Month\",\"nextMonth\":\"Next Month\",\"months\":[\"January\",\"February\",\"March\",\"April\",\"May\",\"June\",\"July\",\"August\",\"September\",\"October\",\"November\",\"December\"],\"monthsShort\":[\"Jan\",\"Feb\",\"Mar\",\"Apr\",\"May\",\"Jun\",\"Jul\",\"Aug\",\"Sep\",\"Oct\",\"Nov\",\"Dec\"],\"weekdays\":[\"Sunday\",\"Monday\",\"Tuesday\",\"Wednesday\",\"Thursday\",\"Friday\",\"Saturday\"],\"weekdaysShort\":[\"Sun\",\"Mon\",\"Tue\",\"Wed\",\"Thu\",\"Fri\",\"Sat\"],\"weekdaysMin\":[\"Su\",\"Mo\",\"Tu\",\"We\",\"Th\",\"Fr\",\"Sa\"],\"recaptchaConsentMissing\":\"reCaptcha validation couldn&#039;t load.\",\"recaptchaMissingCookie\":\"reCaptcha v3 validation couldn&#039;t load the cookie needed to submit the form.\",\"recaptchaConsentEvent\":\"Accept reCaptcha cookies before sending the form.\",\"currency_symbol\":\"\",\"beforeForm\":\"\",\"beforeFields\":\"\",\"afterFields\":\"\",\"afterForm\":\"\"};form.fields=[{\"objectType\":\"Field\",\"objectDomain\":\"fields\",\"editActive\":false,\"order\":1,\"idAttribute\":\"id\",\"label\":\"Bedriftsnavn:\",\"type\":\"textbox\",\"key\":\"company_name_1709552624084\",\"label_pos\":\"hidden\",\"required\":1,\"default\":\"\",\"placeholder\":\"Bedriftsnavn:\",\"container_class\":\"\",\"element_class\":\"\",\"input_limit\":\"\",\"input_limit_type\":\"characters\",\"input_limit_msg\":\"Tegn igjen\",\"manual_key\":false,\"admin_label\":\"\",\"help_text\":\"\",\"mask\":\"\",\"custom_mask\":\"\",\"custom_name_attribute\":\"\",\"personally_identifiable\":\"\",\"value\":\"\",\"drawerDisabled\":false,\"id\":5,\"beforeField\":\"\",\"afterField\":\"\",\"parentType\":\"textbox\",\"element_templates\":[\"textbox\",\"input\"],\"old_classname\":\"\",\"wrap_template\":\"wrap\"},{\"objectType\":\"Field\",\"objectDomain\":\"fields\",\"editActive\":false,\"order\":2,\"idAttribute\":\"id\",\"type\":\"textbox\",\"label\":\"Ditt navn:\",\"key\":\"your_name_1709552674167\",\"label_pos\":\"hidden\",\"required\":1,\"default\":\"\",\"placeholder\":\"Ditt navn:\",\"container_class\":\"\",\"element_class\":\"\",\"input_limit\":\"\",\"input_limit_type\":\"characters\",\"input_limit_msg\":\"Tegn igjen\",\"manual_key\":false,\"admin_label\":\"\",\"help_text\":\"\",\"mask\":\"\",\"custom_mask\":\"\",\"custom_name_attribute\":\"\",\"personally_identifiable\":\"\",\"value\":\"\",\"drawerDisabled\":false,\"id\":6,\"beforeField\":\"\",\"afterField\":\"\",\"parentType\":\"textbox\",\"element_templates\":[\"textbox\",\"input\"],\"old_classname\":\"\",\"wrap_template\":\"wrap\"},{\"objectType\":\"Field\",\"objectDomain\":\"fields\",\"editActive\":false,\"order\":3,\"idAttribute\":\"id\",\"type\":\"email\",\"label\":\"E-post:\",\"key\":\"email_1709552698810\",\"label_pos\":\"hidden\",\"required\":1,\"default\":\"\",\"placeholder\":\"E-post:\",\"container_class\":\"\",\"element_class\":\"\",\"admin_label\":\"\",\"help_text\":\"\",\"custom_name_attribute\":\"email\",\"personally_identifiable\":1,\"value\":\"\",\"drawerDisabled\":false,\"id\":7,\"beforeField\":\"\",\"afterField\":\"\",\"parentType\":\"email\",\"element_templates\":[\"email\",\"input\"],\"old_classname\":\"\",\"wrap_template\":\"wrap\"},{\"objectType\":\"Field\",\"objectDomain\":\"fields\",\"editActive\":false,\"order\":4,\"idAttribute\":\"id\",\"type\":\"phone\",\"label\":\"Telefon:\",\"key\":\"phone_1709553423219\",\"label_pos\":\"hidden\",\"required\":1,\"default\":\"\",\"placeholder\":\"Telefon:\",\"container_class\":\"\",\"element_class\":\"\",\"input_limit\":\"\",\"input_limit_type\":\"characters\",\"input_limit_msg\":\"Tegn igjen\",\"manual_key\":false,\"admin_label\":\"\",\"help_text\":\"\",\"mask\":\"\",\"custom_mask\":\"\",\"custom_name_attribute\":\"phone\",\"personally_identifiable\":1,\"value\":\"\",\"drawerDisabled\":false,\"id\":8,\"beforeField\":\"\",\"afterField\":\"\",\"parentType\":\"textbox\",\"element_templates\":[\"tel\",\"textbox\",\"input\"],\"old_classname\":\"\",\"wrap_template\":\"wrap\"},{\"objectType\":\"Field\",\"objectDomain\":\"fields\",\"editActive\":false,\"order\":5,\"idAttribute\":\"id\",\"type\":\"textarea\",\"label\":\"Kort info om ditt behov:\",\"key\":\"short_info_about_your_need_1709553436058\",\"label_pos\":\"hidden\",\"required\":1,\"default\":\"\",\"placeholder\":\"Kort info om ditt behov:\",\"container_class\":\"\",\"element_class\":\"\",\"input_limit\":\"\",\"input_limit_type\":\"characters\",\"input_limit_msg\":\"Tegn igjen\",\"manual_key\":false,\"admin_label\":\"\",\"help_text\":\"\",\"textarea_rte\":\"\",\"disable_rte_mobile\":\"\",\"textarea_media\":\"\",\"value\":\"\",\"drawerDisabled\":false,\"id\":9,\"beforeField\":\"\",\"afterField\":\"\",\"parentType\":\"textarea\",\"element_templates\":[\"textarea\",\"input\"],\"old_classname\":\"\",\"wrap_template\":\"wrap\"},{\"objectType\":\"Field\",\"objectDomain\":\"fields\",\"editActive\":false,\"order\":6,\"idAttribute\":\"id\",\"label\":\"Send\",\"type\":\"submit\",\"processing_label\":\"Behandler\",\"container_class\":\"\",\"element_class\":\"\",\"key\":\"submit_1709552783961\",\"admin_label\":\"\",\"id\":10,\"beforeField\":\"\",\"afterField\":\"\",\"value\":\"\",\"label_pos\":\"above\",\"parentType\":\"textbox\",\"element_templates\":[\"submit\",\"button\",\"input\"],\"old_classname\":\"\",\"wrap_template\":\"wrap-no-label\"}];nfForms.push(form);<\/script>\n        [\/vc_column][\/vc_row][vc_row][vc_column width=&raquo;1\/1&#8243;][vc_tabs vertical=&raquo;yes&raquo; active_bg_color=&raquo;color-882395&#8243; active_txt_color=&raquo;color-xsdn&raquo; uncode_shortcode_id=&raquo;259828&#8243; active_bg_color_type=&raquo;uncode-palette&raquo; active_txt_color_type=&raquo;uncode-palette&raquo;][vc_tab gutter_size=&raquo;2&#8243; column_padding=&raquo;2&#8243; title=&raquo;Oppl\u00e6ringskurs&raquo; tab_id=&raquo;1709556111370-2-6&#8243;][vc_separator sep_color=&raquo;&raquo; mobile_visibility=&raquo;yes&raquo; uncode_shortcode_id=&raquo;781990&#8243;][vc_custom_heading uncode_shortcode_id=&raquo;101648&#8243;]Mustad Autoline Oppl\u00e6ringskurs[\/vc_custom_heading][vc_custom_heading text_size=&raquo;h4&#8243; uncode_shortcode_id=&raquo;292881&#8243;]\u00d8k ferdighetene dine og maksimer effektiviteten til Mustad Autoline System[\/vc_custom_heading][vc_column_text text_lead=&raquo;yes&raquo; uncode_shortcode_id=&raquo;116729&#8243;]Sammen med v\u00e5re dyktige teknikere hos Mustad Autoline vil du f\u00e5 oppl\u00e6ring i:<\/p>\n<ul>\n<li>Utf\u00f8r vedlikehold av systemet ditt<\/li>\n<li>Oppdage og vurdere slitte deler<\/li>\n<li>Evaluer og bytt ut slitte deler<\/li>\n<li>Og f\u00e5 de siste oppdateringene om nye l\u00f8sninger og oppgraderinger<\/li>\n<\/ul>\n<p>Vi ser frem til \u00e5 se deg snart, og hvis du \u00f8nsker mer informasjon eller \u00f8nsker \u00e5 gj\u00f8re en bestilling, kan du kontakte oss p\u00e5 <a href=\"mailto:service@mustadautoline.com\">service@mustadautoline.com<\/a> eller ringe oss p\u00e5 +47 70 10 75 80[\/vc_column_text][\/vc_tab][vc_tab gutter_size=&raquo;2&#8243; column_padding=&raquo;2&#8243; title=&raquo;Garanti&raquo; tab_id=&raquo;1709555260-2-1&#8243;][vc_separator sep_color=&raquo;&raquo; mobile_visibility=&raquo;yes&raquo; uncode_shortcode_id=&raquo;778633&#8243;][vc_custom_heading uncode_shortcode_id=&raquo;103773&#8243;]Garanti Mustad Autoline System[\/vc_custom_heading][vc_column_text text_lead=&raquo;yes&raquo; uncode_shortcode_id=&raquo;193563&#8243;]<strong>Generell garanti p\u00e5 nye systemer<\/strong><\/p>\n<p>1 \u00e5r etter at produktet er ferdigstilt, eller maksimalt 18 m\u00e5neder etter datoen for levering av produktet til kj\u00f8peren.<\/p>\n<p><strong>Garantibetingelser<\/strong><\/p>\n<p>Garantien dekker produksjonsfeil og mangler ved Produktet, samt eventuelle feil ved Selgers installasjonsarbeid. Garantien bortfaller dersom andre enn Selger har installert eller utf\u00f8rt arbeid p\u00e5 Produktet som har for\u00e5rsaket skade eller feil p\u00e5 Produktet, eller dersom Produktet er endret eller uspesifisert utstyr er koblet til Produktet uten skriftlig forh\u00e5ndsgodkjenning fra Selger. Selger vil overv\u00e5ke og godkjenne installasjonen av utstyret (p\u00e5 Kj\u00f8pers bekostning), og garantien bortfaller hvis dette utelates. For \u00f8vrig gjelder de samme begrensningene i Selgers garanti som for Selgers ansvar for mangler (Orgalime SI).   <\/p>\n<p><strong>Originale Mustad Autoline-deler<\/strong><\/p>\n<p>Du kan sette driftssikkerheten og effektiviteten til systemet ditt i fare hvis du bruker deler og forbruksmateriell som ikke er godkjent av Mustad Autoline. Dette kan f\u00f8re til funksjonsfeil. Mustad Autoline tester originale deler og forbruksmateriell som er spesielt godkjent for ditt system med hensyn til p\u00e5litelighet, sikkerhet og egnethet. Mustad Autoline p\u00e5tar seg ikke noe ansvar for bruk av uoriginale deler. Garantien gjelder ikke ved bruk av uoriginale deler.    <\/p>\n<p><strong>Returnerte og\/eller erstattede produkter<\/strong><\/p>\n<p>Alle produkter som returneres til MA p\u00e5 grunn av garantiproblemer, skal erstattes til kundens kostnad og skal betales i henhold til disse vilk\u00e5rene inntil det er bevist at produktet var defekt p\u00e5 grunn av produksjonsfeil. Alle produkter skal unders\u00f8kes av Mustad Autoline AS, og deres vurdering av produktet skal v\u00e6re endelig. Kunden vil f\u00e5 tilsendt en rapport med resultatet av unders\u00f8kelsen. Hvis avgj\u00f8relsen viser at garantien ikke er oppfylt, skal MA frigj\u00f8re en kreditt mot en eventuell utstedt faktura for erstatningen. Garantien gjelder ikke ved bruk av uoriginale deler.[\/vc_column_text][vc_column_text text_lead=&raquo;yes&raquo; uncode_shortcode_id=&raquo;137982&#8243;]<\/p>\n<div class=\"col-8\">\n<div class=\"entry content\">\n<div class=\"entry-text \">\n<div class=\"clearfix margin-bottom__medium\">\n<div class=\"\">\n<h3>Garanti og levering av reservedeler<\/h3>\n<p>Ikke vanlige slitedeler har en garanti p\u00e5 6 m\u00e5neder, hvis de er montert av en MA-tekniker V\u00e5r ambisjon er \u00e5 sikre at reservedeler som er kritiske for driften av systemet ditt, er tilgjengelige og klare for forsendelse fra Mustad Autoline AS p\u00e5 Gj\u00f8vik innen 24 timer p\u00e5 hverdager. Vi kan ikke garantere tilgjengeligheten av reservedeler til utg\u00e5tte produkter.<\/p>\n<\/div>\n<\/div>\n<\/div>\n<\/div>\n<\/div>\n<p>[\/vc_column_text][\/vc_tab][\/vc_tabs][\/vc_column][\/vc_row]<\/p>\n<\/div>","protected":false},"excerpt":{"rendered":"<p>[vc_row unlock_row_content=&raquo;yes&raquo; row_height_percent=&raquo;0&#8243; override_padding=&raquo;yes&raquo; h_padding=&raquo;0&#8243; top_padding=&raquo;0&#8243; bottom_padding=&raquo;2&#8243; back_image=&raquo;102&#8243; overlay_color=&raquo;color-882395&#8243; overlay_alpha=&raquo;30&#8243; gutter_size=&raquo;3&#8243; column_width_percent=&raquo;100&#8243; shift_y=&raquo;0&#8243; z_index=&raquo;0&#8243; uncode_shortcode_id=&raquo;260542&#8243; row_height_pixel=&raquo;400&#8243; overlay_color_type=&raquo;uncode-palette&raquo;][vc_column column_width_percent=&raquo;100&#8243; position_vertical=&raquo;middle&raquo; align_horizontal=&raquo;align_center&raquo; [&hellip;]<\/p>\n","protected":false},"author":1,"featured_media":0,"parent":0,"menu_order":0,"comment_status":"closed","ping_status":"closed","template":"","meta":{"_acf_changed":false,"footnotes":""},"class_list":["post-817","page","type-page","status-publish","hentry"],"acf":[],"_links":{"self":[{"href":"https:\/\/mustadautoline.com\/no\/wp-json\/wp\/v2\/pages\/817","targetHints":{"allow":["GET"]}}],"collection":[{"href":"https:\/\/mustadautoline.com\/no\/wp-json\/wp\/v2\/pages"}],"about":[{"href":"https:\/\/mustadautoline.com\/no\/wp-json\/wp\/v2\/types\/page"}],"author":[{"embeddable":true,"href":"https:\/\/mustadautoline.com\/no\/wp-json\/wp\/v2\/users\/1"}],"replies":[{"embeddable":true,"href":"https:\/\/mustadautoline.com\/no\/wp-json\/wp\/v2\/comments?post=817"}],"version-history":[{"count":0,"href":"https:\/\/mustadautoline.com\/no\/wp-json\/wp\/v2\/pages\/817\/revisions"}],"wp:attachment":[{"href":"https:\/\/mustadautoline.com\/no\/wp-json\/wp\/v2\/media?parent=817"}],"curies":[{"name":"wp","href":"https:\/\/api.w.org\/{rel}","templated":true}]}}