{"id":818,"date":"2024-03-06T09:57:13","date_gmt":"2024-03-06T08:57:13","guid":{"rendered":"https:\/\/mustadautoline.com\/miljo\/"},"modified":"2025-01-14T12:45:11","modified_gmt":"2025-01-14T11:45:11","slug":"miljo","status":"publish","type":"page","link":"https:\/\/mustadautoline.com\/no\/miljo\/","title":{"rendered":"Milj\u00f8"},"content":{"rendered":"<div class=\"wpb-content-wrapper\"><p>[vc_row row_height_percent=&raquo;0&#8243; back_image=&raquo;543&#8243; overlay_alpha=&raquo;30&#8243; gutter_size=&raquo;3&#8243; column_width_percent=&raquo;100&#8243; shift_y=&raquo;0&#8243; z_index=&raquo;0&#8243; content_parallax=&raquo;0&#8243; uncode_shortcode_id=&raquo;186121&#8243; row_height_pixel=&raquo;400&#8243;][vc_column column_width_percent=&raquo;100&#8243; position_vertical=&raquo;middle&raquo; align_horizontal=&raquo;align_center&raquo; gutter_size=&raquo;1&#8243; font_family=&raquo;font-125558&#8243; overlay_alpha=&raquo;50&#8243; shift_x=&raquo;0&#8243; shift_y=&raquo;0&#8243; shift_y_down=&raquo;0&#8243; z_index=&raquo;0&#8243; medium_width=&raquo;0&#8243; mobile_width=&raquo;0&#8243; width=&raquo;1\/1&#8243; uncode_shortcode_id=&raquo;746143&#8243;][vc_custom_heading text_color=&raquo;color-xsdn&raquo; heading_semantic=&raquo;h1&#8243; text_size=&raquo;bigtext&raquo; uncode_shortcode_id=&raquo;186942&#8243; text_color_type=&raquo;uncode-palette&raquo;]<\/p>\n<h1><span class=\"font-125558 font-555555\"><mark>Med omtanke for milj\u00f8et<\/mark><\/span><\/h1>\n<p>[\/vc_custom_heading][\/vc_column][\/vc_row][vc_row row_height_percent=&raquo;0&#8243; overlay_alpha=&raquo;50&#8243; gutter_size=&raquo;3&#8243; column_width_use_pixel=&raquo;yes&raquo; shift_y=&raquo;0&#8243; z_index=&raquo;0&#8243; uncode_shortcode_id=&raquo;113776&#8243; column_width_pixel=&raquo;900&#8243;][vc_column width=&raquo;1\/1&#8243;][vc_column_text uncode_shortcode_id=&raquo;144307&#8243;]<\/p>\n<div class=\"entry-text \">\n<div class=\"clearfix margin-bottom__medium\">\n<div class=\"\">\n<p>CO<sub>2<\/sub>-utslipp anses som en av de st\u00f8rste milj\u00f8utfordringene i v\u00e5r tid. Drivstofforbruket ved \u00e5 hale inn et 10-millimeters line-tau sammenlignet med \u00e5 bruke en bunntr\u00e5l er beregnet til \u00e5 v\u00e6re mindre enn 50 % per kilo fangst, og i gjennomsnitt produserer en kilo villfanget torsk bare 10 % av karbonavtrykket til en kilo storfekj\u00f8tt[1]. S\u00e5rbare bunnomr\u00e5der som korallrev har blitt p\u00e5virket av menneskelig aktivitet. I en stor vitenskapelig studie ledet av FN-forskere ble det konkludert med at linefiske har minimal p\u00e5virkning p\u00e5 havbunnen sammenlignet med andre bunnfiskemetoder [2]. Sp\u00f8kelsesfiske er en annen milj\u00f8utfordring som for\u00e5rsakes av fiskeriaktivitet, og er nesten ikke-eksisterende i linefiske. N\u00e5r krokene er t\u00f8mt for agn, er de ikke lenger attraktive for fisk og vil f\u00f8lgelig ikke fange fisk [3]. <\/p>\n<\/div>\n<\/div>\n<\/div>\n<div class=\"entry-externalButton \"><a class=\"entry__btn btn btn--stroke margin-bottom__medium btn--icon btn--icon-right icon-ui-48px-outline-2-link-72 btn--icon-large\" href=\"https:\/\/www.sintef.no\/globalassets\/upload\/fiskeri_og_havbruk\/internasjonalt_radgivning\/2009_carbon-footprint-of-seafood-products.pdf\">[1] Winther et al 2009: Karbonfotavtrykk og energibruk for norske sj\u00f8matprodukter. <\/a><\/div>\n<div class=\"entry-text \">\n<div class=\"clearfix margin-bottom__medium\">\n<div class=\"\">\n<p>[2] Suuronen et. al 2012: Low Impact and fuel efficient fishing &#8211; Looking beyond the horizon. Fiskeriforskning 119-120 (2012) s. 135-146.  <\/p>\n<\/div>\n<\/div>\n<\/div>\n<div class=\"entry-externalButton \"><a class=\"entry__btn btn btn--stroke margin-bottom__medium btn--icon btn--icon-right icon-ui-48px-outline-2-link-72 btn--icon-large\" href=\"ftp:\/\/ftp.fao.org\/docrep\/fao\/011\/i0620e\/i0620e.pdf\">[3] Macfadyen et al. 2009: Forlatte, tapte eller p\u00e5 annen m\u00e5te kasserte fiskeredskaper. FAO FISHERIES AND AQUACULTURE TECHNICAL PAPER 523.   <\/a><\/div>\n<p>[\/vc_column_text][\/vc_column][\/vc_row]<\/p>\n<\/div>","protected":false},"excerpt":{"rendered":"<p>[vc_row row_height_percent=&raquo;0&#8243; back_image=&raquo;543&#8243; overlay_alpha=&raquo;30&#8243; gutter_size=&raquo;3&#8243; column_width_percent=&raquo;100&#8243; shift_y=&raquo;0&#8243; z_index=&raquo;0&#8243; content_parallax=&raquo;0&#8243; uncode_shortcode_id=&raquo;186121&#8243; row_height_pixel=&raquo;400&#8243;][vc_column column_width_percent=&raquo;100&#8243; position_vertical=&raquo;middle&raquo; align_horizontal=&raquo;align_center&raquo; gutter_size=&raquo;1&#8243; font_family=&raquo;font-125558&#8243; overlay_alpha=&raquo;50&#8243; shift_x=&raquo;0&#8243; shift_y=&raquo;0&#8243; shift_y_down=&raquo;0&#8243; [&hellip;]<\/p>\n","protected":false},"author":1,"featured_media":0,"parent":0,"menu_order":0,"comment_status":"closed","ping_status":"closed","template":"","meta":{"_acf_changed":false,"footnotes":""},"class_list":["post-818","page","type-page","status-publish","hentry"],"acf":[],"_links":{"self":[{"href":"https:\/\/mustadautoline.com\/no\/wp-json\/wp\/v2\/pages\/818","targetHints":{"allow":["GET"]}}],"collection":[{"href":"https:\/\/mustadautoline.com\/no\/wp-json\/wp\/v2\/pages"}],"about":[{"href":"https:\/\/mustadautoline.com\/no\/wp-json\/wp\/v2\/types\/page"}],"author":[{"embeddable":true,"href":"https:\/\/mustadautoline.com\/no\/wp-json\/wp\/v2\/users\/1"}],"replies":[{"embeddable":true,"href":"https:\/\/mustadautoline.com\/no\/wp-json\/wp\/v2\/comments?post=818"}],"version-history":[{"count":0,"href":"https:\/\/mustadautoline.com\/no\/wp-json\/wp\/v2\/pages\/818\/revisions"}],"wp:attachment":[{"href":"https:\/\/mustadautoline.com\/no\/wp-json\/wp\/v2\/media?parent=818"}],"curies":[{"name":"wp","href":"https:\/\/api.w.org\/{rel}","templated":true}]}}