{"id":819,"date":"2024-03-06T09:56:46","date_gmt":"2024-03-06T08:56:46","guid":{"rendered":"https:\/\/mustadautoline.com\/fisk-av-hoy-kvalitet\/"},"modified":"2024-11-07T09:31:32","modified_gmt":"2024-11-07T08:31:32","slug":"fisk-av-hoy-kvalitet","status":"publish","type":"page","link":"https:\/\/mustadautoline.com\/no\/fisk-av-hoy-kvalitet\/","title":{"rendered":"Fisk av h\u00f8y kvalitet"},"content":{"rendered":"<div class=\"wpb-content-wrapper\"><p>[vc_row row_height_percent=&raquo;0&#8243; overlay_alpha=&raquo;50&#8243; gutter_size=&raquo;3&#8243; column_width_use_pixel=&raquo;yes&raquo; shift_y=&raquo;0&#8243; z_index=&raquo;0&#8243; content_parallax=&raquo;0&#8243; uncode_shortcode_id=&raquo;379909&#8243; column_width_pixel=&raquo;900&#8243;][vc_column width=&raquo;1\/1&#8243;][vc_custom_heading heading_semantic=&raquo;h1&#8243; text_font=&raquo;font-125558&#8243; text_size=&raquo;h1&#8243; text_weight=&raquo;800&#8243; uncode_shortcode_id=&raquo;989618&#8243;]Fisk av h\u00f8y kvalitet[\/vc_custom_heading][vc_column_text uncode_shortcode_id=&raquo;677731&#8243;]<\/p>\n<h2>Langlinefiske er en utmerket fangstmetode n\u00e5r man er ute etter fisk av h\u00f8y kvalitet og h\u00f8y pris.<\/h2>\n<p>[\/vc_column_text][\/vc_column][\/vc_row][vc_row row_height_percent=&raquo;0&#8243; overlay_alpha=&raquo;50&#8243; gutter_size=&raquo;3&#8243; column_width_use_pixel=&raquo;yes&raquo; shift_y=&raquo;0&#8243; z_index=&raquo;0&#8243; uncode_shortcode_id=&raquo;182737&#8243; column_width_pixel=&raquo;900&#8243;][vc_column width=&raquo;1\/2&#8243;][vc_column_text text_lead=&raquo;yes&raquo; uncode_shortcode_id=&raquo;105416&#8243;]Ved autolinefiske tas hver fisk om bord enkeltvis. Dette gj\u00f8r at fiskerne kan h\u00e5ndtere fisken med varsomhet, noe som sikrer optimal kvalitet. En av de viktigste prosessene er bl\u00f8gging og sl\u00f8ying av fisken. Uten riktig bl\u00f8gging kan kj\u00f8ttet p\u00e5 hvit fisk bli r\u00f8dt, noe som gj\u00f8r den mindre attraktiv for forbrukerne. For \u00e5 sikre riktig bl\u00f8gging m\u00e5 fisken fortsatt v\u00e6re i live under prosessen. N\u00e5r dette gj\u00f8res p\u00e5 riktig m\u00e5te, sammen med minimale kompresjonsskader, gir det et mer verdifullt produkt av h\u00f8yere kvalitet.[\/vc_column_text][\/vc_column][vc_column width=&raquo;1\/2&#8243;][vc_single_image media=&raquo;535&#8243; media_width_percent=&raquo;100&#8243; uncode_shortcode_id=&raquo;986251&#8243;][\/vc_column][\/vc_row][vc_row row_height_percent=&raquo;0&#8243; overlay_alpha=&raquo;50&#8243; gutter_size=&raquo;3&#8243; column_width_use_pixel=&raquo;yes&raquo; shift_y=&raquo;0&#8243; z_index=&raquo;0&#8243; content_parallax=&raquo;0&#8243; uncode_shortcode_id=&raquo;194789&#8243; column_width_pixel=&raquo;900&#8243;][vc_column width=&raquo;1\/2&#8243;][vc_single_image media=&raquo;538&#8243; media_width_percent=&raquo;100&#8243; uncode_shortcode_id=&raquo;798870&#8243;][\/vc_column][vc_column width=&raquo;1\/2&#8243;][vc_column_text text_lead=&raquo;yes&raquo; uncode_shortcode_id=&raquo;129732&#8243;]<strong>Fastere filet<\/strong><\/p>\n<p>Sammenlignet med andre fiskemetoder utsettes ikke fisk fanget med langline for harde mekaniske p\u00e5kjenninger under h\u00e5ndteringen. Dette resulterer i fastere fileter med en intakt muskelstruktur.[\/vc_column_text][vc_column_text text_lead=&raquo;yes&raquo; uncode_shortcode_id=&raquo;163865&#8243;]<strong>\u00d8kt kvalitetsbevissthet<\/strong><\/p>\n<p>Autolining er det eneste industrielle fiskeriet der hver fisk tas om bord individuelt, noe som gir mulighet for personlig h\u00e5ndtering. Dette resulterer i minimal ytre skade eller bl\u00e5merker, effektiv og human avliving og dermed optimal utbl\u00f8dning. Linefanget fisk er ideell for utstilling p\u00e5 is, noe som gj\u00f8r den perfekt for presentasjon av h\u00f8y kvalitet. Metoden er h\u00f8yt verdsatt av kresne kunder og kokker i premiumsegmentet. Hvis du bes\u00f8ker Marks &amp; Spencer, Sainsbury&#8217;s eller Waitrose i Storbritannia, vil du legge merke til at den eneste fangstmetoden som er spesifikt merket p\u00e5 produktet, er linefangst. P\u00e5 samme m\u00e5te vil du i Galicia i Spania, n\u00e5r du bestiller en tradisjonell kummelfiskemiddag p\u00e5 en restaurant, stolt kunne lese p\u00e5 menyen at den er &laquo;Merluza de Pincho&raquo; &#8211; kummelfisk fanget med krok og line.[\/vc_column_text][\/vc_column][\/vc_row]<\/p>\n<\/div>","protected":false},"excerpt":{"rendered":"<p>[vc_row row_height_percent=&raquo;0&#8243; overlay_alpha=&raquo;50&#8243; gutter_size=&raquo;3&#8243; column_width_use_pixel=&raquo;yes&raquo; shift_y=&raquo;0&#8243; z_index=&raquo;0&#8243; content_parallax=&raquo;0&#8243; uncode_shortcode_id=&raquo;379909&#8243; column_width_pixel=&raquo;900&#8243;][vc_column width=&raquo;1\/1&#8243;][vc_custom_heading heading_semantic=&raquo;h1&#8243; text_font=&raquo;font-125558&#8243; text_size=&raquo;h1&#8243; text_weight=&raquo;800&#8243; uncode_shortcode_id=&raquo;989618&#8243;]Fisk av h\u00f8y kvalitet[\/vc_custom_heading][vc_column_text uncode_shortcode_id=&raquo;677731&#8243;] [&hellip;]<\/p>\n","protected":false},"author":1,"featured_media":0,"parent":0,"menu_order":0,"comment_status":"closed","ping_status":"closed","template":"","meta":{"_acf_changed":false,"footnotes":""},"class_list":["post-819","page","type-page","status-publish","hentry"],"acf":[],"_links":{"self":[{"href":"https:\/\/mustadautoline.com\/no\/wp-json\/wp\/v2\/pages\/819","targetHints":{"allow":["GET"]}}],"collection":[{"href":"https:\/\/mustadautoline.com\/no\/wp-json\/wp\/v2\/pages"}],"about":[{"href":"https:\/\/mustadautoline.com\/no\/wp-json\/wp\/v2\/types\/page"}],"author":[{"embeddable":true,"href":"https:\/\/mustadautoline.com\/no\/wp-json\/wp\/v2\/users\/1"}],"replies":[{"embeddable":true,"href":"https:\/\/mustadautoline.com\/no\/wp-json\/wp\/v2\/comments?post=819"}],"version-history":[{"count":0,"href":"https:\/\/mustadautoline.com\/no\/wp-json\/wp\/v2\/pages\/819\/revisions"}],"wp:attachment":[{"href":"https:\/\/mustadautoline.com\/no\/wp-json\/wp\/v2\/media?parent=819"}],"curies":[{"name":"wp","href":"https:\/\/api.w.org\/{rel}","templated":true}]}}