{"id":820,"date":"2024-03-05T10:13:55","date_gmt":"2024-03-05T09:13:55","guid":{"rendered":"https:\/\/mustadautoline.com\/konsernets-retningslinjer-for-miljo-og-baerekraft\/"},"modified":"2025-05-19T09:17:47","modified_gmt":"2025-05-19T07:17:47","slug":"konsernets-retningslinjer-for-miljo-og-baerekraft","status":"publish","type":"page","link":"https:\/\/mustadautoline.com\/no\/konsernets-retningslinjer-for-miljo-og-baerekraft\/","title":{"rendered":"Konsernets retningslinjer for milj\u00f8 og b\u00e6rekraft"},"content":{"rendered":"<div class=\"wpb-content-wrapper\"><p>[vc_row unlock_row_content=&raquo;yes&raquo; row_height_percent=&raquo;0&#8243; override_padding=&raquo;yes&raquo; h_padding=&raquo;0&#8243; top_padding=&raquo;0&#8243; bottom_padding=&raquo;1&#8243; back_image=&raquo;111&#8243; overlay_alpha=&raquo;50&#8243; gutter_size=&raquo;3&#8243; column_width_percent=&raquo;100&#8243; shift_y=&raquo;0&#8243; z_index=&raquo;0&#8243; uncode_shortcode_id=&raquo;353619&#8243; row_height_pixel=&raquo;400&#8243;][vc_column width=&raquo;1\/1&#8243;][\/vc_column][\/vc_row][vc_row row_height_percent=&raquo;0&#8243; overlay_alpha=&raquo;50&#8243; gutter_size=&raquo;3&#8243; column_width_use_pixel=&raquo;yes&raquo; shift_y=&raquo;0&#8243; z_index=&raquo;0&#8243; uncode_shortcode_id=&raquo;968451&#8243; column_width_pixel=&raquo;900&#8243;][vc_column width=&raquo;1\/1&#8243;][vc_custom_heading heading_semantic=&raquo;h1&#8243; text_font=&raquo;font-125558&#8243; text_size=&raquo;h1&#8243; text_weight=&raquo;400&#8243; uncode_shortcode_id=&raquo;612932&#8243;]<\/p>\n<div class=\"flex-shrink-0 flex flex-col relative items-end\">\n<div>\n<div class=\"pt-0\">\n<div class=\"gizmo-bot-avatar flex h-8 w-8 items-center justify-center overflow-hidden rounded-full\">\n<div class=\"relative p-1 rounded-sm flex items-center justify-center bg-token-main-surface-primary text-token-text-primary h-8 w-8\"><strong>Konsernets retningslinjer for milj\u00f8 og b\u00e6rekraft<\/strong><\/div>\n<\/div>\n<\/div>\n<\/div>\n<\/div>\n<p>[\/vc_custom_heading][vc_custom_heading uncode_shortcode_id=&raquo;126521&#8243;]Forpliktelse til daglig fremragende milj\u00f8arbeid[\/vc_custom_heading][vc_column_text uncode_shortcode_id=&raquo;976647&#8243;]<\/p>\n<div class=\"flex max-w-full flex-col flex-grow\">\n<div class=\"min-h-8 text-message flex w-full flex-col items-end gap-2 whitespace-normal break-words [.text-message+&amp;]:mt-5\" dir=\"auto\" data-message-author-role=\"assistant\" data-message-id=\"e6dac53b-4e33-446f-871b-b0fd01249c21\">\n<div class=\"flex w-full flex-col gap-1 empty:hidden first:pt-[3px]\">\n<div class=\"markdown prose w-full break-words dark:prose-invert dark\">\n<p>Hos Mustad Autoline er milj\u00f8ansvar kjernen i alt vi gj\u00f8r. V\u00e5re retningslinjer for helse, milj\u00f8, sikkerhet og kvalitet (HSEQ) er retningsgivende for alle forretningsbeslutninger og all drift, og sikrer at b\u00e6rekraft er integrert i alle ledelsesniv\u00e5er og i alle aktiviteter. Hele Mustad Autoline-teamet har et felles ansvar for \u00e5 n\u00e5 v\u00e5re HSEQ-m\u00e5l.  <\/p>\n<p><strong>Ledende innen milj\u00f8fremskritt<\/strong><\/p>\n<p>Vi har forpliktet oss til \u00e5 ligge i forkant n\u00e5r det gjelder milj\u00f8innovasjon og kontinuerlig forbedre v\u00e5r praksis for \u00e5 redusere v\u00e5r milj\u00f8p\u00e5virkning. V\u00e5re viktigste fokusomr\u00e5der er blant annet <\/p>\n<ul>\n<li><strong>Minimere milj\u00f8p\u00e5virkningen gjennom hele verdikjeden:<\/strong> Vi vurderer og h\u00e5ndterer aktivt milj\u00f8faktorer knyttet til v\u00e5r rolle i den globale verdikjeden.<\/li>\n<li><strong>Forbedring av energieffektiviteten:<\/strong> Vi arbeider kontinuerlig med \u00e5 optimalisere energibruken i hele virksomheten.<\/li>\n<li><strong>\u00d8kt innsats for resirkulering:<\/strong> Vi prioriterer \u00e5 \u00f8ke resirkuleringsgraden og redusere avfallet i alle ledd av produksjonsprosessen.<\/li>\n<\/ul>\n<p>Som en viktig leverand\u00f8r til et av verdens mest b\u00e6rekraftige fiskerier er vi stolte av \u00e5 minimere karbonfotavtrykket v\u00e5rt fra produktutvikling til levering. V\u00e5rt langsiktige m\u00e5l er \u00e5 oppn\u00e5 null milj\u00f8avfall, med fokus p\u00e5 b\u00e6rekraftig praksis i alle ledd. <\/p>\n<p><strong>Daglig milj\u00f8ansvar<\/strong><\/p>\n<p>Hver dag opprettholder vi et urokkelig fokus p\u00e5 milj\u00f8prestasjoner ved \u00e5<\/p>\n<ul>\n<li>Gjenvinning av alt produksjonsavfall, oljer og v\u00e6sker i lukkede kretsl\u00f8p.<\/li>\n<li>Sortering og gjenbruk av resirkulerbare materialer for \u00e5 minimere avfallet.<\/li>\n<li>Samarbeid med lokale leverand\u00f8rer for \u00e5 redusere transportutslipp.<\/li>\n<li>Bruk av termiske varmesystemer ved hovedkontoret og produksjonsanleggene v\u00e5re for \u00e5 redusere energiforbruket.<\/li>\n<\/ul>\n<p>V\u00e5rt forsknings- og utviklingsteam (FoU) arbeider kontinuerlig med innovasjon for \u00e5 minimere milj\u00f8p\u00e5virkningen fra produktene v\u00e5re ytterligere og sikre at vi oppfyller de h\u00f8yeste standarder for b\u00e6rekraft.<\/p>\n<p><strong>V\u00e5re prioriterte b\u00e6rekraftsm\u00e5l<\/strong><\/p>\n<p>I tr\u00e5d med FNs b\u00e6rekraftsm\u00e5l prioriterer vi f\u00f8lgende m\u00e5l<\/p>\n<ul>\n<li><strong>M\u00e5l 8:<\/strong> Fremme inkluderende og b\u00e6rekraftig \u00f8konomisk vekst, sysselsetting og anstendig arbeid for alle.<\/li>\n<li><strong>M\u00e5l 9:<\/strong> Bygge robust infrastruktur, fremme b\u00e6rekraftig industrialisering og fremme innovasjon.<\/li>\n<li><strong>M\u00e5l 11:<\/strong> Gj\u00f8re byene inkluderende, trygge, motstandsdyktige og b\u00e6rekraftige.<\/li>\n<li><strong>M\u00e5l 12:<\/strong> Sikre b\u00e6rekraftige forbruks- og produksjonsm\u00f8nstre.<\/li>\n<li><strong>M\u00e5l 14:<\/strong> Bevare og bruke havene og de marine ressursene p\u00e5 en b\u00e6rekraftig m\u00e5te.<\/li>\n<\/ul>\n<p>Vi er opptatt av disse b\u00e6rekraftsm\u00e5lene, og vi fortsetter \u00e5 utvikle oss som en ansvarlig og fremtidsrettet virksomhet. Gjennom v\u00e5r felles innsats \u00f8nsker vi \u00e5 skape en positiv milj\u00f8p\u00e5virkning og bidra til en mer b\u00e6rekraftig fremtid. <\/p>\n<h3 class=\"\" data-start=\"128\" data-end=\"182\"><strong data-start=\"132\" data-end=\"182\">COLTO &#8211; Koalisjonen av lovlige tannfiskoperat\u00f8rer<\/strong><\/h3>\n<p class=\"\" data-start=\"184\" data-end=\"466\">Vi er stolte medlemmer av <strong data-start=\"208\" data-end=\"217\">COLTO<\/strong>, en internasjonal organisasjon som arbeider for b\u00e6rekraftig forvaltning og lovlig h\u00f8sting av tannfisk, s\u00e6rlig i <strong data-start=\"344\" data-end=\"362\">S\u00f8rishavet<\/strong>. COLTO spiller en n\u00f8kkelrolle i arbeidet med \u00e5 fremme ansvarlig fiskepraksis og minimere milj\u00f8p\u00e5virkningen. <\/p>\n<p class=\"\" data-start=\"468\" data-end=\"830\">B\u00e6rekraft er kjernen i v\u00e5r innsats. I samarbeid med andre medlemmer har vi utviklet innovative fiskel\u00f8sninger, som for eksempel Mustad Autoline E-Line System &#8211; v\u00e5r nyeste innovasjon med helelektriske komponenter for autoline. Dette forbedrer ikke bare fiskeeffektiviteten, men reduserer ogs\u00e5 energiforbruket betydelig og senker karbonavtrykket, noe som bidrar til \u00e5 beskytte milj\u00f8et.  <\/p>\n<p class=\"\" data-start=\"1114\" data-end=\"1209\">For mer informasjon om COLTO og dets initiativer, bes\u00f8k <a class=\"\" href=\"https:\/\/www.colto.org\" target=\"_new\" rel=\"noopener\" data-start=\"1174\" data-end=\"1208\">colto.org.<\/a><\/p>\n<\/div>\n<\/div>\n<\/div>\n<\/div>\n<p>[\/vc_column_text][\/vc_column][\/vc_row]<\/p>\n<\/div>","protected":false},"excerpt":{"rendered":"<p>[vc_row unlock_row_content=&raquo;yes&raquo; row_height_percent=&raquo;0&#8243; override_padding=&raquo;yes&raquo; h_padding=&raquo;0&#8243; top_padding=&raquo;0&#8243; bottom_padding=&raquo;1&#8243; back_image=&raquo;111&#8243; overlay_alpha=&raquo;50&#8243; gutter_size=&raquo;3&#8243; column_width_percent=&raquo;100&#8243; shift_y=&raquo;0&#8243; z_index=&raquo;0&#8243; uncode_shortcode_id=&raquo;353619&#8243; row_height_pixel=&raquo;400&#8243;][vc_column width=&raquo;1\/1&#8243;][\/vc_column][\/vc_row][vc_row row_height_percent=&raquo;0&#8243; overlay_alpha=&raquo;50&#8243; gutter_size=&raquo;3&#8243; column_width_use_pixel=&raquo;yes&raquo; [&hellip;]<\/p>\n","protected":false},"author":1,"featured_media":0,"parent":0,"menu_order":0,"comment_status":"closed","ping_status":"closed","template":"","meta":{"_acf_changed":false,"footnotes":""},"class_list":["post-820","page","type-page","status-publish","hentry"],"acf":[],"_links":{"self":[{"href":"https:\/\/mustadautoline.com\/no\/wp-json\/wp\/v2\/pages\/820","targetHints":{"allow":["GET"]}}],"collection":[{"href":"https:\/\/mustadautoline.com\/no\/wp-json\/wp\/v2\/pages"}],"about":[{"href":"https:\/\/mustadautoline.com\/no\/wp-json\/wp\/v2\/types\/page"}],"author":[{"embeddable":true,"href":"https:\/\/mustadautoline.com\/no\/wp-json\/wp\/v2\/users\/1"}],"replies":[{"embeddable":true,"href":"https:\/\/mustadautoline.com\/no\/wp-json\/wp\/v2\/comments?post=820"}],"version-history":[{"count":0,"href":"https:\/\/mustadautoline.com\/no\/wp-json\/wp\/v2\/pages\/820\/revisions"}],"wp:attachment":[{"href":"https:\/\/mustadautoline.com\/no\/wp-json\/wp\/v2\/media?parent=820"}],"curies":[{"name":"wp","href":"https:\/\/api.w.org\/{rel}","templated":true}]}}