{"id":821,"date":"2024-03-05T11:11:44","date_gmt":"2024-03-05T10:11:44","guid":{"rendered":"https:\/\/mustadautoline.com\/medlemskap-og-samarbeidspartnere\/"},"modified":"2024-11-07T09:31:36","modified_gmt":"2024-11-07T08:31:36","slug":"medlemskap-og-samarbeidspartnere","status":"publish","type":"page","link":"https:\/\/mustadautoline.com\/no\/medlemskap-og-samarbeidspartnere\/","title":{"rendered":"Medlemskap og samarbeidspartnere"},"content":{"rendered":"<div class=\"wpb-content-wrapper\"><p>[vc_row row_height_percent=&raquo;0&#8243; overlay_alpha=&raquo;50&#8243; gutter_size=&raquo;3&#8243; column_width_use_pixel=&raquo;yes&raquo; shift_y=&raquo;0&#8243; z_index=&raquo;0&#8243; uncode_shortcode_id=&raquo;411978&#8243; column_width_pixel=&raquo;900&#8243;][vc_column width=&raquo;1\/1&#8243;][vc_custom_heading heading_semantic=&raquo;h1&#8243; text_font=&raquo;font-125558&#8243; text_size=&raquo;h1&#8243; text_weight=&raquo;800&#8243; uncode_shortcode_id=&raquo;192617&#8243;]Medlemskap og samarbeidspartnere[\/vc_custom_heading][\/vc_column][\/vc_row][vc_row row_height_percent=&raquo;0&#8243; overlay_alpha=&raquo;50&#8243; gutter_size=&raquo;3&#8243; column_width_use_pixel=&raquo;yes&raquo; shift_y=&raquo;0&#8243; z_index=&raquo;0&#8243; uncode_shortcode_id=&raquo;809520&#8243; column_width_pixel=&raquo;900&#8243;][vc_column width=&raquo;1\/1&#8243;][vc_column_text text_lead=&raquo;yes&raquo; uncode_shortcode_id=&raquo;143061&#8243;]Mustad Autoline er et aktivt medlem av <strong>NCE Raufoss<\/strong> &#8211; en industriklynge med rollen som nasjonalt kompetansesenter for lettvektsmaterialer og automatisert produksjon i Norge, der den lokale industrien jobber for \u00e5 \u00f8ke sin konkurransekraft. Dette er en omfattende kompetanseklynge med forskere og ingeni\u00f8rer med fasiliteter for produktutvikling og produkttesting. Klyngen har rundt 5000 ansatte, en omsetning p\u00e5 ca. 700 millioner euro og en eksportandel p\u00e5 mer enn 80 %.    <a href=\"http:\/\/www.nceraufoss.no\/en\/\">NCE Raufoss<\/a><\/p>\n<p>Det felles FoU-selskapet <strong>SINTEF Raufoss Manufacturing AS <\/strong>er prosjektleder for NCE-prosjektene og fungerer som et teknologi- og utviklingsnav for industrien. <a href=\"http:\/\/www.sintef.no\/sintef-raufoss-manufacturing-as\/\">SINTEF Manufacturing<\/a> samarbeider naturligvis ogs\u00e5 tett med <strong>SINTEF Fiskeri og havbruk<\/strong>, som representerer teknologisk og industriell kompetanse innen fornybare marine ressurser.<br \/>\n[\/vc_column_text][\/vc_column][\/vc_row][vc_row row_height_percent=&raquo;0&#8243; overlay_alpha=&raquo;50&#8243; gutter_size=&raquo;3&#8243; column_width_use_pixel=&raquo;yes&raquo; shift_y=&raquo;0&#8243; z_index=&raquo;0&#8243; uncode_shortcode_id=&raquo;809520&#8243; column_width_pixel=&raquo;900&#8243;][vc_column width=&raquo;1\/2&#8243;][vc_single_image media=&raquo;188&#8243; media_width_percent=&raquo;100&#8243; uncode_shortcode_id=&raquo;190264&#8243;][\/vc_column][vc_column column_width_percent=&raquo;100&#8243; position_vertical=&raquo;middle&raquo; gutter_size=&raquo;3&#8243; overlay_alpha=&raquo;50&#8243; shift_x=&raquo;0&#8243; shift_y=&raquo;0&#8243; shift_y_down=&raquo;0&#8243; z_index=&raquo;0&#8243; medium_width=&raquo;0&#8243; mobile_width=&raquo;0&#8243; width=&raquo;1\/2&#8243; uncode_shortcode_id=&raquo;622392&#8243;][vc_column_text text_lead=&raquo;yes&raquo; uncode_shortcode_id=&raquo;240008&#8243;]<strong>Mustad Autoline er stolt medlem av COLTO<\/strong><\/p>\n<p>The Coalition of Legal Toothfish Operators, COLTO, ble grunnlagt i 2003 av lovlige medlemmer i bransjen for \u00e5 eliminere ulovlig, uregulert og urapportert (IUU) fiske av tannfisk, for \u00e5 sikre langsiktig b\u00e6rekraft for tannfiskressursene og det rike og kritiske biologiske mangfoldet i de s\u00f8rlige verdenshavene.<\/p>\n<p>[\/vc_column_text][\/vc_column][\/vc_row][vc_row row_height_percent=&raquo;0&#8243; overlay_alpha=&raquo;50&#8243; gutter_size=&raquo;3&#8243; column_width_use_pixel=&raquo;yes&raquo; shift_y=&raquo;0&#8243; z_index=&raquo;0&#8243; uncode_shortcode_id=&raquo;809520&#8243; column_width_pixel=&raquo;900&#8243;][vc_column width=&raquo;1\/1&#8243;][vc_column_text text_lead=&raquo;yes&raquo; uncode_shortcode_id=&raquo;205316&#8243;]IUU-fangstene var tidligere dobbelt s\u00e5 store som de lovlige fangstene av tannfisk &#8211; og ble hovedsakelig tatt ulovlig innenfor nasjonale farvann (eksklusive \u00f8konomiske soner &#8211; EEZ). Takket v\u00e6re den kombinerte innsatsen til CCAMLR, flaggstater, havnestater, milj\u00f8vernorganisasjoner og fiskerin\u00e6ringen har IUU-fangsten innenfor nasjonale EEZ-er v\u00e6rt tiln\u00e6rmet null siden 2005. <a href=\"http:\/\/www.colto.org\/toothfish-fisheries\/\">Tannfiskfisket<\/a> er i dag et godt eksempel p\u00e5 hvor godt et effektivt samarbeid kan fungere mellom lovlig industri, bevaringsgrupper, nasjonale myndigheter og en internasjonal bevaringskommisjon, <a href=\"http:\/\/www.ccamlr.org\/\" target=\"_blank\" rel=\"noopener noreferrer\">CCAMLR<\/a>. Dette unike samarbeidet har resultert i bedre forvaltning av fiskeressursene, fastsettelse og overholdelse av b\u00e6rekraftige fangstniv\u00e5er for tannfisk og bifangstarter, praktisk talt eliminering av <a href=\"http:\/\/www.colto.org\/toothfish-fisheries\/iuu\/\">IUU-fiske<\/a> etter tannfisk og betydelige fordeler for \u00f8kologisk beslektede arter, som sj\u00f8fugl.[\/vc_column_text][\/vc_column][\/vc_row]<\/p>\n<\/div>","protected":false},"excerpt":{"rendered":"<p>[vc_row row_height_percent=&raquo;0&#8243; overlay_alpha=&raquo;50&#8243; gutter_size=&raquo;3&#8243; column_width_use_pixel=&raquo;yes&raquo; shift_y=&raquo;0&#8243; z_index=&raquo;0&#8243; uncode_shortcode_id=&raquo;411978&#8243; column_width_pixel=&raquo;900&#8243;][vc_column width=&raquo;1\/1&#8243;][vc_custom_heading heading_semantic=&raquo;h1&#8243; text_font=&raquo;font-125558&#8243; text_size=&raquo;h1&#8243; text_weight=&raquo;800&#8243; uncode_shortcode_id=&raquo;192617&#8243;]Medlemskap og samarbeidspartnere[\/vc_custom_heading][\/vc_column][\/vc_row][vc_row row_height_percent=&raquo;0&#8243; overlay_alpha=&raquo;50&#8243; gutter_size=&raquo;3&#8243; [&hellip;]<\/p>\n","protected":false},"author":1,"featured_media":0,"parent":0,"menu_order":0,"comment_status":"closed","ping_status":"closed","template":"","meta":{"_acf_changed":false,"footnotes":""},"class_list":["post-821","page","type-page","status-publish","hentry"],"acf":[],"_links":{"self":[{"href":"https:\/\/mustadautoline.com\/no\/wp-json\/wp\/v2\/pages\/821","targetHints":{"allow":["GET"]}}],"collection":[{"href":"https:\/\/mustadautoline.com\/no\/wp-json\/wp\/v2\/pages"}],"about":[{"href":"https:\/\/mustadautoline.com\/no\/wp-json\/wp\/v2\/types\/page"}],"author":[{"embeddable":true,"href":"https:\/\/mustadautoline.com\/no\/wp-json\/wp\/v2\/users\/1"}],"replies":[{"embeddable":true,"href":"https:\/\/mustadautoline.com\/no\/wp-json\/wp\/v2\/comments?post=821"}],"version-history":[{"count":0,"href":"https:\/\/mustadautoline.com\/no\/wp-json\/wp\/v2\/pages\/821\/revisions"}],"wp:attachment":[{"href":"https:\/\/mustadautoline.com\/no\/wp-json\/wp\/v2\/media?parent=821"}],"curies":[{"name":"wp","href":"https:\/\/api.w.org\/{rel}","templated":true}]}}