{"id":822,"date":"2024-03-29T13:03:36","date_gmt":"2024-03-29T12:03:36","guid":{"rendered":"https:\/\/mustadautoline.com\/hydrauliske-systemer-for-store-havdyp\/"},"modified":"2025-01-27T10:41:52","modified_gmt":"2025-01-27T09:41:52","slug":"hydrauliske-systemer-for-store-havdyp","status":"publish","type":"page","link":"https:\/\/mustadautoline.com\/no\/hydrauliske-systemer-for-store-havdyp\/","title":{"rendered":"DeepSea hydraulisk system"},"content":{"rendered":"<div class=\"wpb-content-wrapper\"><p>[vc_row][vc_column width=&raquo;1\/1&#8243;][vc_custom_heading heading_semantic=&raquo;h1&#8243; text_size=&raquo;h1&#8243; uncode_shortcode_id=&raquo;724017&#8243;]DeepSea hydraulisk system[\/vc_custom_heading][\/vc_column][\/vc_row][vc_row][vc_column width=&raquo;1\/2&#8243;][vc_gallery el_id=&raquo;gallery-154184-deap&raquo; type=&raquo;carousel&raquo; medias=&raquo;370&#8243; carousel_lg=&raquo;1&#8243; carousel_md=&raquo;1&#8243; carousel_sm=&raquo;1&#8243; thumb_size=&raquo;four-three&raquo; gutter_size=&raquo;3&#8243; carousel_interval=&raquo;3000&#8243; carousel_navspeed=&raquo;400&#8243; carousel_loop=&raquo;yes&raquo; carousel_dots=&raquo;yes&raquo; stage_padding=&raquo;0&#8243; single_overlay_opacity=&raquo;50&#8243; single_padding=&raquo;2&#8243; uncode_shortcode_id=&raquo;120607&#8243;][\/vc_column][vc_column width=&raquo;1\/2&#8243;][vc_custom_heading heading_semantic=&raquo;h3&#8243; text_size=&raquo;h3&#8243; uncode_shortcode_id=&raquo;576078&#8243;]Leveres til noen av verdens mest effektive linefart\u00f8yer[\/vc_custom_heading][vc_column_text text_lead=&raquo;yes&raquo; uncode_shortcode_id=&raquo;951911&#8243;]Mustad Autoline DeepSea Hydraulic System er utviklet for noen av verdens mest effektive linefart\u00f8yer. Det er tilpasset fart\u00f8y som kan sette og hale opptil 80 000 kroker per dag.  Ved \u00e5 v\u00e6re fremst p\u00e5 utvikling og kvalitet fortsetter Mustad Autoline \u00e5 v\u00e6re det ledende valget for linefiskere over hele verden.[\/vc_column_text][uncode_list larger=&raquo;yes&raquo; icon=&raquo;fa fa-check-circle-o&raquo; uncode_shortcode_id=&raquo;720142&#8243;]<\/p>\n<ul>\n<li>Oppn\u00e5 h\u00f8y avkastning p\u00e5 investeringen gjennom \u00f8kt produktivitet<\/li>\n<li>Sikre presisjonsegning og en h\u00f8y egneprosent<\/li>\n<li>Flere kroker i sj\u00f8en &#8211; mindre utgifter til agn<\/li>\n<li>Effektiv haleprosess er n\u00f8kkelen til \u00f8kt fortjeneste<\/li>\n<li>F\u00e5 mer kvalitetsfisk ut p\u00e5 markedet<\/li>\n<\/ul>\n<p>[\/uncode_list][vc_button button_color=&raquo;color-882395&#8243; border_width=&raquo;0&#8243; link=&raquo;url:https%3A%2F%2Fmustadautoline.com%2Fno%2Fhydrauliske-systemer-for-store-havdyp%2F%23products|&raquo; uncode_shortcode_id=&raquo;156102&#8243; button_color_type=&raquo;uncode-palette&raquo;]V\u00e5re produkter[\/vc_button][\/vc_column][\/vc_row][vc_row row_height_percent=&raquo;0&#8243; override_padding=&raquo;yes&raquo; h_padding=&raquo;2&#8243; top_padding=&raquo;4&#8243; bottom_padding=&raquo;4&#8243; back_color=&raquo;color-xsdn&raquo; overlay_alpha=&raquo;100&#8243; gutter_size=&raquo;100&#8243; column_width_percent=&raquo;100&#8243; shift_y=&raquo;0&#8243; z_index=&raquo;0&#8243; style=&raquo;inherited&raquo; uncode_shortcode_id=&raquo;592452&#8243; back_color_type=&raquo;uncode-palette&raquo;][vc_column column_width_percent=&raquo;100&#8243; align_horizontal=&raquo;align_center&raquo; gutter_size=&raquo;3&#8243; overlay_alpha=&raquo;50&#8243; shift_x=&raquo;0&#8243; shift_y=&raquo;0&#8243; shift_y_down=&raquo;0&#8243; z_index=&raquo;0&#8243; medium_width=&raquo;0&#8243; mobile_width=&raquo;0&#8243; width=&raquo;1\/1&#8243; uncode_shortcode_id=&raquo;172588&#8243;][vc_custom_heading heading_semantic=&raquo;h1&#8243; text_font=&raquo;font-125558&#8243; text_size=&raquo;h1&#8243; text_weight=&raquo;800&#8243; uncode_shortcode_id=&raquo;112438&#8243;]Attester[\/vc_custom_heading][uncode_index el_id=&raquo;index-155886559054-dshs&raquo; isotope_mode=&raquo;fitRows&raquo; loop=&raquo;size:all|order_by:date|post_type:post|categories:13|tags:17|taxonomy_count:10&#8243; screen_lg=&raquo;1000&#8243; screen_md=&raquo;900&#8243; screen_sm=&raquo;480&#8243; filtering=&raquo;ajax&raquo; ajax_filters_content_block_id=&raquo;173&#8243; ajax_filters_layout=&raquo;horizontal&raquo; filters_widgets=&raquo;hidden&raquo; filter_typography=&raquo;inherit&raquo; active_filters=&raquo;right&raquo; clear_all=&raquo;show&raquo; gutter_size=&raquo;2&#8243; post_items=&raquo;media|featured|onpost|poster,category|colorbg|topright|display-icon,date,title,text|excerpt|84&#8243; page_items=&raquo;title,media,text,category&raquo; product_items=&raquo;title,media,text,category,price&raquo; portfolio_items=&raquo;title,media,text,category&raquo; footer_full_width=&raquo;yes&raquo; images_size=&raquo;three-two&raquo; single_back_color=&raquo;color-xsdn&raquo; single_shape=&raquo;round&raquo; radius=&raquo;xs&raquo; single_overlay_opacity=&raquo;50&#8243; single_overlay_anim=&raquo;no&raquo; single_text_visible=&raquo;yes&raquo; single_text_anim=&raquo;no&raquo; single_padding=&raquo;2&#8243; single_title_dimension=&raquo;h5&#8243; single_border=&raquo;yes&raquo; single_css_animation=&raquo;bottom-t-top&raquo; single_animation_delay=&raquo;200&#8243; single_half_padding=&raquo;&raquo; single_title_bold=&raquo;yes&raquo; single_title_serif=&raquo;&raquo; single_title_divider=&raquo;&raquo; single_no_background=&raquo;&raquo; items=&raquo;e30=&raquo; footer_position=&raquo;left&raquo; carousel_rtl=&raquo;&raquo; single_icon=&raquo;fa fa-plus2&#8243; filtering_transform=&raquo;uppercase&raquo; uncode_shortcode_id=&raquo;449882&#8243;][\/vc_column][\/vc_row][vc_row row_height_percent=&raquo;0&#8243; overlay_alpha=&raquo;50&#8243; gutter_size=&raquo;3&#8243; column_width_percent=&raquo;100&#8243; shift_y=&raquo;0&#8243; z_index=&raquo;0&#8243; uncode_shortcode_id=&raquo;110545&#8243; row_name=&raquo;products&raquo;][vc_column width=&raquo;1\/1&#8243;][vc_custom_heading uncode_shortcode_id=&raquo;588085&#8243;]Produkter[\/vc_custom_heading][uncode_index el_id=&raquo;index-111001-deap&raquo; loop=&raquo;size:50|order_by:date|post_type:products|tax_query:36|taxonomy_count:10&#8243; screen_lg=&raquo;1000&#8243; screen_md=&raquo;600&#8243; screen_sm=&raquo;480&#8243; gutter_size=&raquo;3&#8243; products_items=&raquo;media|featured|onpost|original,title,text|excerpt|60&#8243; single_back_color=&raquo;color-lxmt&raquo; single_overlay_opacity=&raquo;50&#8243; single_padding=&raquo;2&#8243; single_title_family=&raquo;font-125558&#8243; single_title_dimension=&raquo;h4&#8243; uncode_shortcode_id=&raquo;700036&#8243;][\/vc_column][\/vc_row]<\/p>\n<\/div>","protected":false},"excerpt":{"rendered":"<p>[vc_row][vc_column width=&raquo;1\/1&#8243;][vc_custom_heading heading_semantic=&raquo;h1&#8243; text_size=&raquo;h1&#8243; uncode_shortcode_id=&raquo;724017&#8243;]DeepSea hydraulisk system[\/vc_custom_heading][\/vc_column][\/vc_row][vc_row][vc_column width=&raquo;1\/2&#8243;][vc_gallery el_id=&raquo;gallery-154184-deap&raquo; type=&raquo;carousel&raquo; medias=&raquo;370&#8243; carousel_lg=&raquo;1&#8243; carousel_md=&raquo;1&#8243; carousel_sm=&raquo;1&#8243; thumb_size=&raquo;four-three&raquo; gutter_size=&raquo;3&#8243; carousel_interval=&raquo;3000&#8243; carousel_navspeed=&raquo;400&#8243; carousel_loop=&raquo;yes&raquo; carousel_dots=&raquo;yes&raquo; [&hellip;]<\/p>\n","protected":false},"author":1,"featured_media":0,"parent":0,"menu_order":0,"comment_status":"closed","ping_status":"closed","template":"","meta":{"_acf_changed":false,"footnotes":""},"class_list":["post-822","page","type-page","status-publish","hentry"],"acf":[],"_links":{"self":[{"href":"https:\/\/mustadautoline.com\/no\/wp-json\/wp\/v2\/pages\/822","targetHints":{"allow":["GET"]}}],"collection":[{"href":"https:\/\/mustadautoline.com\/no\/wp-json\/wp\/v2\/pages"}],"about":[{"href":"https:\/\/mustadautoline.com\/no\/wp-json\/wp\/v2\/types\/page"}],"author":[{"embeddable":true,"href":"https:\/\/mustadautoline.com\/no\/wp-json\/wp\/v2\/users\/1"}],"replies":[{"embeddable":true,"href":"https:\/\/mustadautoline.com\/no\/wp-json\/wp\/v2\/comments?post=822"}],"version-history":[{"count":0,"href":"https:\/\/mustadautoline.com\/no\/wp-json\/wp\/v2\/pages\/822\/revisions"}],"wp:attachment":[{"href":"https:\/\/mustadautoline.com\/no\/wp-json\/wp\/v2\/media?parent=822"}],"curies":[{"name":"wp","href":"https:\/\/api.w.org\/{rel}","templated":true}]}}