{"id":823,"date":"2024-03-29T13:47:57","date_gmt":"2024-03-29T12:47:57","guid":{"rendered":"https:\/\/mustadautoline.com\/handy-mag-systems\/"},"modified":"2025-03-04T10:39:33","modified_gmt":"2025-03-04T09:39:33","slug":"handy-mag-systems","status":"publish","type":"page","link":"https:\/\/mustadautoline.com\/no\/handy-mag-systems\/","title":{"rendered":"Handy Mag System"},"content":{"rendered":"<div class=\"wpb-content-wrapper\"><p>[vc_row][vc_column width=&raquo;1\/1&#8243;][vc_custom_heading heading_semantic=&raquo;h1&#8243; text_size=&raquo;h1&#8243; uncode_shortcode_id=&raquo;155275&#8243;]Handy Mag System[\/vc_custom_heading][\/vc_column][\/vc_row][vc_row][vc_column width=&raquo;1\/2&#8243;][vc_gallery el_id=&raquo;gallery-103867&#8243; type=&raquo;carousel&raquo; medias=&raquo;412,251,250,248,247&#8243; carousel_lg=&raquo;1&#8243; carousel_md=&raquo;1&#8243; carousel_sm=&raquo;1&#8243; thumb_size=&raquo;four-three&raquo; gutter_size=&raquo;3&#8243; carousel_interval=&raquo;3000&#8243; carousel_navspeed=&raquo;400&#8243; carousel_loop=&raquo;yes&raquo; carousel_dots=&raquo;yes&raquo; stage_padding=&raquo;0&#8243; single_overlay_opacity=&raquo;50&#8243; single_padding=&raquo;2&#8243; uncode_shortcode_id=&raquo;253210&#8243;][\/vc_column][vc_column width=&raquo;1\/2&#8243;][vc_custom_heading text_size=&raquo;h4&#8243; uncode_shortcode_id=&raquo;343223&#8243;]Mustad Autoline HandyMag-lagringssystem er utviklet for \u00e5 passe p\u00e5 mindre fart\u00f8y fra ca. 30 fot og oppover. Med fokus p\u00e5 funksjonaliteten om bord er systemet enkelt og lett \u00e5 betjene, og krever minimalt med plass.[\/vc_custom_heading][\/vc_column][\/vc_row][vc_row][vc_column column_width_percent=&raquo;100&#8243; gutter_size=&raquo;3&#8243; overlay_alpha=&raquo;50&#8243; shift_x=&raquo;0&#8243; shift_y=&raquo;0&#8243; shift_y_down=&raquo;0&#8243; z_index=&raquo;0&#8243; medium_width=&raquo;0&#8243; mobile_width=&raquo;0&#8243; width=&raquo;1\/1&#8243; uncode_shortcode_id=&raquo;187165&#8243;][vc_custom_heading text_size=&raquo;h4&#8243; uncode_shortcode_id=&raquo;967193&#8243;]Operativ funksjon[\/vc_custom_heading][vc_row_inner row_inner_height_percent=&raquo;0&#8243; overlay_alpha=&raquo;50&#8243; gutter_size=&raquo;3&#8243; shift_y=&raquo;0&#8243; z_index=&raquo;0&#8243; uncode_shortcode_id=&raquo;137710&#8243;][vc_column_inner column_width_percent=&raquo;100&#8243; gutter_size=&raquo;3&#8243; overlay_alpha=&raquo;50&#8243; shift_x=&raquo;0&#8243; shift_y=&raquo;0&#8243; shift_y_down=&raquo;0&#8243; z_index=&raquo;0&#8243; medium_width=&raquo;0&#8243; mobile_width=&raquo;0&#8243; width=&raquo;1\/2&#8243; uncode_shortcode_id=&raquo;109727&#8243;][vc_column_text text_lead=&raquo;yes&raquo; uncode_shortcode_id=&raquo;936348&#8243;]Krokene og linen oppbevares p\u00e5 magasiner, og magasinene oppbevares i oppbevaringsbokser, p\u00e5 stativer eller lignende.<\/p>\n<p>For \u00e5 sette linen hentes magasinene manuelt, og monteres som en forlengelse av agnemaskinen (fig. 1 AutoBaiter med HandyMag-overgangsskinne). N\u00e5r magasinet er t\u00f8mt for kroker, erstattes det av et nytt magasin med kroker og line fra lagringsenheten. De tomme magasinene settes tilbake i lagringsenheten.[\/vc_column_text][\/vc_column_inner][vc_column_inner column_width_percent=&raquo;100&#8243; gutter_size=&raquo;3&#8243; overlay_alpha=&raquo;50&#8243; shift_x=&raquo;0&#8243; shift_y=&raquo;0&#8243; shift_y_down=&raquo;0&#8243; z_index=&raquo;0&#8243; medium_width=&raquo;0&#8243; mobile_width=&raquo;0&#8243; width=&raquo;1\/2&#8243; uncode_shortcode_id=&raquo;794621&#8243;][vc_single_image media=&raquo;309&#8243; media_width_percent=&raquo;100&#8243; uncode_shortcode_id=&raquo;259786&#8243;][\/vc_column_inner][\/vc_row_inner][vc_separator sep_color=&raquo;&raquo; uncode_shortcode_id=&raquo;489190&#8243;][vc_row_inner][vc_column_inner column_width_percent=&raquo;100&#8243; gutter_size=&raquo;3&#8243; overlay_alpha=&raquo;50&#8243; shift_x=&raquo;0&#8243; shift_y=&raquo;0&#8243; shift_y_down=&raquo;0&#8243; z_index=&raquo;0&#8243; medium_width=&raquo;0&#8243; mobile_width=&raquo;0&#8243; width=&raquo;1\/2&#8243; uncode_shortcode_id=&raquo;114835&#8243;][vc_column_text text_lead=&raquo;yes&raquo; uncode_shortcode_id=&raquo;136725&#8243;]For \u00e5 trekke utstyret monteres tomme magasiner i trekkposisjon som en forlengelse av trekkmagasinet p\u00e5 krokseparatoren (fig. 2. Krokseparator med HandyMag-overgangsskinne).<\/p>\n<p>Det er et inspeksjonsvindu og luker for reparasjon og utskifting av skadede kroker p\u00e5 overgangsskinnen mellom krokseparatoren og magasinet.<\/p>\n<p>Lagringsenheten er fleksibel og skreddersys i henhold til tilgjengelig plass om bord p\u00e5 fart\u00f8yet. Standard lengde p\u00e5 et magasin er 1 m (40 tommer). <\/p>\n<p>HandyMag oppbevaringsmagasiner er tilpasset for \u00e5 passe til f\u00f8lgende kroktyper: Mustad EZ baiter (J-kroker) 11\/0 &#8211; 14\/0, Mustad #40 000 (semi sirkel \/ semi EZ\/J-krok) og Mustad sirkelkrok 12\/0-15\/0, b\u00e5de offset og rett.<\/p>\n<p>Mustad Autoline HandyMag-systemet er laget av rustfritt st\u00e5l og aluminium.[\/vc_column_text][\/vc_column_inner][vc_column_inner column_width_percent=&raquo;100&#8243; gutter_size=&raquo;3&#8243; overlay_alpha=&raquo;50&#8243; shift_x=&raquo;0&#8243; shift_y=&raquo;0&#8243; shift_y_down=&raquo;0&#8243; z_index=&raquo;0&#8243; medium_width=&raquo;0&#8243; mobile_width=&raquo;0&#8243; width=&raquo;1\/2&#8243; uncode_shortcode_id=&raquo;360339&#8243;][vc_single_image media=&raquo;254&#8243; media_width_percent=&raquo;100&#8243; alignment=&raquo;center&raquo; uncode_shortcode_id=&raquo;754204&#8243;][\/vc_column_inner][\/vc_row_inner][vc_custom_heading text_size=&raquo;h4&#8243; uncode_shortcode_id=&raquo;210838&#8243;]Antall kroker per meter[\/vc_custom_heading][vc_column_text text_lead=&raquo;yes&raquo; uncode_shortcode_id=&raquo;194238&#8243;]V\u00e6r oppmerksom p\u00e5 at antall kroker som oppgis i tilbudene er et estimat. Antall kroker per meter vil alltid avhenge av tykkelse, alder og kvalitet p\u00e5 krok og line. Derfor er disse tallene kun veiledende og ikke faktuelle.[\/vc_column_text][\/vc_column][\/vc_row]<\/p>\n<\/div>","protected":false},"excerpt":{"rendered":"<p>[vc_row][vc_column width=&raquo;1\/1&#8243;][vc_custom_heading heading_semantic=&raquo;h1&#8243; text_size=&raquo;h1&#8243; uncode_shortcode_id=&raquo;155275&#8243;]Handy Mag System[\/vc_custom_heading][\/vc_column][\/vc_row][vc_row][vc_column width=&raquo;1\/2&#8243;][vc_gallery el_id=&raquo;gallery-103867&#8243; type=&raquo;carousel&raquo; medias=&raquo;412,251,250,248,247&#8243; carousel_lg=&raquo;1&#8243; carousel_md=&raquo;1&#8243; carousel_sm=&raquo;1&#8243; thumb_size=&raquo;four-three&raquo; gutter_size=&raquo;3&#8243; carousel_interval=&raquo;3000&#8243; carousel_navspeed=&raquo;400&#8243; carousel_loop=&raquo;yes&raquo; carousel_dots=&raquo;yes&raquo; [&hellip;]<\/p>\n","protected":false},"author":1,"featured_media":0,"parent":0,"menu_order":0,"comment_status":"closed","ping_status":"closed","template":"","meta":{"_acf_changed":false,"footnotes":""},"class_list":["post-823","page","type-page","status-publish","hentry"],"acf":[],"_links":{"self":[{"href":"https:\/\/mustadautoline.com\/no\/wp-json\/wp\/v2\/pages\/823","targetHints":{"allow":["GET"]}}],"collection":[{"href":"https:\/\/mustadautoline.com\/no\/wp-json\/wp\/v2\/pages"}],"about":[{"href":"https:\/\/mustadautoline.com\/no\/wp-json\/wp\/v2\/types\/page"}],"author":[{"embeddable":true,"href":"https:\/\/mustadautoline.com\/no\/wp-json\/wp\/v2\/users\/1"}],"replies":[{"embeddable":true,"href":"https:\/\/mustadautoline.com\/no\/wp-json\/wp\/v2\/comments?post=823"}],"version-history":[{"count":0,"href":"https:\/\/mustadautoline.com\/no\/wp-json\/wp\/v2\/pages\/823\/revisions"}],"wp:attachment":[{"href":"https:\/\/mustadautoline.com\/no\/wp-json\/wp\/v2\/media?parent=823"}],"curies":[{"name":"wp","href":"https:\/\/api.w.org\/{rel}","templated":true}]}}