{"id":824,"date":"2024-03-29T14:08:20","date_gmt":"2024-03-29T13:08:20","guid":{"rendered":"https:\/\/mustadautoline.com\/hydrauliske-kystsystemer\/"},"modified":"2025-03-06T10:54:01","modified_gmt":"2025-03-06T09:54:01","slug":"hydrauliske-kystsystemer","status":"publish","type":"page","link":"https:\/\/mustadautoline.com\/no\/hydrauliske-kystsystemer\/","title":{"rendered":"Hydrauliske kystsystemer"},"content":{"rendered":"<div class=\"wpb-content-wrapper\"><p>[vc_row][vc_column column_width_percent=&raquo;100&#8243; gutter_size=&raquo;2&#8243; overlay_alpha=&raquo;50&#8243; shift_x=&raquo;0&#8243; shift_y=&raquo;0&#8243; shift_y_down=&raquo;0&#8243; z_index=&raquo;0&#8243; medium_width=&raquo;0&#8243; mobile_width=&raquo;0&#8243; width=&raquo;1\/1&#8243; uncode_shortcode_id=&raquo;112227&#8243;][vc_custom_heading heading_semantic=&raquo;h1&#8243; text_size=&raquo;h1&#8243; uncode_shortcode_id=&raquo;527041&#8243;]Hydrauliske kystsystemer[\/vc_custom_heading][vc_custom_heading heading_semantic=&raquo;h3&#8243; text_size=&raquo;h3&#8243; text_weight=&raquo;400&#8243; uncode_shortcode_id=&raquo;169230&#8243;]Automatiserte langlinesystemer av h\u00f8y kvalitet egnet for effektivt kystfiske[\/vc_custom_heading][\/vc_column][\/vc_row][vc_row][vc_column width=&raquo;1\/2&#8243;][vc_gallery el_id=&raquo;gallery-394924-coastel&raquo; type=&raquo;carousel&raquo; medias=&raquo;408,407,412&#8243; carousel_lg=&raquo;1&#8243; carousel_md=&raquo;1&#8243; carousel_sm=&raquo;1&#8243; thumb_size=&raquo;three-two&raquo; gutter_size=&raquo;0&#8243; carousel_interval=&raquo;5000&#8243; carousel_navspeed=&raquo;400&#8243; carousel_dots=&raquo;yes&raquo; stage_padding=&raquo;0&#8243; single_overlay_opacity=&raquo;50&#8243; single_padding=&raquo;2&#8243; uncode_shortcode_id=&raquo;212748&#8243;][\/vc_column][vc_column width=&raquo;1\/2&#8243;][vc_column_text text_lead=&raquo;yes&raquo; uncode_shortcode_id=&raquo;164132&#8243;]<\/p>\n<p data-start=\"65\" data-end=\"501\">Mustad Autoline Coastal Systems er kompakte, h\u00f8ytytende langlinel\u00f8sninger som er utviklet for fart\u00f8yer fra 33 fot og oppover. Disse systemene kan sette og hale alt fra 3 000 til over 50 000 kroker per dag &#8211; avhengig av fart\u00f8yets stabilitet og dekksplass &#8211; og gir uovertruffen effektivitet for kystfiske med langline. Hvert system tilpasses med en kombinasjon av maskiner og utstyr som er skreddersydd for \u00e5 passe til din b\u00e5t og dine spesifikke behov.  <\/p>\n<p data-start=\"503\" data-end=\"661\" data-is-last-node=\"\" data-is-only-node=\"\">Den er utviklet for fiske etter bunnfisk p\u00e5 kystn\u00e6re og steinete havbunner, og kan s\u00f8ml\u00f8st kombineres med andre fiskeredskaper og enkelt tilpasses sesongfiskerier.<\/p>\n<p>[\/vc_column_text][\/vc_column][\/vc_row][vc_row][vc_column width=&raquo;1\/2&#8243;][vc_column_text uncode_shortcode_id=&raquo;148656&#8243;]<\/p>\n<h3 data-start=\"1135\" data-end=\"1171\"><b>Mustad Autoline Coastal System passer til f\u00f8lgende kroktyper:  <\/b><\/h3>\n<ul>\n<li>Mustad EZ Baiter (J-kroker): 11\/0 &#8211; 14\/0<\/li>\n<li>Mustad #40 000 (Halvsirkel\/Semi EZ J-kroker)<\/li>\n<li>Mustad sirkelkroker: 12\/0 &#8211; 15\/0 (forskj\u00f8vet og rett)<\/li>\n<\/ul>\n<p>[\/vc_column_text][\/vc_column][vc_column column_width_percent=&raquo;100&#8243; gutter_size=&raquo;3&#8243; back_color=&raquo;color-lxmt&raquo; overlay_alpha=&raquo;50&#8243; shift_x=&raquo;0&#8243; shift_y=&raquo;0&#8243; shift_y_down=&raquo;0&#8243; z_index=&raquo;0&#8243; medium_width=&raquo;0&#8243; mobile_width=&raquo;0&#8243; width=&raquo;1\/2&#8243; uncode_shortcode_id=&raquo;211747&#8243; back_color_type=&raquo;uncode-palette&raquo;][uncode_list larger=&raquo;yes&raquo; icon=&raquo;fa fa-check-circle&raquo; icon_color=&raquo;color-882395&#8243; uncode_shortcode_id=&raquo;550692&#8243; icon_color_type=&raquo;uncode-palette&raquo;]<\/p>\n<h3>N\u00f8kkelinformasjon<\/h3>\n<ul>\n<li>Oppn\u00e5 h\u00f8y avkastning p\u00e5 investeringen gjennom \u00f8kt produktivitet<\/li>\n<li><i class=\"fa fa-check-circle-o\"><\/i>Sikre presisjonsegning og en h\u00f8y egneprosent<\/li>\n<li><i class=\"fa fa-check-circle-o\"><\/i>Flere kroker i sj\u00f8en &#8211; mindre utgifter til agn<\/li>\n<li><i class=\"fa fa-check-circle-o\"><\/i>Effektiv haleprosess er n\u00f8kkelen til \u00f8kt fortjeneste<\/li>\n<li><i class=\"fa fa-check-circle-o\"><\/i>F\u00e5 mer kvalitetsfisk ut p\u00e5 markedet<\/li>\n<li>Ulike kombinasjoner av maskiner og utstyr er skreddersydd for \u00e5 passe til din b\u00e5t og dine behov<\/li>\n<li>Redusert arbeidsintensitet<\/li>\n<li>Lett \u00e5 tilpasse til sesongfiskerier<\/li>\n<\/ul>\n<p>[\/uncode_list][\/vc_column][\/vc_row][vc_row][vc_column width=&raquo;1\/1&#8243;][vc_button button_color=&raquo;color-882395&#8243; border_width=&raquo;0&#8243; link=&raquo;url:https%3A%2F%2Fmustadautoline.com%2Fno%2Fhydrauliske-kystsystemer%2F%23products|&raquo; button_color_type=&raquo;uncode-palette&raquo; uncode_shortcode_id=&raquo;193521&#8243;]V\u00e5re produkter[\/vc_button][vc_single_image media=&raquo;1498&#8243; media_width_percent=&raquo;100&#8243; uncode_shortcode_id=&raquo;191348&#8243;][\/vc_column][\/vc_row][vc_row][vc_column column_width_percent=&raquo;100&#8243; gutter_size=&raquo;3&#8243; overlay_alpha=&raquo;50&#8243; shift_x=&raquo;0&#8243; shift_y=&raquo;0&#8243; shift_y_down=&raquo;0&#8243; z_index=&raquo;0&#8243; medium_width=&raquo;0&#8243; mobile_width=&raquo;0&#8243; width=&raquo;1\/1&#8243; uncode_shortcode_id=&raquo;187165&#8243;][vc_custom_heading text_size=&raquo;h4&#8243; uncode_shortcode_id=&raquo;529221&#8243;]<\/p>\n<h3>Kystsystem med HandyMag-oppbevaring<\/h3>\n<h4><\/h4>\n<p>[\/vc_custom_heading][vc_row_inner row_inner_height_percent=&raquo;0&#8243; overlay_alpha=&raquo;50&#8243; gutter_size=&raquo;3&#8243; shift_y=&raquo;0&#8243; z_index=&raquo;0&#8243; uncode_shortcode_id=&raquo;137710&#8243;][vc_column_inner column_width_percent=&raquo;100&#8243; gutter_size=&raquo;3&#8243; overlay_alpha=&raquo;50&#8243; shift_x=&raquo;0&#8243; shift_y=&raquo;0&#8243; shift_y_down=&raquo;0&#8243; z_index=&raquo;0&#8243; medium_width=&raquo;0&#8243; mobile_width=&raquo;0&#8243; width=&raquo;2\/3&#8243; uncode_shortcode_id=&raquo;109727&#8243;][vc_column_text text_lead=&raquo;yes&raquo; uncode_shortcode_id=&raquo;637886&#8243;]<\/p>\n<p data-start=\"290\" data-end=\"323\"><strong data-start=\"295\" data-end=\"321\">Oppbevaring og organisering; <\/strong>Kroker og snorer lagres i magasiner, plasseres i kasser, stativer eller andre oppbevaringsl\u00f8sninger. Oppbevaringsenheten er fleksibel og kan tilpasses etter tilgjengelig plass. Hvert magasin har en standardlengde p\u00e5 1 meter (40 tommer).  <\/p>\n<p data-start=\"549\" data-end=\"577\">\u00c5te <strong data-start=\"554\" data-end=\"575\">og transport; <\/strong>For \u00e5te hentes magasinene manuelt og monteres som forlengelser p\u00e5 \u00e5temaskinen (fig. 1: AutoBaiter med HandyMag-overgangsskinne). N\u00e5r de er tomme, byttes de ut med forh\u00e5ndsladede magasiner, og de tomme magasinene settes tilbake p\u00e5 lager. <\/p>\n<p data-start=\"831\" data-end=\"991\">Under transport monteres tomme magasiner som en forlengelse av transportmagasinet p\u00e5 krokseparatoren (fig. 2: Krokseparator med HandyMag-overgangsskinne).<\/p>\n<p>[\/vc_column_text][\/vc_column_inner][vc_column_inner width=&raquo;1\/3&#8243;][vc_single_image media=&raquo;309&#8243; media_width_percent=&raquo;100&#8243; uncode_shortcode_id=&raquo;259786&#8243;][vc_single_image media=&raquo;254&#8243; media_width_percent=&raquo;100&#8243; alignment=&raquo;center&raquo; uncode_shortcode_id=&raquo;754204&#8243;][\/vc_column_inner][\/vc_row_inner][vc_column_text text_lead=&raquo;yes&raquo; uncode_shortcode_id=&raquo;743348&#8243;][\/vc_column_text][vc_separator sep_color=&raquo;&raquo; uncode_shortcode_id=&raquo;489190&#8243;][vc_column_text text_lead=&raquo;yes&raquo; uncode_shortcode_id=&raquo;140160&#8243;]<strong>NB Antall kroker per meter; <\/strong> V\u00e6r oppmerksom p\u00e5 at antall kroker oppgitt i tilbud er et estimat. Antall kroker per meter vil alltid avhenge av tykkelse, alder og kvalitet p\u00e5 kroker og line. Disse tallene er derfor kun veiledende og ikke faktiske tall.[\/vc_column_text][\/vc_column][\/vc_row][vc_row row_height_percent=&raquo;0&#8243; override_padding=&raquo;yes&raquo; h_padding=&raquo;2&#8243; top_padding=&raquo;4&#8243; bottom_padding=&raquo;4&#8243; back_color=&raquo;color-xsdn&raquo; overlay_alpha=&raquo;100&#8243; gutter_size=&raquo;100&#8243; column_width_percent=&raquo;100&#8243; shift_y=&raquo;0&#8243; z_index=&raquo;0&#8243; style=&raquo;inherited&raquo; uncode_shortcode_id=&raquo;592452&#8243; back_color_type=&raquo;uncode-palette&raquo;][vc_column column_width_percent=&raquo;100&#8243; align_horizontal=&raquo;align_center&raquo; gutter_size=&raquo;3&#8243; overlay_alpha=&raquo;50&#8243; shift_x=&raquo;0&#8243; shift_y=&raquo;0&#8243; shift_y_down=&raquo;0&#8243; z_index=&raquo;0&#8243; medium_width=&raquo;0&#8243; mobile_width=&raquo;0&#8243; width=&raquo;1\/1&#8243; uncode_shortcode_id=&raquo;172588&#8243;][vc_custom_heading heading_semantic=&raquo;h1&#8243; text_font=&raquo;font-125558&#8243; text_size=&raquo;h1&#8243; text_weight=&raquo;800&#8243; uncode_shortcode_id=&raquo;112438&#8243;]Attester[\/vc_custom_heading][uncode_index el_id=&raquo;index-155886559054-dshs&raquo; isotope_mode=&raquo;fitRows&raquo; loop=&raquo;size:all|order_by:date|post_type:post|categories:13|tags:16|taxonomy_count:10&#8243; screen_lg=&raquo;1000&#8243; screen_md=&raquo;900&#8243; screen_sm=&raquo;480&#8243; filtering=&raquo;ajax&raquo; ajax_filters_content_block_id=&raquo;173&#8243; ajax_filters_layout=&raquo;horizontal&raquo; filters_widgets=&raquo;hidden&raquo; filter_typography=&raquo;inherit&raquo; active_filters=&raquo;right&raquo; clear_all=&raquo;show&raquo; gutter_size=&raquo;2&#8243; post_items=&raquo;media|featured|onpost|poster,category|colorbg|topright|display-icon,date,title,text|excerpt|84&#8243; page_items=&raquo;title,media,text,category&raquo; product_items=&raquo;title,media,text,category,price&raquo; portfolio_items=&raquo;title,media,text,category&raquo; footer_full_width=&raquo;yes&raquo; images_size=&raquo;three-two&raquo; single_back_color=&raquo;color-xsdn&raquo; single_shape=&raquo;round&raquo; radius=&raquo;xs&raquo; single_overlay_opacity=&raquo;50&#8243; single_overlay_anim=&raquo;no&raquo; single_text_visible=&raquo;yes&raquo; single_text_anim=&raquo;no&raquo; single_padding=&raquo;2&#8243; single_title_dimension=&raquo;h5&#8243; single_border=&raquo;yes&raquo; single_css_animation=&raquo;bottom-t-top&raquo; single_animation_delay=&raquo;200&#8243; single_half_padding=&raquo;&raquo; single_title_bold=&raquo;yes&raquo; single_title_serif=&raquo;&raquo; single_title_divider=&raquo;&raquo; single_no_background=&raquo;&raquo; items=&raquo;e30=&raquo; footer_position=&raquo;left&raquo; carousel_rtl=&raquo;&raquo; single_icon=&raquo;fa fa-plus2&#8243; filtering_transform=&raquo;uppercase&raquo; uncode_shortcode_id=&raquo;191285&#8243;][\/vc_column][\/vc_row][vc_row row_height_percent=&raquo;0&#8243; overlay_alpha=&raquo;50&#8243; gutter_size=&raquo;3&#8243; column_width_percent=&raquo;100&#8243; shift_y=&raquo;0&#8243; z_index=&raquo;0&#8243; uncode_shortcode_id=&raquo;357292&#8243; row_name=&raquo;products&raquo;][vc_column width=&raquo;1\/1&#8243;][vc_custom_heading uncode_shortcode_id=&raquo;191165&#8243;]Produkter[\/vc_custom_heading][uncode_index el_id=&raquo;index-372201&#8243; loop=&raquo;size:30|order_by:date|post_type:products|tax_query:37|taxonomy_count:10&#8243; screen_lg=&raquo;1000&#8243; screen_md=&raquo;600&#8243; screen_sm=&raquo;480&#8243; gutter_size=&raquo;3&#8243; products_items=&raquo;media|featured|onpost|original,title,text|excerpt|60&#8243; single_back_color=&raquo;color-lxmt&raquo; single_overlay_opacity=&raquo;50&#8243; single_padding=&raquo;2&#8243; single_title_family=&raquo;font-125558&#8243; single_title_dimension=&raquo;h4&#8243; uncode_shortcode_id=&raquo;194493&#8243;][\/vc_column][\/vc_row]<\/p>\n<\/div>","protected":false},"excerpt":{"rendered":"<p>[vc_row][vc_column column_width_percent=&raquo;100&#8243; gutter_size=&raquo;2&#8243; overlay_alpha=&raquo;50&#8243; shift_x=&raquo;0&#8243; shift_y=&raquo;0&#8243; shift_y_down=&raquo;0&#8243; z_index=&raquo;0&#8243; medium_width=&raquo;0&#8243; mobile_width=&raquo;0&#8243; width=&raquo;1\/1&#8243; uncode_shortcode_id=&raquo;112227&#8243;][vc_custom_heading heading_semantic=&raquo;h1&#8243; text_size=&raquo;h1&#8243; uncode_shortcode_id=&raquo;527041&#8243;]Hydrauliske kystsystemer[\/vc_custom_heading][vc_custom_heading heading_semantic=&raquo;h3&#8243; text_size=&raquo;h3&#8243; text_weight=&raquo;400&#8243; uncode_shortcode_id=&raquo;169230&#8243;]Automatiserte [&hellip;]<\/p>\n","protected":false},"author":1,"featured_media":0,"parent":0,"menu_order":0,"comment_status":"closed","ping_status":"closed","template":"","meta":{"_acf_changed":false,"footnotes":""},"class_list":["post-824","page","type-page","status-publish","hentry"],"acf":[],"_links":{"self":[{"href":"https:\/\/mustadautoline.com\/no\/wp-json\/wp\/v2\/pages\/824","targetHints":{"allow":["GET"]}}],"collection":[{"href":"https:\/\/mustadautoline.com\/no\/wp-json\/wp\/v2\/pages"}],"about":[{"href":"https:\/\/mustadautoline.com\/no\/wp-json\/wp\/v2\/types\/page"}],"author":[{"embeddable":true,"href":"https:\/\/mustadautoline.com\/no\/wp-json\/wp\/v2\/users\/1"}],"replies":[{"embeddable":true,"href":"https:\/\/mustadautoline.com\/no\/wp-json\/wp\/v2\/comments?post=824"}],"version-history":[{"count":0,"href":"https:\/\/mustadautoline.com\/no\/wp-json\/wp\/v2\/pages\/824\/revisions"}],"wp:attachment":[{"href":"https:\/\/mustadautoline.com\/no\/wp-json\/wp\/v2\/media?parent=824"}],"curies":[{"name":"wp","href":"https:\/\/api.w.org\/{rel}","templated":true}]}}