{"id":825,"date":"2024-09-30T10:41:47","date_gmt":"2024-09-30T08:41:47","guid":{"rendered":"https:\/\/mustadautoline.com\/behandling-havfront\/"},"modified":"2025-09-17T11:52:28","modified_gmt":"2025-09-17T09:52:28","slug":"behandling-havfront","status":"publish","type":"page","link":"https:\/\/mustadautoline.com\/no\/behandling-havfront\/","title":{"rendered":"Fiskeprosessering HAVFRONT"},"content":{"rendered":"<div class=\"wpb-content-wrapper\"><p>[vc_row row_height_percent=&raquo;0&#8243; override_padding=&raquo;yes&raquo; h_padding=&raquo;0&#8243; top_padding=&raquo;2&#8243; bottom_padding=&raquo;0&#8243; back_color=&raquo;color-882395&#8243; back_image=&raquo;468&#8243; overlay_color=&raquo;color-882395&#8243; overlay_alpha=&raquo;30&#8243; gutter_size=&raquo;3&#8243; column_width_use_pixel=&raquo;yes&raquo; shift_y=&raquo;0&#8243; z_index=&raquo;0&#8243; uncode_shortcode_id=&raquo;191115&#8243; row_height_pixel=&raquo;300&#8243; overlay_color_type=&raquo;uncode-palette&raquo; back_color_type=&raquo;uncode-palette&raquo;][vc_column column_width_percent=&raquo;100&#8243; position_vertical=&raquo;middle&raquo; align_horizontal=&raquo;align_center&raquo; gutter_size=&raquo;1&#8243; override_padding=&raquo;yes&raquo; column_padding=&raquo;5&#8243; overlay_alpha=&raquo;50&#8243; shift_x=&raquo;0&#8243; shift_y=&raquo;0&#8243; shift_y_down=&raquo;0&#8243; z_index=&raquo;0&#8243; medium_width=&raquo;0&#8243; mobile_width=&raquo;0&#8243; width=&raquo;1\/1&#8243; uncode_shortcode_id=&raquo;210888&#8243;][vc_custom_heading text_color=&raquo;color-xsdn&raquo; heading_semantic=&raquo;div&raquo; text_font=&raquo;font-125558&#8243; text_size=&raquo;fontsize-133121&#8243; text_weight=&raquo;700&#8243; css_animation=&raquo;left-t-right&raquo; animation_speed=&raquo;500&#8243; animation_delay=&raquo;400&#8243; uncode_shortcode_id=&raquo;177987&#8243; text_color_type=&raquo;uncode-palette&raquo; el_class=&raquo;textshadow&raquo;]Automatisert hodekapping og sl\u00f8ying av fisk[\/vc_custom_heading][vc_custom_heading text_color=&raquo;color-882395&#8243; heading_semantic=&raquo;div&raquo; text_font=&raquo;font-125558&#8243; text_size=&raquo;h1&#8243; text_weight=&raquo;500&#8243; css_animation=&raquo;top-t-bottom&raquo; animation_speed=&raquo;500&#8243; animation_delay=&raquo;700&#8243; uncode_shortcode_id=&raquo;469301&#8243; text_color_type=&raquo;uncode-palette&raquo;][\/vc_custom_heading][vc_empty_space empty_h=&raquo;2&#8243;][\/vc_column][\/vc_row][vc_row row_height_percent=&raquo;0&#8243; overlay_alpha=&raquo;50&#8243; gutter_size=&raquo;3&#8243; column_width_percent=&raquo;100&#8243; shift_y=&raquo;0&#8243; z_index=&raquo;0&#8243; uncode_shortcode_id=&raquo;251577&#8243;][vc_column column_width_percent=&raquo;100&#8243; gutter_size=&raquo;2&#8243; overlay_alpha=&raquo;50&#8243; shift_x=&raquo;0&#8243; shift_y=&raquo;0&#8243; shift_y_down=&raquo;0&#8243; z_index=&raquo;0&#8243; medium_width=&raquo;0&#8243; mobile_width=&raquo;0&#8243; width=&raquo;1\/1&#8243; uncode_shortcode_id=&raquo;189745&#8243;][vc_custom_heading heading_semantic=&raquo;h1&#8243; text_size=&raquo;fontsize-167834&#8243; uncode_shortcode_id=&raquo;742729&#8243;]<\/p>\n<h2>Verdens mest kompakte maskiner for hodekapping og sl\u00f8ying av fisk<\/h2>\n<p>[\/vc_custom_heading][vc_empty_space empty_h=&raquo;1&#8243;][vc_column_text text_lead=&raquo;yes&raquo; uncode_shortcode_id=&raquo;158388&#8243;]<\/p>\n<h4>Disse kompakte og brukervennlige l\u00f8sningene gj\u00f8r sl\u00f8ying og hodekapping av fisk betydelig mer effektiv, enten det er om bord eller p\u00e5 land, og gir et p\u00e5litelig grunnlag for str\u00f8mlinjeformet prosessering av h\u00f8y kvalitet.<\/h4>\n<p>V\u00e5re automatiserte systemer for hodekapping og sl\u00f8ying av fisk er utviklet for \u00e5 forandre prosesseringsoperasjonene dine. De tilpasser seg s\u00f8ml\u00f8st til st\u00f8rrelsen p\u00e5 hver enkelt fisk og s\u00f8rger for presise og ensartede kutt, samtidig som verdifull rogn og lever bevares intakt. Ved \u00e5 redusere den manuelle arbeidsmengden betraktelig, \u00f8ker de effektiviteten og konsistensen b\u00e5de p\u00e5 landbaserte anlegg og ved bearbeiding om bord. De er tilgjengelige i en rekke modeller med ulike funksjoner &#8211; fra plassbesparende, kompakte enheter til avanserte digitale l\u00f8sninger &#8211; og passer perfekt til ethvert produksjonsmilj\u00f8.[\/vc_column_text][vc_custom_heading text_size=&raquo;h3&#8243; text_weight=&raquo;400&#8243; uncode_shortcode_id=&raquo;194723&#8243;]<\/p>\n<h4><strong>En kostnadseffektiv investering  <\/strong><\/h4>\n<p>[\/vc_custom_heading][vc_column_text text_lead=&raquo;yes&raquo; uncode_shortcode_id=&raquo;126990&#8243;]Disse maskinene leverer h\u00f8y effektivitet med minimalt vedlikehold, noe som gj\u00f8r dem til et utmerket valg for fiskefart\u00f8yer og fiskeforedlingsbedrifter som \u00f8nsker \u00e5 \u00f8ke produktiviteten og samtidig redusere manuelt og fysisk krevende arbeid.[\/vc_column_text][\/vc_column][\/vc_row][vc_row row_height_percent=&raquo;0&#8243; overlay_alpha=&raquo;50&#8243; gutter_size=&raquo;3&#8243; column_width_percent=&raquo;100&#8243; shift_y=&raquo;0&#8243; z_index=&raquo;0&#8243; uncode_shortcode_id=&raquo;207513&#8243;][vc_column width=&raquo;1\/1&#8243;][vc_button button_color=&raquo;color-882395&#8243; border_width=&raquo;0&#8243; button_color_type=&raquo;uncode-palette&raquo; uncode_shortcode_id=&raquo;137623&#8243; link=&raquo;url:https%3A%2F%2Fmustadautoline.com%2Fno%2Fprodukter%2F%3Ftax_producttag%3Dprocessing%26unfilter%3D1|&raquo;]V\u00e5re produkter[\/vc_button][\/vc_column][\/vc_row][vc_row row_height_percent=&raquo;0&#8243; back_color=&raquo;color-159576&#8243; overlay_alpha=&raquo;50&#8243; gutter_size=&raquo;3&#8243; column_width_percent=&raquo;100&#8243; shift_y=&raquo;0&#8243; z_index=&raquo;0&#8243; uncode_shortcode_id=&raquo;585668&#8243; back_color_type=&raquo;uncode-palette&raquo;][vc_column width=&raquo;1\/2&#8243;][vc_column_text uncode_shortcode_id=&raquo;181198&#8243;]<\/p>\n<h4>Ta kontakt med oss!<\/h4>\n<p>Hvis du har sp\u00f8rsm\u00e5l, trenger hjelp eller mer produktinformasjon, er vi bare en melding unna og hjelper deg gjerne.<\/p>\n<h4>+47 70 10 75 80<\/h4>\n<p><a href=\"mailto:mail@mustadautoline.com\"><strong>mail@mustadautoline.com<\/strong><\/a>[\/vc_column_text][\/vc_column][vc_column width=&raquo;1\/2&#8243;][vc_single_image media=&raquo;769&#8243; dynamic=&raquo;yes&raquo; media_width_percent=&raquo;100&#8243; alignment=&raquo;center&raquo; shape=&raquo;img-round&raquo; radius=&raquo;std&raquo; advanced_videos=&raquo;yes&raquo; mobile_videos=&raquo;autoplay&raquo; uncode_shortcode_id=&raquo;206104&#8243;][\/vc_column][\/vc_row][vc_row row_height_percent=&raquo;0&#8243; override_padding=&raquo;yes&raquo; h_padding=&raquo;2&#8243; top_padding=&raquo;4&#8243; bottom_padding=&raquo;4&#8243; back_color=&raquo;color-xsdn&raquo; overlay_alpha=&raquo;100&#8243; gutter_size=&raquo;100&#8243; column_width_percent=&raquo;100&#8243; shift_y=&raquo;0&#8243; z_index=&raquo;0&#8243; style=&raquo;inherited&raquo; uncode_shortcode_id=&raquo;592452&#8243; back_color_type=&raquo;uncode-palette&raquo;][vc_column column_width_percent=&raquo;100&#8243; align_horizontal=&raquo;align_center&raquo; gutter_size=&raquo;3&#8243; overlay_alpha=&raquo;50&#8243; shift_x=&raquo;0&#8243; shift_y=&raquo;0&#8243; shift_y_down=&raquo;0&#8243; z_index=&raquo;0&#8243; medium_width=&raquo;0&#8243; mobile_width=&raquo;0&#8243; width=&raquo;1\/1&#8243; uncode_shortcode_id=&raquo;172588&#8243;][vc_custom_heading heading_semantic=&raquo;h1&#8243; text_font=&raquo;font-125558&#8243; text_size=&raquo;h1&#8243; text_weight=&raquo;800&#8243; uncode_shortcode_id=&raquo;112438&#8243;]Attester[\/vc_custom_heading][uncode_index el_id=&raquo;index-15588655905&#8243; isotope_mode=&raquo;fitRows&raquo; loop=&raquo;size:all|order_by:date|post_type:post|categories:13|tags:41|taxonomy_count:10&#8243; screen_lg=&raquo;1000&#8243; screen_md=&raquo;900&#8243; screen_sm=&raquo;480&#8243; filtering=&raquo;ajax&raquo; ajax_filters_content_block_id=&raquo;173&#8243; ajax_filters_layout=&raquo;horizontal&raquo; filters_widgets=&raquo;hidden&raquo; filter_typography=&raquo;inherit&raquo; active_filters=&raquo;right&raquo; clear_all=&raquo;show&raquo; gutter_size=&raquo;2&#8243; post_items=&raquo;media|featured|onpost|poster,category|colorbg|topright|display-icon,date,title,text|excerpt|84&#8243; page_items=&raquo;title,media,text,category&raquo; product_items=&raquo;title,media,text,category,price&raquo; portfolio_items=&raquo;title,media,text,category&raquo; footer_full_width=&raquo;yes&raquo; images_size=&raquo;three-two&raquo; single_back_color=&raquo;color-xsdn&raquo; single_shape=&raquo;round&raquo; radius=&raquo;xs&raquo; single_overlay_opacity=&raquo;50&#8243; single_overlay_anim=&raquo;no&raquo; single_text_visible=&raquo;yes&raquo; single_text_anim=&raquo;no&raquo; single_padding=&raquo;2&#8243; single_title_dimension=&raquo;h5&#8243; single_border=&raquo;yes&raquo; single_css_animation=&raquo;bottom-t-top&raquo; single_animation_delay=&raquo;200&#8243; single_half_padding=&raquo;&raquo; single_title_bold=&raquo;yes&raquo; single_title_serif=&raquo;&raquo; single_title_divider=&raquo;&raquo; single_no_background=&raquo;&raquo; items=&raquo;e30=&raquo; footer_position=&raquo;left&raquo; carousel_rtl=&raquo;&raquo; single_icon=&raquo;fa fa-plus2&#8243; filtering_transform=&raquo;uppercase&raquo; uncode_shortcode_id=&raquo;587779&#8243;][\/vc_column][\/vc_row]<\/p>\n<\/div>","protected":false},"excerpt":{"rendered":"<p>[vc_row row_height_percent=&raquo;0&#8243; override_padding=&raquo;yes&raquo; h_padding=&raquo;0&#8243; top_padding=&raquo;2&#8243; bottom_padding=&raquo;0&#8243; back_color=&raquo;color-882395&#8243; back_image=&raquo;468&#8243; overlay_color=&raquo;color-882395&#8243; overlay_alpha=&raquo;30&#8243; gutter_size=&raquo;3&#8243; column_width_use_pixel=&raquo;yes&raquo; shift_y=&raquo;0&#8243; z_index=&raquo;0&#8243; uncode_shortcode_id=&raquo;191115&#8243; row_height_pixel=&raquo;300&#8243; overlay_color_type=&raquo;uncode-palette&raquo; back_color_type=&raquo;uncode-palette&raquo;][vc_column column_width_percent=&raquo;100&#8243; position_vertical=&raquo;middle&raquo; [&hellip;]<\/p>\n","protected":false},"author":2,"featured_media":0,"parent":0,"menu_order":0,"comment_status":"closed","ping_status":"closed","template":"","meta":{"_acf_changed":false,"footnotes":""},"class_list":["post-825","page","type-page","status-publish","hentry"],"acf":[],"_links":{"self":[{"href":"https:\/\/mustadautoline.com\/no\/wp-json\/wp\/v2\/pages\/825","targetHints":{"allow":["GET"]}}],"collection":[{"href":"https:\/\/mustadautoline.com\/no\/wp-json\/wp\/v2\/pages"}],"about":[{"href":"https:\/\/mustadautoline.com\/no\/wp-json\/wp\/v2\/types\/page"}],"author":[{"embeddable":true,"href":"https:\/\/mustadautoline.com\/no\/wp-json\/wp\/v2\/users\/2"}],"replies":[{"embeddable":true,"href":"https:\/\/mustadautoline.com\/no\/wp-json\/wp\/v2\/comments?post=825"}],"version-history":[{"count":0,"href":"https:\/\/mustadautoline.com\/no\/wp-json\/wp\/v2\/pages\/825\/revisions"}],"wp:attachment":[{"href":"https:\/\/mustadautoline.com\/no\/wp-json\/wp\/v2\/media?parent=825"}],"curies":[{"name":"wp","href":"https:\/\/api.w.org\/{rel}","templated":true}]}}