{"id":826,"date":"2024-04-09T21:06:54","date_gmt":"2024-04-09T19:06:54","guid":{"rendered":"https:\/\/mustadautoline.com\/historie\/"},"modified":"2025-11-17T08:53:18","modified_gmt":"2025-11-17T07:53:18","slug":"historie","status":"publish","type":"page","link":"https:\/\/mustadautoline.com\/no\/historie\/","title":{"rendered":"Historie"},"content":{"rendered":"<div class=\"wpb-content-wrapper\"><p>[vc_row row_height_percent=&raquo;0&#8243; overlay_alpha=&raquo;50&#8243; gutter_size=&raquo;1&#8243; column_width_use_pixel=&raquo;yes&raquo; shift_y=&raquo;0&#8243; z_index=&raquo;0&#8243; uncode_shortcode_id=&raquo;488850&#8243; column_width_pixel=&raquo;900&#8243;][vc_column width=&raquo;1\/1&#8243;][vc_gallery el_id=&raquo;gallery-109904&#8243; medias=&raquo;759&#8243; gutter_size=&raquo;3&#8243; screen_lg=&raquo;1800&#8243; screen_md=&raquo;600&#8243; screen_sm=&raquo;480&#8243; single_width=&raquo;12&#8243; single_overlay_opacity=&raquo;50&#8243; single_padding=&raquo;2&#8243; uncode_shortcode_id=&raquo;739512&#8243;][vc_custom_heading text_size=&raquo;h1&#8243; uncode_shortcode_id=&raquo;944184&#8243;]Historie[\/vc_custom_heading][vc_column_text text_lead=&raquo;yes&raquo; uncode_shortcode_id=&raquo;183480&#8243;]Ved inngangen til 1800-tallet var det norske industrilandskapet fragmentert og manglet den n\u00f8dvendige infrastrukturen for produktspesialisering. Ressursknappheten gjorde det n\u00f8dvendig med lokal produksjon av alt fra mat og kl\u00e6r til verkt\u00f8y, utdanning og helsetjenester. I dette f\u00f8rindustrielle milj\u00f8et, i den lille bygda Gj\u00f6vik, ble fabrikken &laquo;Brusveen Spiger- og Staltradfabrikk&raquo; etablert av Hans Skikkelstad i 1832. Senere overtok Skikkelstads svigers\u00f8nn <a href=\"https:\/\/eur02.safelinks.protection.outlook.com\/?url=https%3A%2F%2Fen.wikipedia.org%2Fwiki%2FOle_Hovelsen_Mustad&amp;data=05%7C02%7Cjosh.dunham%40mustadautoline.com%7C48f806441a984ac07fa908dc5863d6d7%7C8b93ec6c010a4c508a5a743f94aba26c%7C0%7C0%7C638482433031651741%7CUnknown%7CTWFpbGZsb3d8eyJWIjoiMC4wLjAwMDAiLCJQIjoiV2luMzIiLCJBTiI6Ik1haWwiLCJXVCI6Mn0%3D%7C0%7C%7C%7C&amp;sdata=F%2Fm65LSXDIIdA3SsHhD2UQCzfs9WCShO2XcrTMIKCSI%3D&amp;reserved=0\">Ole <\/a><a href=\"https:\/\/eur02.safelinks.protection.outlook.com\/?url=https%3A%2F%2Fen.wikipedia.org%2Fwiki%2FOle_Hovelsen_Mustad&amp;data=05%7C02%7Cjosh.dunham%40mustadautoline.com%7C48f806441a984ac07fa908dc5863d6d7%7C8b93ec6c010a4c508a5a743f94aba26c%7C0%7C0%7C638482433031664080%7CUnknown%7CTWFpbGZsb3d8eyJWIjoiMC4wLjAwMDAiLCJQIjoiV2luMzIiLCJBTiI6Ik1haWwiLCJXVCI6Mn0%3D%7C0%7C%7C%7C&amp;sdata=qFFOtgeP8i3oWXuV0PZ2FxQ%2BqvyGRESBowK6bSNFSI0%3D&amp;reserved=0\">Hovelsen<\/a><a href=\"https:\/\/eur02.safelinks.protection.outlook.com\/?url=https%3A%2F%2Fen.wikipedia.org%2Fwiki%2FOle_Hovelsen_Mustad&amp;data=05%7C02%7Cjosh.dunham%40mustadautoline.com%7C48f806441a984ac07fa908dc5863d6d7%7C8b93ec6c010a4c508a5a743f94aba26c%7C0%7C0%7C638482433031672728%7CUnknown%7CTWFpbGZsb3d8eyJWIjoiMC4wLjAwMDAiLCJQIjoiV2luMzIiLCJBTiI6Ik1haWwiLCJXVCI6Mn0%3D%7C0%7C%7C%7C&amp;sdata=HQVz%2F4q1PxpJ%2B8tgselgqvGF%2FSbKkgcsWBd1OefVr%2F8%3D&amp;reserved=0\"> Mustad<\/a> (1810-84) bedriften sammen med s\u00f8nnen <a href=\"https:\/\/eur02.safelinks.protection.outlook.com\/?url=https%3A%2F%2Fen.wikipedia.org%2Fwiki%2FHans_Mustad&amp;data=05%7C02%7Cjosh.dunham%40mustadautoline.com%7C48f806441a984ac07fa908dc5863d6d7%7C8b93ec6c010a4c508a5a743f94aba26c%7C0%7C0%7C638482433031682528%7CUnknown%7CTWFpbGZsb3d8eyJWIjoiMC4wLjAwMDAiLCJQIjoiV2luMzIiLCJBTiI6Ik1haWwiLCJXVCI6Mn0%3D%7C0%7C%7C%7C&amp;sdata=62OGqKWR%2Fg6rboGQV8y357W6ZHYCUZDu2tLYtG0G3X4%3D&amp;reserved=0\">Hans<\/a> Mustad (1837-1918) og endret navnet til O. Mustad &amp; S\u00f8n.<br \/>\nO. Mustad &amp; S\u00f8n blomstret opp og ble snart en ledende leverand\u00f8r av diverse metallvarer, som st\u00e5ltr\u00e5d, spiker, stifter, hesteskos\u00f8m, fiskekroker, skipsbyggingsspiker, binders og diverse andre tr\u00e5dbaserte artikler.[\/vc_column_text][\/vc_column][\/vc_row][vc_row row_height_percent=&raquo;0&#8243; back_color=&raquo;color-lxmt&raquo; overlay_alpha=&raquo;50&#8243; gutter_size=&raquo;3&#8243; column_width_use_pixel=&raquo;yes&raquo; shift_y=&raquo;0&#8243; z_index=&raquo;0&#8243; uncode_shortcode_id=&raquo;115612&#8243; back_color_type=&raquo;uncode-palette&raquo; column_width_pixel=&raquo;900&#8243;][vc_column column_width_percent=&raquo;100&#8243; position_vertical=&raquo;middle&raquo; gutter_size=&raquo;2&#8243; overlay_alpha=&raquo;50&#8243; shift_x=&raquo;0&#8243; shift_y=&raquo;0&#8243; shift_y_down=&raquo;0&#8243; z_index=&raquo;0&#8243; medium_width=&raquo;0&#8243; mobile_width=&raquo;0&#8243; width=&raquo;1\/2&#8243; uncode_shortcode_id=&raquo;124099&#8243;][vc_custom_heading text_size=&raquo;h3&#8243; uncode_shortcode_id=&raquo;318850&#8243;]Rask ekspansjon gjennom mekanisk oppfinnsomhet[\/vc_custom_heading][vc_column_text text_lead=&raquo;yes&raquo; uncode_shortcode_id=&raquo;625927&#8243;]I siste halvdel av forrige \u00e5rhundre var Mustad f\u00f8rst ute med avanserte maskiner for automatisert produksjon av hesteskos\u00f8m. Dette teknologiske spranget skapte et avgj\u00f8rende konkurransefortrinn og f\u00f8rte til rask ekspansjon og vekst, hovedsakelig gjennom eksport til ulike europeiske land. I samme periode vokste selskapets fiskekrokvirksomhet betydelig. Avanserte maskiner og nye produksjonsmetoder utviklet av Mustads egne ingeni\u00f8rer under ledelse av det tekniske geniet Mathias Topp, sammen med krokmakere fra ledende engelske produsenter, befestet selskapets posisjon i fiskekrokmarkedet.[\/vc_column_text][\/vc_column][vc_column column_width_percent=&raquo;100&#8243; position_vertical=&raquo;middle&raquo; gutter_size=&raquo;3&#8243; overlay_alpha=&raquo;50&#8243; shift_x=&raquo;0&#8243; shift_y=&raquo;0&#8243; shift_y_down=&raquo;0&#8243; z_index=&raquo;0&#8243; medium_width=&raquo;0&#8243; mobile_width=&raquo;0&#8243; width=&raquo;1\/2&#8243; uncode_shortcode_id=&raquo;185618&#8243;][vc_single_image media=&raquo;606&#8243; media_width_percent=&raquo;100&#8243; uncode_shortcode_id=&raquo;136539&#8243;][\/vc_column][\/vc_row][vc_row row_height_percent=&raquo;0&#8243; override_padding=&raquo;yes&raquo; h_padding=&raquo;2&#8243; top_padding=&raquo;2&#8243; bottom_padding=&raquo;0&#8243; overlay_alpha=&raquo;50&#8243; gutter_size=&raquo;3&#8243; column_width_use_pixel=&raquo;yes&raquo; shift_y=&raquo;0&#8243; z_index=&raquo;0&#8243; uncode_shortcode_id=&raquo;119422&#8243; column_width_pixel=&raquo;900&#8243;][vc_column width=&raquo;1\/2&#8243;][vc_single_image media=&raquo;716&#8243; media_width_percent=&raquo;50&#8243; uncode_shortcode_id=&raquo;162997&#8243;][\/vc_column][vc_column column_width_percent=&raquo;100&#8243; gutter_size=&raquo;2&#8243; overlay_alpha=&raquo;50&#8243; shift_x=&raquo;0&#8243; shift_y=&raquo;0&#8243; shift_y_down=&raquo;0&#8243; z_index=&raquo;0&#8243; medium_width=&raquo;0&#8243; mobile_width=&raquo;0&#8243; width=&raquo;1\/2&#8243; uncode_shortcode_id=&raquo;144359&#8243;][vc_custom_heading text_size=&raquo;h3&#8243; uncode_shortcode_id=&raquo;555154&#8243;]Hans Mustads dristige visjon forvandler selskapet[\/vc_custom_heading][vc_column_text text_lead=&raquo;yes&raquo; uncode_shortcode_id=&raquo;109821&#8243;]P\u00e5 1880-tallet hindret norske handelsrestriksjoner Mustads ekspansjon, noe som fikk Hans Mustad, tredje generasjons eier, til \u00e5 styre selskapet mot internasjonalisering med bemerkelsesverdig mot og framsynthet.[\/vc_column_text][\/vc_column][\/vc_row][vc_row row_height_percent=&raquo;0&#8243; overlay_alpha=&raquo;50&#8243; gutter_size=&raquo;3&#8243; column_width_use_pixel=&raquo;yes&raquo; shift_y=&raquo;0&#8243; z_index=&raquo;0&#8243; uncode_shortcode_id=&raquo;872228&#8243; column_width_pixel=&raquo;900&#8243;][vc_column column_width_percent=&raquo;100&#8243; gutter_size=&raquo;1&#8243; overlay_alpha=&raquo;50&#8243; shift_x=&raquo;0&#8243; shift_y=&raquo;0&#8243; shift_y_down=&raquo;0&#8243; z_index=&raquo;0&#8243; medium_width=&raquo;0&#8243; mobile_width=&raquo;0&#8243; width=&raquo;1\/1&#8243; uncode_shortcode_id=&raquo;167503&#8243;][vc_column_text text_lead=&raquo;yes&raquo; uncode_shortcode_id=&raquo;828082&#8243;]<\/p>\n<p data-start=\"143\" data-end=\"453\">Mellom 1890- og 1920-tallet ekspanderte Hans Mustad og s\u00f8nnene hans selskapet dramatisk. De kj\u00f8pte opp mer enn 300 virksomheter over hele Europa og etablerte toppmoderne Mustad-fabrikker i viktige markeder. P\u00e5 midten av 1920-tallet var Mustad-konsernet blitt den dominerende akt\u00f8ren i den europeiske hesteskos\u00f8mindustrien. <\/p>\n<p data-start=\"455\" data-end=\"908\">I samme periode opplevde fiskekrokdivisjonen en rask global vekst. Nye modeller ble kontinuerlig utviklet, nye markeder ble \u00e5pnet, og Mustads salgsteam reiste verden rundt og bygget forretningsforbindelser selv i de mest avsidesliggende hj\u00f8rner av kloden. P\u00e5 det meste inneholdt Mustads produktportef\u00f8lje mer enn 105 000 forskjellige kroktyper og -st\u00f8rrelser, noe som sikret at selv de mest krevende kundene kunne finne akkurat det de trengte.  <\/p>\n<p data-start=\"910\" data-end=\"1043\">Med opptil 3 500 ansatte og virksomhet i 13 land var Mustad verdensledende innen automatisert produksjon av b\u00e5de hesteskos\u00f8m og fiskekroker.<\/p>\n<p>[\/vc_column_text][\/vc_column][\/vc_row][vc_row row_height_percent=&raquo;0&#8243; overlay_alpha=&raquo;50&#8243; gutter_size=&raquo;1&#8243; column_width_use_pixel=&raquo;yes&raquo; shift_y=&raquo;0&#8243; z_index=&raquo;0&#8243; uncode_shortcode_id=&raquo;141169&#8243; column_width_pixel=&raquo;900&#8243;][vc_column column_width_percent=&raquo;100&#8243; gutter_size=&raquo;2&#8243; overlay_alpha=&raquo;50&#8243; shift_x=&raquo;0&#8243; shift_y=&raquo;0&#8243; shift_y_down=&raquo;0&#8243; z_index=&raquo;0&#8243; medium_width=&raquo;0&#8243; mobile_width=&raquo;0&#8243; width=&raquo;1\/1&#8243; uncode_shortcode_id=&raquo;187126&#8243;][vc_custom_heading text_size=&raquo;h3&#8243; uncode_shortcode_id=&raquo;145967&#8243;]Innovasjoner og anekdoter[\/vc_custom_heading][vc_column_text text_lead=&raquo;yes&raquo; uncode_shortcode_id=&raquo;559384&#8243;]Mustads suksess ble underst\u00f8ttet av teknologiske gjennombrudd innen metallurgi, s\u00e6rlig innen st\u00e5ltr\u00e5dprodukter som hesteskos\u00f8m, binders, n\u00e5ler, h\u00e5rn\u00e5ler, kardingsverkt\u00f8y og fiskekroker, i tillegg til ulike produkter som glidel\u00e5ser, d\u00f8rh\u00e5ndtak og takbeslag. Andre utviklingsprosjekter, som kanskje var mer overraskende, var scootere, biler, gressklippere og automatiske spredere for sand, salt og kunstgj\u00f8dsel. Andre mer vellykkede produkter var vedovner, stekepanner, hammere, \u00f8kser, vaffeljern og andre husholdningsartikler.[\/vc_column_text][vc_empty_space empty_h=&raquo;2&#8243;][vc_custom_heading text_size=&raquo;h3&#8243; uncode_shortcode_id=&raquo;991720&#8243;]Mustad Margarin[\/vc_custom_heading][vc_column_text text_lead=&raquo;yes&raquo; uncode_shortcode_id=&raquo;787207&#8243;]Mustad satset ogs\u00e5 p\u00e5 margarinproduksjon, en divisjon som blomstret i nesten hundre \u00e5r f\u00f8r den ble solgt i 1996.<\/p>\n<p>[\/vc_column_text][vc_empty_space empty_h=&raquo;2&#8243;][vc_custom_heading text_size=&raquo;h3&#8243; uncode_shortcode_id=&raquo;121232&#8243;]Triumfer og pr\u00f8velser[\/vc_custom_heading][vc_column_text text_lead=&raquo;yes&raquo; uncode_shortcode_id=&raquo;393398&#8243;]Mustad har overlevd alle st\u00f8rre \u00f8konomiske omveltninger i krig og fred. Etter andre verdenskrig mistet selskapet alle fabrikkene sine bak jernteppet, omtrent to tredjedeler av virksomheten og flere tusen ansatte. Selskapets desentraliserte, uavhengige struktur gjorde det mulig for resten av organisasjonen \u00e5 overleve og vokse. Selv i tider med krig og \u00f8konomisk uro har Mustad kontinuerlig investert i \u00e5 forbedre kvaliteten p\u00e5 produktene sine, og alltid fors\u00f8kt \u00e5 ligge i forkant av den globale konkurransen.[\/vc_column_text][vc_empty_space empty_h=&raquo;2&#8243;][vc_custom_heading text_size=&raquo;h3&#8243; uncode_shortcode_id=&raquo;107412&#8243;]Mustad Langline[\/vc_custom_heading][vc_column_text text_lead=&raquo;yes&raquo; uncode_shortcode_id=&raquo;167237&#8243;]Historien til Mustad Automated Longline Systems begynte p\u00e5 1960-tallet, da man inns\u00e5 potensialet for automatisering i det kommersielle linefisket. Som svar p\u00e5 fiskeindustriens skiftende behov satte Mustad seg fore \u00e5 utvikle banebrytende teknologi for \u00e5 effektivisere linefiskeoperasjonene. Ved \u00e5 automatisere prosessene for utsetting, innhaling og agn, kunne Mustad \u00f8ke effektiviteten, produktiviteten og b\u00e6rekraften i det kommersielle linefisket. I \u00e5renes l\u00f8p har Mustad Autoline System gjennomg\u00e5tt kontinuerlig forbedring og innovasjon. Avansert robotteknikk, sensorer og kontrollsystemer er integrert i designet for \u00e5 optimalisere ytelse og p\u00e5litelighet i utfordrende marine milj\u00f8er. Mustad Autoline AS ble etablert som et uavhengig selskap i 2004 og er fortsatt eid av Mustad-familien.[\/vc_column_text][vc_empty_space empty_h=&raquo;2&#8243;][vc_custom_heading text_size=&raquo;h3&#8243; uncode_shortcode_id=&raquo;811006&#8243;]Mustad Autoline i dag[\/vc_custom_heading][vc_column_text text_lead=&raquo;yes&raquo; uncode_shortcode_id=&raquo;959134&#8243;]<\/p>\n<p data-start=\"95\" data-end=\"405\">Alle Mustad Autoline-produkter produseres i Gj\u00f8vik, Norge, av et h\u00f8yt utdannet og dedikert team som er opptatt av \u00e5 levere verdens ledende autoline-l\u00f8sninger. Med ny teknologi bringer vi linefiske inn i fremtiden, og setter nye standarder for ytelse, sikkerhet og p\u00e5litelighet. <\/p>\n<p data-start=\"407\" data-end=\"889\">Vi investerer opptil 15 % av omsetningen v\u00e5r i forskning og utvikling, og vi har nesten 90 % av den globale markedsandelen innen bunnfaste autoliningssystemer. Denne suksessen skyldes ikke bare tilliten kundene har vist Mustad Autoline, men ogs\u00e5 et sterkt partnerskap. Kundenes behov, anbefalinger og erfaringer fra den virkelige verden blir tatt p\u00e5 alvor, noe som f\u00f8rer til kontinuerlige forbedringer som gj\u00f8r gode produkter enda bedre.  <\/p>\n<p data-start=\"891\" data-end=\"1184\">Ved \u00e5 prioritere effektivitetsforbedringer, tryggere arbeidsforhold og ansvarlig omsorg for milj\u00f8et, st\u00f8tter Mustad Autoline en blomstrende fremtid for langlinefisket &#8211; og s\u00f8rger for at kommende generasjoner kan dra nytte av moderne, b\u00e6rekraftig og p\u00e5litelig langlineteknologi.<\/p>\n<p>[\/vc_column_text][\/vc_column][\/vc_row][vc_row unlock_row_content=&raquo;yes&raquo; row_height_percent=&raquo;0&#8243; override_padding=&raquo;yes&raquo; h_padding=&raquo;1&#8243; top_padding=&raquo;0&#8243; bottom_padding=&raquo;1&#8243; back_color=&raquo;color-lxmt&raquo; overlay_alpha=&raquo;50&#8243; gutter_size=&raquo;3&#8243; column_width_percent=&raquo;100&#8243; shift_y=&raquo;0&#8243; z_index=&raquo;0&#8243; desktop_visibility=&raquo;yes&raquo; medium_visibility=&raquo;yes&raquo; uncode_shortcode_id=&raquo;164756&#8243; back_color_type=&raquo;uncode-palette&raquo;][vc_column column_width_percent=&raquo;100&#8243; position_vertical=&raquo;middle&raquo; align_horizontal=&raquo;align_right&raquo; gutter_size=&raquo;3&#8243; override_padding=&raquo;yes&raquo; column_padding=&raquo;1&#8243; overlay_alpha=&raquo;50&#8243; shift_x=&raquo;0&#8243; shift_y=&raquo;0&#8243; shift_y_down=&raquo;0&#8243; z_index=&raquo;0&#8243; medium_width=&raquo;0&#8243; mobile_width=&raquo;0&#8243; width=&raquo;1\/1&#8243; uncode_shortcode_id=&raquo;123457&#8243; css=&raquo;.vc_custom_1709632516034{padding-top: 10px !important;padding-right: 30px !important;padding-bottom: 10px !important;padding-left: 30px !important;}&raquo;][vc_wp_custommenu nav_menu=&raquo;10&#8243; nav_menu_horizontal=&raquo;1&#8243; el_class=&raquo;aboutmenu&raquo;][\/vc_column][\/vc_row]<\/p>\n<\/div>","protected":false},"excerpt":{"rendered":"<p>[vc_row row_height_percent=&raquo;0&#8243; overlay_alpha=&raquo;50&#8243; gutter_size=&raquo;1&#8243; column_width_use_pixel=&raquo;yes&raquo; shift_y=&raquo;0&#8243; z_index=&raquo;0&#8243; uncode_shortcode_id=&raquo;488850&#8243; column_width_pixel=&raquo;900&#8243;][vc_column width=&raquo;1\/1&#8243;][vc_gallery el_id=&raquo;gallery-109904&#8243; medias=&raquo;759&#8243; gutter_size=&raquo;3&#8243; screen_lg=&raquo;1800&#8243; screen_md=&raquo;600&#8243; screen_sm=&raquo;480&#8243; single_width=&raquo;12&#8243; single_overlay_opacity=&raquo;50&#8243; single_padding=&raquo;2&#8243; uncode_shortcode_id=&raquo;739512&#8243;][vc_custom_heading [&hellip;]<\/p>\n","protected":false},"author":1,"featured_media":0,"parent":0,"menu_order":0,"comment_status":"closed","ping_status":"closed","template":"","meta":{"_acf_changed":false,"footnotes":""},"class_list":["post-826","page","type-page","status-publish","hentry"],"acf":[],"_links":{"self":[{"href":"https:\/\/mustadautoline.com\/no\/wp-json\/wp\/v2\/pages\/826","targetHints":{"allow":["GET"]}}],"collection":[{"href":"https:\/\/mustadautoline.com\/no\/wp-json\/wp\/v2\/pages"}],"about":[{"href":"https:\/\/mustadautoline.com\/no\/wp-json\/wp\/v2\/types\/page"}],"author":[{"embeddable":true,"href":"https:\/\/mustadautoline.com\/no\/wp-json\/wp\/v2\/users\/1"}],"replies":[{"embeddable":true,"href":"https:\/\/mustadautoline.com\/no\/wp-json\/wp\/v2\/comments?post=826"}],"version-history":[{"count":0,"href":"https:\/\/mustadautoline.com\/no\/wp-json\/wp\/v2\/pages\/826\/revisions"}],"wp:attachment":[{"href":"https:\/\/mustadautoline.com\/no\/wp-json\/wp\/v2\/media?parent=826"}],"curies":[{"name":"wp","href":"https:\/\/api.w.org\/{rel}","templated":true}]}}