{"id":828,"date":"2024-05-14T08:28:26","date_gmt":"2024-05-14T06:28:26","guid":{"rendered":"https:\/\/mustadautoline.com\/misjon-visjon-og-verdier\/"},"modified":"2025-09-15T13:07:59","modified_gmt":"2025-09-15T11:07:59","slug":"misjon-visjon-og-verdier","status":"publish","type":"page","link":"https:\/\/mustadautoline.com\/no\/misjon-visjon-og-verdier\/","title":{"rendered":"Misjon, visjon og verdier"},"content":{"rendered":"<div class=\"wpb-content-wrapper\"><p>[vc_row row_height_percent=&raquo;0&#8243; overlay_alpha=&raquo;50&#8243; gutter_size=&raquo;3&#8243; column_width_use_pixel=&raquo;yes&raquo; shift_y=&raquo;0&#8243; z_index=&raquo;0&#8243; uncode_shortcode_id=&raquo;567332&#8243; column_width_pixel=&raquo;900&#8243;][vc_column width=&raquo;1\/1&#8243;][vc_custom_heading heading_semantic=&raquo;h1&#8243; text_size=&raquo;h1&#8243; uncode_shortcode_id=&raquo;571005&#8243;]Hvem vi er &#8211; misjon, visjon og verdier[\/vc_custom_heading][vc_custom_heading uncode_shortcode_id=&raquo;915589&#8243;]<\/p>\n<h3>Kjerneverdier<\/h3>\n<p>[\/vc_custom_heading][vc_column_text uncode_shortcode_id=&raquo;104230&#8243;]Tillit kan ikke kj\u00f8pes; den kan bare oppn\u00e5s gjennom effektivt teamarbeid og demonstreres gjennom v\u00e5re kunders erfaringer med Mustad Autoline-merket.<\/p>\n<ul>\n<li>Nyskapende: Vi presenterer oss selv som moderne, fremtidsrettet og nyskapende, bygget p\u00e5 erfaring, kunnskap og tradisjon.<\/li>\n<li>Inkluderende: En ubyr\u00e5kratisk og fleksibel organisasjon basert p\u00e5 ansvar og tillit. Vi jobber tett sammen med kundene. <\/li>\n<li>L\u00f8sningsorientert: Tilbyr gode l\u00f8sninger og er tilpasningsdyktig.<\/li>\n<\/ul>\n<p>Mustad Autoline vil fokusere p\u00e5 n\u00e6rhet til markedet, effektiv kommunikasjon, produktoppl\u00e6ring, kundest\u00f8tte og teknisk assistanse. Til sammen skal disse aspektene prege v\u00e5re produkter, tjenester, bedriftskultur og v\u00e5rt samarbeid med kunder, leverand\u00f8rer, andre samarbeidspartnere og lokalsamfunnet.[\/vc_column_text][vc_custom_heading heading_semantic=&raquo;h3&#8243; text_size=&raquo;h3&#8243; uncode_shortcode_id=&raquo;125401&#8243;]<\/p>\n<h3>Forretningside<\/h3>\n<p>[\/vc_custom_heading][vc_custom_heading uncode_shortcode_id=&raquo;166894&#8243;]<\/p>\n<h4>Vi har som m\u00e5l \u00e5 lede an som den mest anerkjente leverand\u00f8ren av automatisert linefisketeknologi. V\u00e5rt oppdrag er \u00e5 kontinuerlig innovere l\u00f8sninger slik at mer fisk kan fanges med krok og line. &#8211; En bedre m\u00e5te \u00e5 fiske p\u00e5!  <\/h4>\n<p>[\/vc_custom_heading][vc_column_text uncode_shortcode_id=&raquo;796598&#8243;]Gjennom innovasjon og dedikasjon til det ypperste har vi som m\u00e5l \u00e5 v\u00e6re bransjeledende n\u00e5r det gjelder \u00e5 levere banebrytende l\u00f8sninger som forbedrer effektiviteten og b\u00e6rekraften i linefiskeoperasjoner. Ved kontinuerlig \u00e5 flytte grenser og overg\u00e5 forventningene har vi som m\u00e5l \u00e5 befeste v\u00e5r posisjon som det mest p\u00e5litelige og respekterte navnet innen automatisert linefisketeknologi.[\/vc_column_text][vc_custom_heading uncode_shortcode_id=&raquo;272443&#8243;]<\/p>\n<h4>Produktene v\u00e5re skal bidra til \u00f8kt avkastning, sikkerhet og b\u00e6rekraft for kundene v\u00e5re<\/h4>\n<p>[\/vc_custom_heading][vc_column_text uncode_shortcode_id=&raquo;207029&#8243;]Produktene v\u00e5re er utviklet for \u00e5 \u00f8ke utbyttet, sikkerheten og b\u00e6rekraften for kundene v\u00e5re. Ved \u00e5 utnytte avansert teknologi og gjennomtenkt ingeni\u00f8rkunst streber vi etter \u00e5 optimalisere fangstratene og samtidig minimere milj\u00f8p\u00e5virkningen. V\u00e5rt fokus p\u00e5 sikkerhet s\u00f8rger for at operat\u00f8rene kan utf\u00f8re oppgavene sine med trygghet og ro i sjelen. Til syvende og sist er l\u00f8sningene v\u00e5re skreddersydd for \u00e5 fremme langsiktig b\u00e6rekraft i fiskerin\u00e6ringen, noe som bidrar til b\u00e5de \u00f8konomisk fremgang og milj\u00f8forvaltning.<\/p>\n<p>[\/vc_column_text][vc_custom_heading uncode_shortcode_id=&raquo;760336&#8243;]<\/p>\n<h4>Mustad Autolines produkter produseres i hovedsak internt p\u00e5 Gj\u00f8vik &#8211; vertikal integrasjon<\/h4>\n<p>[\/vc_custom_heading][vc_column_text uncode_shortcode_id=&raquo;992404&#8243;]Mustad Autolines produksjonsprosess utf\u00f8res internt i v\u00e5re lokaler p\u00e5 Gj\u00f8vik. Vertikal integrasjon gj\u00f8r det mulig for oss \u00e5 opprettholde streng kontroll over alle aspekter av produksjonen, fra design til montering, og sikrer at produktene v\u00e5re oppfyller de h\u00f8yeste standarder for ytelse og p\u00e5litelighet. Ved \u00e5 holde produksjonen internt fremmer vi innovasjon og smidighet, noe som gj\u00f8r oss i stand til \u00e5 reagere raskt p\u00e5 markedets krav og kontinuerlig forbedre tilbudene v\u00e5re. Denne tiln\u00e6rmingen styrker ogs\u00e5 v\u00e5r evne til \u00e5 yte eksepsjonell service og st\u00f8tte til kundene v\u00e5re, noe som styrker v\u00e5rt omd\u00f8mme som en p\u00e5litelig leder innen automatisert langlinefisketeknologi.[\/vc_column_text][\/vc_column][\/vc_row][vc_row][vc_column width=&raquo;1\/1&#8243;][\/vc_column][\/vc_row]<\/p>\n<\/div>","protected":false},"excerpt":{"rendered":"<p>[vc_row row_height_percent=&raquo;0&#8243; overlay_alpha=&raquo;50&#8243; gutter_size=&raquo;3&#8243; column_width_use_pixel=&raquo;yes&raquo; shift_y=&raquo;0&#8243; z_index=&raquo;0&#8243; uncode_shortcode_id=&raquo;567332&#8243; column_width_pixel=&raquo;900&#8243;][vc_column width=&raquo;1\/1&#8243;][vc_custom_heading heading_semantic=&raquo;h1&#8243; text_size=&raquo;h1&#8243; uncode_shortcode_id=&raquo;571005&#8243;]Hvem vi er &#8211; misjon, visjon og verdier[\/vc_custom_heading][vc_custom_heading [&hellip;]<\/p>\n","protected":false},"author":2,"featured_media":0,"parent":0,"menu_order":0,"comment_status":"closed","ping_status":"closed","template":"","meta":{"_acf_changed":false,"footnotes":""},"class_list":["post-828","page","type-page","status-publish","hentry"],"acf":[],"_links":{"self":[{"href":"https:\/\/mustadautoline.com\/no\/wp-json\/wp\/v2\/pages\/828","targetHints":{"allow":["GET"]}}],"collection":[{"href":"https:\/\/mustadautoline.com\/no\/wp-json\/wp\/v2\/pages"}],"about":[{"href":"https:\/\/mustadautoline.com\/no\/wp-json\/wp\/v2\/types\/page"}],"author":[{"embeddable":true,"href":"https:\/\/mustadautoline.com\/no\/wp-json\/wp\/v2\/users\/2"}],"replies":[{"embeddable":true,"href":"https:\/\/mustadautoline.com\/no\/wp-json\/wp\/v2\/comments?post=828"}],"version-history":[{"count":0,"href":"https:\/\/mustadautoline.com\/no\/wp-json\/wp\/v2\/pages\/828\/revisions"}],"wp:attachment":[{"href":"https:\/\/mustadautoline.com\/no\/wp-json\/wp\/v2\/media?parent=828"}],"curies":[{"name":"wp","href":"https:\/\/api.w.org\/{rel}","templated":true}]}}