{"id":830,"date":"2024-03-29T09:19:56","date_gmt":"2024-03-29T08:19:56","guid":{"rendered":"https:\/\/mustadautoline.com\/lov-om-apenhet\/"},"modified":"2025-05-19T15:15:43","modified_gmt":"2025-05-19T13:15:43","slug":"lov-om-apenhet","status":"publish","type":"page","link":"https:\/\/mustadautoline.com\/no\/lov-om-apenhet\/","title":{"rendered":"Lov om \u00e5penhet"},"content":{"rendered":"<div class=\"wpb-content-wrapper\"><p>[vc_row row_height_percent=&raquo;0&#8243; overlay_alpha=&raquo;50&#8243; gutter_size=&raquo;3&#8243; column_width_use_pixel=&raquo;yes&raquo; shift_y=&raquo;0&#8243; z_index=&raquo;0&#8243; uncode_shortcode_id=&raquo;567332&#8243; column_width_pixel=&raquo;900&#8243;][vc_column width=&raquo;1\/1&#8243;][vc_custom_heading heading_semantic=&raquo;h1&#8243; text_size=&raquo;h1&#8243; uncode_shortcode_id=&raquo;738205&#8243;]Lov om \u00e5penhet[\/vc_custom_heading][vc_custom_heading heading_semantic=&raquo;h3&#8243; text_size=&raquo;h3&#8243; uncode_shortcode_id=&raquo;628516&#8243;]Alle norske selskaper forventes \u00e5 kartlegge, forebygge, begrense og kommunisere hvordan de h\u00e5ndterer risiko knyttet til menneskerettigheter og anstendige arbeidsforhold gjennom aktsomhetsvurderinger. [\/vc_custom_heading][vc_column_text uncode_shortcode_id=&raquo;150719&#8243;]<\/p>\n<h3 class=\"\" data-start=\"195\" data-end=\"234\"><strong data-start=\"199\" data-end=\"234\">Erkl\u00e6ring om lov om \u00e5penhet 2025<\/strong><\/h3>\n<p class=\"\" data-start=\"236\" data-end=\"380\">Mustad Autoline AS har forpliktet seg til \u00e5 drive sin virksomhet med integritet, respektere menneskerettighetene og bidra til en b\u00e6rekraftig utvikling.<\/p>\n<p class=\"\" data-start=\"382\" data-end=\"852\">\u00c5penhetsloven tr\u00e5dte i kraft <strong data-start=\"439\" data-end=\"455\">1. juli 2022.<\/strong> Form\u00e5let er \u00e5 fremme selskapers respekt for grunnleggende menneskerettigheter og anstendige arbeidsforhold, og \u00e5 sikre allmennheten tilgang til informasjon om hvordan selskaper arbeider med disse sp\u00f8rsm\u00e5lene. Mustad Autoline er underlagt denne lovgivningen, jf. \u00e5penhetsloven \u00a7\u00a7 2 og 3. I henhold til \u00e5penhetslovens \u00a7 5 offentliggj\u00f8r Mustad Autoline med dette sin oppdaterte redegj\u00f8relse om aktsomhetsvurderinger.    <\/p>\n<p class=\"\" data-start=\"854\" data-end=\"1058\">Denne erkl\u00e6ringen er basert p\u00e5 det siste regnskaps\u00e5ret, som dekker perioden fra <strong data-start=\"933\" data-end=\"967\">1. januar til 31. desember 2024<\/strong>. Den vil bli oppdatert ved vesentlige endringer i selskapets risikovurderinger. <\/p>\n<hr class=\"\" data-start=\"1060\" data-end=\"1063\">\n<h2 class=\"\" data-start=\"1065\" data-end=\"1137\"><strong data-start=\"1068\" data-end=\"1137\">BESKRIVELSE AV VIRKSOMHETEN OG OPPF\u00d8LGING AV \u00c5PENHETSLOVEN<\/strong><\/h2>\n<h3 class=\"\" data-start=\"1139\" data-end=\"1186\"><strong data-start=\"1143\" data-end=\"1186\">2.1 Generell beskrivelse av virksomheten<\/strong><\/h3>\n<p class=\"\" data-start=\"1188\" data-end=\"1744\">Mustad Autoline er en familiebedrift i syvende generasjon med r\u00f8tter tilbake til 1832. Selskapet utvikler og produserer automatisert dekksutstyr for langlinefiske, som er internasjonalt anerkjent for sin kvalitet og holdbarhet. Sentralt i dette arbeidet st\u00e5r strenge kvalitetskontrolltiltak og en sv\u00e6rt dyktig arbeidsstyrke. Autoline-systemet omfatter en agnemaskin, linehaler, krokseparator og oppbevaringsmagasiner for fiskeredskaper. Produktene utvikles og produseres i hovedsak internt ved Mustad Autolines anlegg p\u00e5 <strong data-start=\"1725\" data-end=\"1743\">Gj\u00f8vik i Norge<\/strong>.    <\/p>\n<p class=\"\" data-start=\"1746\" data-end=\"1918\">Mustad Autoline er et norskregistrert selskap med filialer i <strong data-start=\"1889\" data-end=\"1917\">USA, Canada og Island.<\/strong><\/p>\n<h3 class=\"\" data-start=\"1920\" data-end=\"1977\"><strong data-start=\"1924\" data-end=\"1977\">2.2 Forankring av menneskerettigheter og arbeidsforhold<\/strong><\/h3>\n<p class=\"\" data-start=\"1979\" data-end=\"2167\">Selskapets arbeid med aktsomhetsvurderinger i henhold til \u00e5penhetsloven er godt forankret i interne styringsstrukturer, inkludert styrets beslutning om \u00e5 operere i full overensstemmelse med loven.<\/p>\n<p class=\"\" data-start=\"2169\" data-end=\"2524\">Ansvarlig innkj\u00f8p er en integrert del av v\u00e5r konsernstrategi. Alle forretningspartnere m\u00e5 undertegne Mustad Autolines <strong data-start=\"2294\" data-end=\"2313\">etiske retningslinjer<\/strong>, og vi gjennomf\u00f8rer regelmessige <strong data-start=\"2338\" data-end=\"2358\">risikovurderinger<\/strong> og <strong data-start=\"2363\" data-end=\"2373\">revisjoner<\/strong> av v\u00e5re kunder og leverand\u00f8rer. Leverand\u00f8rbasen v\u00e5r best\u00e5r hovedsakelig av partnere fra <strong>Europa<\/strong>, <strong>Asia<\/strong> og<strong> USA<\/strong>.  <\/p>\n<p class=\"\" data-start=\"2526\" data-end=\"3097\">Mustad Autoline har utviklet <strong data-start=\"2556\" data-end=\"2600\">retningslinjer for aktsomhetsvurderinger<\/strong> av leverand\u00f8rkjeden, som beskriver prosedyrer for \u00e5 identifisere og redusere faktiske og potensielle negative konsekvenser for menneskerettigheter og anstendige arbeidsforhold. Leverand\u00f8rene m\u00e5 forplikte seg til \u00e5 f\u00f8lge disse standardene og sikre at underleverand\u00f8rene deres gj\u00f8r det samme. De m\u00e5 ogs\u00e5 rapportere om eventuelle identifiserte risikoer, og det forventes at de iverksetter korrigerende tiltak der det er aktuelt. Mustad Autoline foretrekker en samarbeidsorientert og forbedringsorientert tiln\u00e6rming, men forbeholder seg retten til \u00e5 si opp kontrakter i tilfeller av manglende overholdelse.   <\/p>\n<p class=\"\" data-start=\"3099\" data-end=\"3370\">Internt har vi systemer for <strong data-start=\"3131\" data-end=\"3172\">helse, milj\u00f8 og sikkerhet (HMS)<\/strong> og ansettelsespraksis. <strong data-start=\"3203\" data-end=\"3227\">Supply Chain Manager<\/strong> har det overordnede ansvaret for oppf\u00f8lgingen i henhold til \u00e5penhetsloven. For mer informasjon, vennligst kontakt oss p\u00e5 <strong data-start=\"3343\" data-end=\"3370\"><a class=\"cursor-pointer\" rel=\"noopener\" data-start=\"3345\" data-end=\"3368\">mail@mustadautoline.com<\/a><\/strong>  <\/p>\n<hr class=\"\" data-start=\"3372\" data-end=\"3375\">\n<h2 class=\"\" data-start=\"3377\" data-end=\"3421\"><strong data-start=\"3380\" data-end=\"3421\">3. GJENNOMF\u00d8RT DUE DILIGENCE-VURDERING<\/strong><\/h2>\n<h3 class=\"\" data-start=\"3423\" data-end=\"3446\"><strong data-start=\"3427\" data-end=\"3446\">3.1 Metodikk<\/strong><\/h3>\n<p class=\"\" data-start=\"3448\" data-end=\"3681\">Mustad Autoline utviklet interne prosedyrer for aktsomhetsvurderinger i 2022, basert p\u00e5 OECDs retningslinjer for multinasjonale selskaper. Disse prosedyrene videreutvikles kontinuerlig og integreres i kvalitetssikringssystemene v\u00e5re. <\/p>\n<p class=\"\" data-start=\"3683\" data-end=\"4053\">Leverand\u00f8rene er underlagt et trinnvis vurderingssystem basert p\u00e5 faktorer som innkj\u00f8psvolum, opprinnelsesland, bransjerisikoniv\u00e5 og relevans i henhold til \u00e5penhetsloven. Informasjon innhentes gjennom <strong data-start=\"3891\" data-end=\"3925\">sp\u00f8rreskjemaer for egenvurdering<\/strong> av HMS-praksis, arbeidsforhold og overholdelse av lover og regler. Disse suppleres med interne og eksterne datakilder.  <\/p>\n<h3 class=\"\" data-start=\"4055\" data-end=\"4075\"><strong data-start=\"4059\" data-end=\"4075\">3.2 Resultater<\/strong><\/h3>\n<p class=\"\" data-start=\"4077\" data-end=\"4249\">I vurderingssyklusen for 2024 ble det ikke identifisert <strong data-start=\"4107\" data-end=\"4136\">noen faktiske negative konsekvenser<\/strong> i Mustad Autolines egen virksomhet, som fortsatt er helt i samsvar med norsk arbeidslovgivning.<\/p>\n<p class=\"\" data-start=\"4251\" data-end=\"4556\">Det ble ikke identifisert noen spesifikke tilfeller av brudd p\u00e5 menneskerettighetene eller uakseptable arbeidsforhold blant leverand\u00f8rene. Noen leverand\u00f8rer ble imidlertid markert som <strong data-start=\"4408\" data-end=\"4423\">mer risikoutsatte<\/strong> p\u00e5 grunn av geografisk beliggenhet eller bransje. Disse leverand\u00f8rene vil bli prioritert for en grundigere evaluering og dialog i l\u00f8pet av 2025.  <\/p>\n<hr class=\"\" data-start=\"4558\" data-end=\"4561\">\n<h2 class=\"\" data-start=\"4563\" data-end=\"4603\"><strong data-start=\"4566\" data-end=\"4603\">4. GJENNOMF\u00d8RTE OG PLANLAGTE TILTAK<\/strong><\/h2>\n<p class=\"\" data-start=\"4605\" data-end=\"4841\">Mustad Autoline har utviklet interne protokoller for \u00e5 reagere p\u00e5 identifiserte risikoer eller brudd i leverand\u00f8rkjeden. Selv om det ikke er funnet noen brudd som krever umiddelbare tiltak, er vi forpliktet til proaktiv og kontinuerlig forbedring. <\/p>\n<p class=\"\" data-start=\"4843\" data-end=\"4894\">Vi \u00f8ker \u00e5penheten i leverand\u00f8rkjeden gjennom:<\/p>\n<ul data-start=\"4895\" data-end=\"5143\">\n<li class=\"\" data-start=\"4895\" data-end=\"4955\">\n<p class=\"\" data-start=\"4897\" data-end=\"4955\">L\u00f8pende <strong data-start=\"4905\" data-end=\"4955\">implementering av v\u00e5re etiske retningslinjer for leverand\u00f8rer<\/strong><\/p>\n<\/li>\n<li class=\"\" data-start=\"4956\" data-end=\"5019\">\n<p class=\"\" data-start=\"4958\" data-end=\"5019\">Bruk av et detaljert <strong data-start=\"4976\" data-end=\"5002\">leverand\u00f8rsp\u00f8rreskjema<\/strong> for risikokartlegging<\/p>\n<\/li>\n<li class=\"\" data-start=\"5020\" data-end=\"5069\">\n<p class=\"\" data-start=\"5022\" data-end=\"5069\">\u00d8kt samarbeid med leverand\u00f8rer med h\u00f8yere risiko<\/p>\n<\/li>\n<li class=\"\" data-start=\"5070\" data-end=\"5143\">\n<p class=\"\" data-start=\"5072\" data-end=\"5143\">Overv\u00e5king av andre selskapers offentliggj\u00f8ring av opplysninger i henhold til Transparency Act der det er relevant<\/p>\n<\/li>\n<\/ul>\n<p class=\"\" data-start=\"5145\" data-end=\"5375\">Ytterligere tiltak vil bli vurdert etter hvert som ny informasjon blir tilgjengelig. Mustad Autoline er fortsatt opptatt av \u00e5 gjennomf\u00f8re ansvarlige aktsomhetsvurderinger og styrke v\u00e5r praksis i tr\u00e5d med juridiske forpliktelser og etiske standarder. <\/p>\n<p>[\/vc_column_text][\/vc_column][\/vc_row]<\/p>\n<\/div>","protected":false},"excerpt":{"rendered":"<p>[vc_row row_height_percent=&raquo;0&#8243; overlay_alpha=&raquo;50&#8243; gutter_size=&raquo;3&#8243; column_width_use_pixel=&raquo;yes&raquo; shift_y=&raquo;0&#8243; z_index=&raquo;0&#8243; uncode_shortcode_id=&raquo;567332&#8243; column_width_pixel=&raquo;900&#8243;][vc_column width=&raquo;1\/1&#8243;][vc_custom_heading heading_semantic=&raquo;h1&#8243; text_size=&raquo;h1&#8243; uncode_shortcode_id=&raquo;738205&#8243;]Lov om \u00e5penhet[\/vc_custom_heading][vc_custom_heading heading_semantic=&raquo;h3&#8243; text_size=&raquo;h3&#8243; uncode_shortcode_id=&raquo;628516&#8243;]Alle norske selskaper [&hellip;]<\/p>\n","protected":false},"author":1,"featured_media":0,"parent":0,"menu_order":0,"comment_status":"closed","ping_status":"closed","template":"","meta":{"_acf_changed":false,"footnotes":""},"class_list":["post-830","page","type-page","status-publish","hentry"],"acf":[],"_links":{"self":[{"href":"https:\/\/mustadautoline.com\/no\/wp-json\/wp\/v2\/pages\/830","targetHints":{"allow":["GET"]}}],"collection":[{"href":"https:\/\/mustadautoline.com\/no\/wp-json\/wp\/v2\/pages"}],"about":[{"href":"https:\/\/mustadautoline.com\/no\/wp-json\/wp\/v2\/types\/page"}],"author":[{"embeddable":true,"href":"https:\/\/mustadautoline.com\/no\/wp-json\/wp\/v2\/users\/1"}],"replies":[{"embeddable":true,"href":"https:\/\/mustadautoline.com\/no\/wp-json\/wp\/v2\/comments?post=830"}],"version-history":[{"count":0,"href":"https:\/\/mustadautoline.com\/no\/wp-json\/wp\/v2\/pages\/830\/revisions"}],"wp:attachment":[{"href":"https:\/\/mustadautoline.com\/no\/wp-json\/wp\/v2\/media?parent=830"}],"curies":[{"name":"wp","href":"https:\/\/api.w.org\/{rel}","templated":true}]}}