{"id":833,"date":"2024-05-13T15:53:14","date_gmt":"2024-05-13T13:53:14","guid":{"rendered":"https:\/\/mustadautoline.com\/retningslinjer-for-personvern\/"},"modified":"2024-11-07T09:31:47","modified_gmt":"2024-11-07T08:31:47","slug":"retningslinjer-for-personvern","status":"publish","type":"page","link":"https:\/\/mustadautoline.com\/no\/retningslinjer-for-personvern\/","title":{"rendered":"Retningslinjer for personvern"},"content":{"rendered":"<div class=\"wpb-content-wrapper\"><p>[vc_row unlock_row_content=&raquo;yes&raquo; row_height_percent=&raquo;0&#8243; override_padding=&raquo;yes&raquo; h_padding=&raquo;0&#8243; top_padding=&raquo;0&#8243; bottom_padding=&raquo;1&#8243; back_image=&raquo;111&#8243; overlay_alpha=&raquo;50&#8243; gutter_size=&raquo;3&#8243; column_width_percent=&raquo;100&#8243; shift_y=&raquo;0&#8243; z_index=&raquo;0&#8243; uncode_shortcode_id=&raquo;353619&#8243; row_height_pixel=&raquo;400&#8243;][vc_column width=&raquo;1\/1&#8243;][\/vc_column][\/vc_row][vc_row row_height_percent=&raquo;0&#8243; overlay_alpha=&raquo;50&#8243; gutter_size=&raquo;3&#8243; column_width_use_pixel=&raquo;yes&raquo; shift_y=&raquo;0&#8243; z_index=&raquo;0&#8243; uncode_shortcode_id=&raquo;968451&#8243; column_width_pixel=&raquo;900&#8243;][vc_column width=&raquo;1\/1&#8243;][vc_custom_heading heading_semantic=&raquo;h1&#8243; text_font=&raquo;font-125558&#8243; text_size=&raquo;h1&#8243; text_weight=&raquo;400&#8243; uncode_shortcode_id=&raquo;472614&#8243;]Retningslinjer for personvern[\/vc_custom_heading][vc_custom_heading uncode_shortcode_id=&raquo;307018&#8243;]<\/p>\n<h3>Mustad Autolines forpliktelse til personvern<\/h3>\n<p>[\/vc_custom_heading][vc_column_text uncode_shortcode_id=&raquo;165991&#8243;]<strong>Mustad Autolines forpliktelse til \u00e5 beskytte personvernet<\/strong><\/p>\n<p>Dette nettstedet leveres av Mustad Autoline AS (norsk organisasjonsnummer 986 593 268), PB41, 2801 Gj\u00f8vik, Norge. Beskyttelse av dine personopplysninger og sikring av deres sikkerhet er en topp prioritet for Mustad Autoline. Vi er forpliktet til \u00e5 overholde alle gjeldende lover, inkludert EUs personvernforordning (GDPR), for \u00e5 ivareta personvernet ditt og beskytte dataene dine.<\/p>\n<p><strong>Behandlingsansvarlig<\/strong><\/p>\n<p>Mustad Autoline AS er behandlingsansvarlig for behandlingen av personopplysninger p\u00e5 dette nettstedet (Nettstedet). Vi respekterer personvernet ditt og vil behandle alle personopplysninger i samsvar med GDPR. Denne personvernerkl\u00e6ringen beskriver hvilke typer data vi samler inn, hvorfor vi samler dem inn, hvordan vi bruker dem, og dine rettigheter n\u00e5r det gjelder tilgang, korrigering og bruk av dine personopplysninger. <\/p>\n<h3>Innsamling og behandling av personopplysninger<\/h3>\n<p>N\u00e5r du bes\u00f8ker nettstedet v\u00e5rt, lagres og behandles generell, ikke-identifiserbar informasjon av Mustad Autoline. Vi kan ogs\u00e5 samle inn aggregerte eller anonymiserte data fra brukeraktivitet for \u00e5 forbedre funksjonene og funksjonaliteten p\u00e5 nettstedet v\u00e5rt. Vi samler ikke inn personopplysninger som navn, adresse, telefonnummer eller e-postadresse med mindre du frivillig oppgir dem (f.eks. ved \u00e5 fylle ut kontaktskjemaer eller gi kommentarer). Eventuelle personopplysninger som du frivillig oppgir, behandles av Mustad Autoline eller dets tilknyttede selskaper, avhengig av hvilken del av nettstedet du bes\u00f8ker.  <\/p>\n<h3>Form\u00e5l med bruken<\/h3>\n<p>N\u00e5r du frivillig oppgir personopplysninger, brukes de vanligvis til f\u00f8lgende form\u00e5l:<\/p>\n<ul>\n<li>For \u00e5 svare p\u00e5 henvendelsene dine.<\/li>\n<li>For \u00e5 behandle bestillingene dine eller gi tilgang til spesifikk informasjon eller tilbud.<\/li>\n<li>For \u00e5 forbedre kundeforholdet v\u00e5rt ved \u00e5 forst\u00e5 dine forretningsbehov og forbedre produktene og tjenestene v\u00e5re.<\/li>\n<\/ul>\n<p>Vi kan dele personopplysningene dine innenfor Mustad Autoline-enheter for \u00e5 st\u00f8tte dine forretningsbehov, eller vi kan kontakte deg ang\u00e5ende et Mustad Autoline-tilbud. Vi selger eller deler ikke personopplysningene dine med tredjeparter for deres egne markedsf\u00f8ringsform\u00e5l, og vi oppbevarer bare personopplysningene dine s\u00e5 lenge det er n\u00f8dvendig for \u00e5 oppfylle form\u00e5let de ble samlet inn for. <\/p>\n<h3>Form\u00e5l Begrensning<\/h3>\n<p>Mustad Autoline vil kun samle inn, bruke eller utlevere personopplysninger til de form\u00e5lene du har blitt informert om, unntatt n\u00e5r f\u00f8lgende gjelder:<\/p>\n<ul>\n<li>Opplysningene brukes til et direkte relatert tilleggsform\u00e5l.<\/li>\n<li>Det er n\u00f8dvendig for \u00e5 forberede, forhandle eller oppfylle en kontrakt med deg.<\/li>\n<li>P\u00e5krevd ved lov eller av en kompetent statlig eller rettslig myndighet.<\/li>\n<li>N\u00f8dvendig for \u00e5 etablere eller opprettholde et juridisk krav eller forsvar.<\/li>\n<li>N\u00f8dvendig for \u00e5 forhindre svindel eller ulovlige aktiviteter (f.eks. dataangrep).<\/li>\n<\/ul>\n<h3>Ikke-personlige data som samles inn automatisk<\/h3>\n<p>Vi kan automatisk samle inn ikke-personlige data (f.eks. nettlesertype, operativsystem, domenenavn, antall bes\u00f8k, gjennomsnittlig tid brukt p\u00e5 nettstedet og viste sider). Disse dataene brukes til \u00e5 forbedre ytelsen og innholdet p\u00e5 nettstedet og mobilapplikasjonene v\u00e5re. Vi kan dele slik informasjon med v\u00e5re globale datterselskaper.  <\/p>\n<h3>Google Analytics<\/h3>\n<p>Vi bruker Google Analytics til \u00e5 analysere trafikken p\u00e5 nettstedet og forst\u00e5 hvordan bes\u00f8kende bruker nettstedet v\u00e5rt. Dette hjelper oss med \u00e5 forbedre brukeropplevelsen og nettstedets funksjonalitet. <\/p>\n<h3>Informasjonskapsler &#8211; informasjon som lagres automatisk p\u00e5 datamaskinen din<\/h3>\n<p>Informasjonskapsler er sm\u00e5 filer som lagres p\u00e5 datamaskinen eller mobilenheten din, og som hjelper nettsteder med \u00e5 huske preferansene dine (f.eks. innloggingsdetaljer, spr\u00e5kinnstillinger). Du kan konfigurere nettleseren din til \u00e5 blokkere informasjonskapsler, slette dem eller motta et varsel f\u00f8r en informasjonskapsel lagres. Deaktivering av informasjonskapsler kan p\u00e5virke opplevelsen din p\u00e5 nettstedet v\u00e5rt.  <\/p>\n<h3>Deling av personopplysninger<\/h3>\n<p>N\u00e5r du kontakter oss via skjemaer p\u00e5 nettstedet v\u00e5rt, kan vi dele personopplysningene dine med andre Mustad Autoline-enheter for \u00e5 svare p\u00e5 henvendelsen din. Vi kan ogs\u00e5 dele aggregerte eller anonymiserte data med andre for \u00e5 fremheve trender eller m\u00f8nstre, men personopplysningene dine vil ikke bli solgt eller delt med ikke-tilknyttede tredjeparter for deres markedsf\u00f8ringsform\u00e5l. <\/p>\n<h3>Lenker til andre nettsteder<\/h3>\n<p>Nettstedet og mobilapplikasjonene v\u00e5re kan inneholde lenker til andre nettsteder. Mustad Autoline er ikke ansvarlig for personvernpraksis eller innhold p\u00e5 eksterne nettsteder. <\/p>\n<h3>Informasjonssikkerhet<\/h3>\n<p>Vi iverksetter tekniske og organisatoriske sikkerhetstiltak for \u00e5 beskytte personopplysningene dine mot uautorisert tilgang, tap eller misbruk.<\/p>\n<h3>Dine rettigheter<\/h3>\n<p>Du har rett til \u00e5 be om informasjon om personopplysningene vi behandler om deg. Du kan ogs\u00e5 be om at uriktige opplysninger rettes, at un\u00f8dvendige opplysninger slettes, eller at overdrevne opplysninger blokkeres. I tillegg kan du sende inn klager til det nasjonale datatilsynet.  <\/p>\n<h3>Sp\u00f8rsm\u00e5l og kommentarer<\/h3>\n<p>Hvis du har sp\u00f8rsm\u00e5l eller tilbakemeldinger om Mustad Autolines retningslinjer for personvern, kan du kontakte oss via &laquo;Kontakt salgs- og serviceavdelingen&raquo; p\u00e5 nettstedet v\u00e5rt. Etter hvert som Internett utvikler seg, vil ogs\u00e5 v\u00e5r personvernerkl\u00e6ring utvikle seg, og vi vil legge ut eventuelle endringer p\u00e5 denne siden. <strong>Ikrafttredelsesdato:<\/strong> Januar 2025 <\/p>\n<p>[\/vc_column_text][\/vc_column][\/vc_row]<\/p>\n<\/div>","protected":false},"excerpt":{"rendered":"<p>[vc_row unlock_row_content=&raquo;yes&raquo; row_height_percent=&raquo;0&#8243; override_padding=&raquo;yes&raquo; h_padding=&raquo;0&#8243; top_padding=&raquo;0&#8243; bottom_padding=&raquo;1&#8243; back_image=&raquo;111&#8243; overlay_alpha=&raquo;50&#8243; gutter_size=&raquo;3&#8243; column_width_percent=&raquo;100&#8243; shift_y=&raquo;0&#8243; z_index=&raquo;0&#8243; uncode_shortcode_id=&raquo;353619&#8243; row_height_pixel=&raquo;400&#8243;][vc_column width=&raquo;1\/1&#8243;][\/vc_column][\/vc_row][vc_row row_height_percent=&raquo;0&#8243; overlay_alpha=&raquo;50&#8243; gutter_size=&raquo;3&#8243; column_width_use_pixel=&raquo;yes&raquo; [&hellip;]<\/p>\n","protected":false},"author":2,"featured_media":0,"parent":0,"menu_order":0,"comment_status":"closed","ping_status":"closed","template":"","meta":{"_acf_changed":false,"footnotes":""},"class_list":["post-833","page","type-page","status-publish","hentry"],"acf":[],"_links":{"self":[{"href":"https:\/\/mustadautoline.com\/no\/wp-json\/wp\/v2\/pages\/833","targetHints":{"allow":["GET"]}}],"collection":[{"href":"https:\/\/mustadautoline.com\/no\/wp-json\/wp\/v2\/pages"}],"about":[{"href":"https:\/\/mustadautoline.com\/no\/wp-json\/wp\/v2\/types\/page"}],"author":[{"embeddable":true,"href":"https:\/\/mustadautoline.com\/no\/wp-json\/wp\/v2\/users\/2"}],"replies":[{"embeddable":true,"href":"https:\/\/mustadautoline.com\/no\/wp-json\/wp\/v2\/comments?post=833"}],"version-history":[{"count":0,"href":"https:\/\/mustadautoline.com\/no\/wp-json\/wp\/v2\/pages\/833\/revisions"}],"wp:attachment":[{"href":"https:\/\/mustadautoline.com\/no\/wp-json\/wp\/v2\/media?parent=833"}],"curies":[{"name":"wp","href":"https:\/\/api.w.org\/{rel}","templated":true}]}}